{"id":3581,"date":"2025-10-09T00:00:00","date_gmt":"2025-10-08T22:00:00","guid":{"rendered":"https:\/\/yotavis.ch\/product\/sdg2122x\/"},"modified":"2026-04-24T13:27:26","modified_gmt":"2026-04-24T11:27:26","slug":"sdg2122x","status":"publish","type":"product","link":"https:\/\/yotavis.ch\/fr\/produit\/sdg2122x\/","title":{"rendered":"SDG2122X"},"content":{"rendered":"<p>Le Siglent SDG2122X dispose d'une fr\u00e9quence maximale de 120 MHz et offre 2 canaux de sortie de forme d'onde. Il supporte un taux d'\u00e9chantillonnage de 300 MS\/s et une profondeur de m\u00e9moire de 8 Mpts, ce qui permet de g\u00e9n\u00e9rer et d'analyser des formes d'onde d\u00e9taill\u00e9es. L'appareil int\u00e8gre la technologie EasyPulse et peut produire des formes d'onde avec des longueurs allant de 8 points \u00e0 8 millions de points. Il prend en charge les fonctions de balayage et de rafale, ce qui accro\u00eet sa polyvalence en mati\u00e8re de g\u00e9n\u00e9ration de signaux. Le temps de transition minimal est de 8,4 ns et la largeur d'impulsion minimale est de 16,3 ns, ce qui permet un contr\u00f4le pr\u00e9cis de la synchronisation du signal. L'amplitude peut atteindre 10 V, ce qui offre une large gamme de niveaux de sortie pour diverses applications. Ce mod\u00e8le est con\u00e7u pour fournir une sortie de forme d'onde arbitraire avec une haute r\u00e9solution et une grande flexibilit\u00e9.<\/p>","protected":false},"excerpt":{"rendered":"<p>120MHz ; 2 canaux ; 1,2GSa\/s ; longueur d'onde : fonction 8pts-8Mpts\/sortie de forme d'onde arbitraire ; technologie EasyPulse<\/p>","protected":false},"featured_media":4921,"comment_status":"closed","ping_status":"closed","template":"","meta":{"_acf_changed":false,"slim_seo":{"title":"SDG2122X - YOTAVIS AG","description":"120MHz ; 2 canaux ; 1,2GSa\/s ; longueur d'onde : fonction 8pts-8Mpts\/sortie de forme d'onde arbitraire ; technologie EasyPulse"}},"product_brand":[506],"product_cat":[1189,541,513],"product_tag":[],"class_list":{"0":"post-3581","1":"product","2":"type-product","3":"status-publish","4":"has-post-thumbnail","6":"product_brand-siglent","7":"product_cat-afg","8":"product_cat-awg","9":"product_cat-generator","10":"pa_amplitude-v-106","11":"pa_burst-yes","12":"pa_channels-350","13":"pa_frequency-mhz-120","14":"pa_memory-mpts-128","15":"pa_pulse-width-min-ns-16-3","16":"pa_sampling-rate-ms-s-127","17":"pa_sweep-yes","18":"pa_transition-time-min-ns-8-4","19":"pa_vertical-resolution-bits-125","21":"first","22":"instock","23":"taxable","24":"shipping-taxable","25":"purchasable","26":"product-type-simple"},"acf":[],"_links":{"self":[{"href":"https:\/\/yotavis.ch\/fr\/wp-json\/wp\/v2\/product\/3581","targetHints":{"allow":["GET"]}}],"collection":[{"href":"https:\/\/yotavis.ch\/fr\/wp-json\/wp\/v2\/product"}],"about":[{"href":"https:\/\/yotavis.ch\/fr\/wp-json\/wp\/v2\/types\/product"}],"replies":[{"embeddable":true,"href":"https:\/\/yotavis.ch\/fr\/wp-json\/wp\/v2\/comments?post=3581"}],"wp:featuredmedia":[{"embeddable":true,"href":"https:\/\/yotavis.ch\/fr\/wp-json\/wp\/v2\/media\/4921"}],"wp:attachment":[{"href":"https:\/\/yotavis.ch\/fr\/wp-json\/wp\/v2\/media?parent=3581"}],"wp:term":[{"taxonomy":"product_brand","embeddable":true,"href":"https:\/\/yotavis.ch\/fr\/wp-json\/wp\/v2\/product_brand?post=3581"},{"taxonomy":"product_cat","embeddable":true,"href":"https:\/\/yotavis.ch\/fr\/wp-json\/wp\/v2\/product_cat?post=3581"},{"taxonomy":"product_tag","embeddable":true,"href":"https:\/\/yotavis.ch\/fr\/wp-json\/wp\/v2\/product_tag?post=3581"}],"curies":[{"name":"wp","href":"https:\/\/api.w.org\/{rel}","templated":true}]}}