{"id":3582,"date":"2025-10-09T00:00:00","date_gmt":"2025-10-08T22:00:00","guid":{"rendered":"https:\/\/yotavis.ch\/product\/sdg6022x\/"},"modified":"2026-04-24T13:27:29","modified_gmt":"2026-04-24T11:27:29","slug":"sdg6022x","status":"publish","type":"product","link":"https:\/\/yotavis.ch\/fr\/produit\/sdg6022x\/","title":{"rendered":"SDG6022X"},"content":{"rendered":"<p>Le SDG6022X de Siglent est dot\u00e9 d'une fr\u00e9quence maximale de 200 MHz et offre deux canaux de sortie de signal. Il supporte un taux d'\u00e9chantillonnage de 2,4 GSa\/s et offre une r\u00e9solution verticale de 16 bits. L'appareil offre des capacit\u00e9s de sortie de fonction et de forme d'onde arbitraire, avec une longueur de forme d'onde arbitraire allant de 2 \u00e0 20 millions de points. Il int\u00e8gre les technologies EasyPulse et TrueArb pour am\u00e9liorer la g\u00e9n\u00e9ration de formes d'onde. La profondeur de m\u00e9moire est de 20 millions de points et le taux d'\u00e9chantillonnage est sp\u00e9cifi\u00e9 \u00e0 300 MS\/s. Les autres caract\u00e9ristiques comprennent les modes balayage et rafale, un temps de transition minimum de 2 nanosecondes et une largeur d'impulsion minimum de 3,4 nanosecondes. L'amplitude peut atteindre 10 volts.<\/p>","protected":false},"excerpt":{"rendered":"<p>200 MHz ; 2 canaux ; 2,4 GSa\/s;16 bits ; longueur de la forme d'onde arbitraire : 2~20 Mpts ; fonction\/sortie de forme d'onde arbitraire ; technologie EasyPulse et TrueArb ;<\/p>","protected":false},"featured_media":4927,"comment_status":"closed","ping_status":"closed","template":"","meta":{"_acf_changed":false,"slim_seo":{"title":"SDG6022X - YOTAVIS AG","description":"200 MHz ; 2 canaux ; 2,4 GSa\/s;16 bits ; longueur de la forme d'onde arbitraire : 2~20 Mpts ; fonction\/sortie de forme d'onde arbitraire ; technologie EasyPulse et TrueArb ;"}},"product_brand":[506],"product_cat":[1189,541,513],"product_tag":[],"class_list":{"0":"post-3582","1":"product","2":"type-product","3":"status-publish","4":"has-post-thumbnail","6":"product_brand-siglent","7":"product_cat-afg","8":"product_cat-awg","9":"product_cat-generator","10":"pa_amplitude-v-106","11":"pa_burst-yes","12":"pa_channels-350","13":"pa_frequency-mhz-132","14":"pa_memory-mpts-133","15":"pa_pulse-width-min-ns-3-4","16":"pa_sampling-rate-ms-s-127","17":"pa_sweep-yes","18":"pa_transition-time-min-ns-134","19":"pa_vertical-resolution-bits-125","21":"first","22":"instock","23":"taxable","24":"shipping-taxable","25":"purchasable","26":"product-type-simple"},"acf":[],"_links":{"self":[{"href":"https:\/\/yotavis.ch\/fr\/wp-json\/wp\/v2\/product\/3582","targetHints":{"allow":["GET"]}}],"collection":[{"href":"https:\/\/yotavis.ch\/fr\/wp-json\/wp\/v2\/product"}],"about":[{"href":"https:\/\/yotavis.ch\/fr\/wp-json\/wp\/v2\/types\/product"}],"replies":[{"embeddable":true,"href":"https:\/\/yotavis.ch\/fr\/wp-json\/wp\/v2\/comments?post=3582"}],"wp:featuredmedia":[{"embeddable":true,"href":"https:\/\/yotavis.ch\/fr\/wp-json\/wp\/v2\/media\/4927"}],"wp:attachment":[{"href":"https:\/\/yotavis.ch\/fr\/wp-json\/wp\/v2\/media?parent=3582"}],"wp:term":[{"taxonomy":"product_brand","embeddable":true,"href":"https:\/\/yotavis.ch\/fr\/wp-json\/wp\/v2\/product_brand?post=3582"},{"taxonomy":"product_cat","embeddable":true,"href":"https:\/\/yotavis.ch\/fr\/wp-json\/wp\/v2\/product_cat?post=3582"},{"taxonomy":"product_tag","embeddable":true,"href":"https:\/\/yotavis.ch\/fr\/wp-json\/wp\/v2\/product_tag?post=3582"}],"curies":[{"name":"wp","href":"https:\/\/api.w.org\/{rel}","templated":true}]}}