{"id":3583,"date":"2025-10-09T00:00:00","date_gmt":"2025-10-08T22:00:00","guid":{"rendered":"https:\/\/yotavis.ch\/product\/sdg6032x\/"},"modified":"2026-04-24T13:27:29","modified_gmt":"2026-04-24T11:27:29","slug":"sdg6032x","status":"publish","type":"product","link":"https:\/\/yotavis.ch\/fr\/produit\/sdg6032x\/","title":{"rendered":"SDG6032X"},"content":{"rendered":"<p>Le SDG6032X de Siglent est un g\u00e9n\u00e9rateur de formes d'ondes fonctionnelles\/arbitraires dot\u00e9 d'une fr\u00e9quence maximale de 350 MHz et de deux canaux de sortie. Il supporte un taux d'\u00e9chantillonnage de 2,4 GSa\/s avec une r\u00e9solution verticale de 16 bits, ce qui permet de g\u00e9n\u00e9rer des formes d'ondes d\u00e9taill\u00e9es. L'appareil int\u00e8gre les technologies EasyPulse et TrueArb, qui am\u00e9liorent ses capacit\u00e9s de sortie de forme d'onde. Il offre une longueur de forme d'onde arbitraire allant de 2 \u00e0 20 millions de points, ce qui permet une grande profondeur de m\u00e9moire pour la cr\u00e9ation de signaux complexes. Le g\u00e9n\u00e9rateur prend en charge les modes balayage et rafale, avec une largeur d'impulsion minimale de 3,3 nanosecondes et un temps de transition aussi bas que 1 nanoseconde. L'amplitude peut atteindre 10 volts et le taux d'\u00e9chantillonnage est sp\u00e9cifi\u00e9 \u00e0 300 MS\/s. Avec une capacit\u00e9 de m\u00e9moire de 20 millions de points, le SDG6032X est con\u00e7u pour traiter un large \u00e9ventail de t\u00e2ches de g\u00e9n\u00e9ration de signaux exigeant pr\u00e9cision et flexibilit\u00e9.<\/p>","protected":false},"excerpt":{"rendered":"<p>350MHz ; 2 canaux ; 2.4GSa\/s;16bit ; longueur de la forme d'onde arbitraire : 2~20Mpts ; fonction\/sortie de forme d'onde arbitraire ; technologie EasyPulse et TrueArb ;<\/p>","protected":false},"featured_media":4939,"comment_status":"closed","ping_status":"closed","template":"","meta":{"_acf_changed":false,"slim_seo":{"title":"SDG6032X - YOTAVIS AG","description":"350MHz ; 2 canaux ; 2.4GSa\/s;16bit ; longueur de la forme d'onde arbitraire : 2~20Mpts ; fonction\/sortie de forme d'onde arbitraire ; technologie EasyPulse et TrueArb ;"}},"product_brand":[506],"product_cat":[1189,541,513],"product_tag":[],"class_list":{"0":"post-3583","1":"product","2":"type-product","3":"status-publish","4":"has-post-thumbnail","6":"product_brand-siglent","7":"product_cat-afg","8":"product_cat-awg","9":"product_cat-generator","10":"pa_amplitude-v-106","11":"pa_burst-yes","12":"pa_channels-350","13":"pa_frequency-mhz-136","14":"pa_memory-mpts-133","15":"pa_pulse-width-min-ns-3-3","16":"pa_sampling-rate-ms-s-127","17":"pa_sweep-yes","18":"pa_transition-time-min-ns-137","19":"pa_vertical-resolution-bits-125","21":"first","22":"instock","23":"taxable","24":"shipping-taxable","25":"purchasable","26":"product-type-simple"},"acf":[],"_links":{"self":[{"href":"https:\/\/yotavis.ch\/fr\/wp-json\/wp\/v2\/product\/3583","targetHints":{"allow":["GET"]}}],"collection":[{"href":"https:\/\/yotavis.ch\/fr\/wp-json\/wp\/v2\/product"}],"about":[{"href":"https:\/\/yotavis.ch\/fr\/wp-json\/wp\/v2\/types\/product"}],"replies":[{"embeddable":true,"href":"https:\/\/yotavis.ch\/fr\/wp-json\/wp\/v2\/comments?post=3583"}],"wp:featuredmedia":[{"embeddable":true,"href":"https:\/\/yotavis.ch\/fr\/wp-json\/wp\/v2\/media\/4939"}],"wp:attachment":[{"href":"https:\/\/yotavis.ch\/fr\/wp-json\/wp\/v2\/media?parent=3583"}],"wp:term":[{"taxonomy":"product_brand","embeddable":true,"href":"https:\/\/yotavis.ch\/fr\/wp-json\/wp\/v2\/product_brand?post=3583"},{"taxonomy":"product_cat","embeddable":true,"href":"https:\/\/yotavis.ch\/fr\/wp-json\/wp\/v2\/product_cat?post=3583"},{"taxonomy":"product_tag","embeddable":true,"href":"https:\/\/yotavis.ch\/fr\/wp-json\/wp\/v2\/product_tag?post=3583"}],"curies":[{"name":"wp","href":"https:\/\/api.w.org\/{rel}","templated":true}]}}