{"id":3584,"date":"2025-10-09T00:00:00","date_gmt":"2025-10-08T22:00:00","guid":{"rendered":"https:\/\/yotavis.ch\/product\/sdg6052x\/"},"modified":"2026-04-24T13:27:29","modified_gmt":"2026-04-24T11:27:29","slug":"sdg6052x","status":"publish","type":"product","link":"https:\/\/yotavis.ch\/fr\/produit\/sdg6052x\/","title":{"rendered":"SDG6052X"},"content":{"rendered":"<p>Le SDG6052X de Siglent est un g\u00e9n\u00e9rateur de formes d'ondes fonctionnelles\/arbitraires de 500 MHz, dot\u00e9 de deux canaux et d'un taux d'\u00e9chantillonnage de 2,4 Giga\/s. Il offre une r\u00e9solution verticale de 16 bits et prend en charge des longueurs de formes d'ondes allant de 2 \u00e0 20 millions de points. Il offre une r\u00e9solution verticale de 16 bits et supporte des longueurs d'onde allant de 2 \u00e0 20 millions de points. L'appareil int\u00e8gre les technologies EasyPulse et TrueArb pour am\u00e9liorer les capacit\u00e9s de g\u00e9n\u00e9ration de formes d'onde. Il a une amplitude maximale de 10 volts et prend en charge les fonctions de balayage et de rafale. Le taux d'\u00e9chantillonnage est sp\u00e9cifi\u00e9 \u00e0 300 MS\/s avec une profondeur de m\u00e9moire de 20 Mpts. Le temps de transition minimal est de 1 nanoseconde et la largeur d'impulsion minimale est de 3,3 nanosecondes. Ce mod\u00e8le est con\u00e7u pour fournir une sortie de forme d'onde pr\u00e9cise et flexible pour diverses applications de test et de mesure.<\/p>","protected":false},"excerpt":{"rendered":"<p>500MHz ; 2 canaux ; 2.4GSa\/s;16bit ; longueur d'onde Arb : 2~20Mpts ; fonction\/sortie de forme d'onde arbitraire ; technologie EasyPulse et TrueArb<\/p>","protected":false},"featured_media":4939,"comment_status":"closed","ping_status":"closed","template":"","meta":{"_acf_changed":false,"slim_seo":{"title":"SDG6052X - YOTAVIS AG","description":"500MHz ; 2 canaux ; 2.4GSa\/s;16bit ; longueur d'onde Arb : 2~20Mpts ; fonction\/sortie de forme d'onde arbitraire ; technologie EasyPulse et TrueArb"}},"product_brand":[506],"product_cat":[1189,541,513],"product_tag":[],"class_list":{"0":"post-3584","1":"product","2":"type-product","3":"status-publish","4":"has-post-thumbnail","6":"product_brand-siglent","7":"product_cat-afg","8":"product_cat-awg","9":"product_cat-generator","10":"pa_amplitude-v-106","11":"pa_burst-yes","12":"pa_channels-350","13":"pa_frequency-mhz-139","14":"pa_memory-mpts-133","15":"pa_pulse-width-min-ns-3-3","16":"pa_sampling-rate-ms-s-127","17":"pa_sweep-yes","18":"pa_transition-time-min-ns-137","19":"pa_vertical-resolution-bits-125","21":"first","22":"instock","23":"taxable","24":"shipping-taxable","25":"purchasable","26":"product-type-simple"},"acf":[],"_links":{"self":[{"href":"https:\/\/yotavis.ch\/fr\/wp-json\/wp\/v2\/product\/3584","targetHints":{"allow":["GET"]}}],"collection":[{"href":"https:\/\/yotavis.ch\/fr\/wp-json\/wp\/v2\/product"}],"about":[{"href":"https:\/\/yotavis.ch\/fr\/wp-json\/wp\/v2\/types\/product"}],"replies":[{"embeddable":true,"href":"https:\/\/yotavis.ch\/fr\/wp-json\/wp\/v2\/comments?post=3584"}],"wp:featuredmedia":[{"embeddable":true,"href":"https:\/\/yotavis.ch\/fr\/wp-json\/wp\/v2\/media\/4939"}],"wp:attachment":[{"href":"https:\/\/yotavis.ch\/fr\/wp-json\/wp\/v2\/media?parent=3584"}],"wp:term":[{"taxonomy":"product_brand","embeddable":true,"href":"https:\/\/yotavis.ch\/fr\/wp-json\/wp\/v2\/product_brand?post=3584"},{"taxonomy":"product_cat","embeddable":true,"href":"https:\/\/yotavis.ch\/fr\/wp-json\/wp\/v2\/product_cat?post=3584"},{"taxonomy":"product_tag","embeddable":true,"href":"https:\/\/yotavis.ch\/fr\/wp-json\/wp\/v2\/product_tag?post=3584"}],"curies":[{"name":"wp","href":"https:\/\/api.w.org\/{rel}","templated":true}]}}