{"id":3587,"date":"2025-10-09T00:00:00","date_gmt":"2025-10-08T22:00:00","guid":{"rendered":"https:\/\/yotavis.ch\/product\/spd3303x\/"},"modified":"2026-04-24T13:27:31","modified_gmt":"2026-04-24T11:27:31","slug":"spd3303x","status":"publish","type":"product","link":"https:\/\/yotavis.ch\/fr\/produit\/spd3303x\/","title":{"rendered":"SPD3303X"},"content":{"rendered":"<p>Le SPD3303X de Siglent dispose de trois sorties contr\u00f4lables ind\u00e9pendamment, dont deux sorties de 30V\/3A et une sortie commutable offrant 2,5V, 3,3V ou 5V \u00e0 3A. Cette alimentation est programmable, ce qui permet un contr\u00f4le pr\u00e9cis de ses fonctions. Elle d\u00e9livre une puissance maximale de 220 watts et prend en charge une tension allant jusqu'\u00e0 32 volts avec une capacit\u00e9 de courant de 3,2 amp\u00e8res. L'appareil est dot\u00e9 d'une t\u00e9l\u00e9commande, ce qui permet de l'utiliser \u00e0 distance. Avec trois canaux de sortie, les utilisateurs peuvent g\u00e9rer simultan\u00e9ment plusieurs besoins en \u00e9nergie. La combinaison de ces caract\u00e9ristiques rend le SPD3303X adapt\u00e9 aux applications n\u00e9cessitant une gestion de l'alimentation polyvalente et fiable.<\/p>","protected":false},"excerpt":{"rendered":"<p>Sortie de puissance de pr\u00e9cision \u00e0 trois voies contr\u00f4lable ind\u00e9pendamment : 30V\/3A X2, commutable 2.5V\/3.3V\/5V\/3A X1 ; programmable<\/p>","protected":false},"featured_media":4950,"comment_status":"closed","ping_status":"closed","template":"","meta":{"_acf_changed":false,"slim_seo":{"title":"SPD3303X - YOTAVIS AG","description":"Sortie de puissance de pr\u00e9cision \u00e0 trois voies contr\u00f4lable ind\u00e9pendamment : 30V\/3A X2, commutable 2.5V\/3.3V\/5V\/3A X1 ; programmable"}},"product_brand":[506],"product_cat":[516,515],"product_tag":[],"class_list":{"0":"post-3587","1":"product","2":"type-product","3":"status-publish","4":"has-post-thumbnail","6":"product_brand-siglent","7":"product_cat-dc-source-en","8":"product_cat-power-en","9":"pa_current-a-3-2","10":"pa_output-number-141","11":"pa_power-w-387","12":"pa_remote-control-yes","13":"pa_voltage-v-140","15":"first","16":"instock","17":"taxable","18":"shipping-taxable","19":"purchasable","20":"product-type-simple"},"acf":[],"_links":{"self":[{"href":"https:\/\/yotavis.ch\/fr\/wp-json\/wp\/v2\/product\/3587","targetHints":{"allow":["GET"]}}],"collection":[{"href":"https:\/\/yotavis.ch\/fr\/wp-json\/wp\/v2\/product"}],"about":[{"href":"https:\/\/yotavis.ch\/fr\/wp-json\/wp\/v2\/types\/product"}],"replies":[{"embeddable":true,"href":"https:\/\/yotavis.ch\/fr\/wp-json\/wp\/v2\/comments?post=3587"}],"wp:featuredmedia":[{"embeddable":true,"href":"https:\/\/yotavis.ch\/fr\/wp-json\/wp\/v2\/media\/4950"}],"wp:attachment":[{"href":"https:\/\/yotavis.ch\/fr\/wp-json\/wp\/v2\/media?parent=3587"}],"wp:term":[{"taxonomy":"product_brand","embeddable":true,"href":"https:\/\/yotavis.ch\/fr\/wp-json\/wp\/v2\/product_brand?post=3587"},{"taxonomy":"product_cat","embeddable":true,"href":"https:\/\/yotavis.ch\/fr\/wp-json\/wp\/v2\/product_cat?post=3587"},{"taxonomy":"product_tag","embeddable":true,"href":"https:\/\/yotavis.ch\/fr\/wp-json\/wp\/v2\/product_tag?post=3587"}],"curies":[{"name":"wp","href":"https:\/\/api.w.org\/{rel}","templated":true}]}}