{"id":3588,"date":"2025-10-09T00:00:00","date_gmt":"2025-10-08T22:00:00","guid":{"rendered":"https:\/\/yotavis.ch\/product\/spd1168x\/"},"modified":"2026-04-24T13:27:31","modified_gmt":"2026-04-24T11:27:31","slug":"spd1168x","status":"publish","type":"product","link":"https:\/\/yotavis.ch\/fr\/produit\/spd1168x\/","title":{"rendered":"SPD1168X"},"content":{"rendered":"<p>Le SPD1168X de Siglent dispose d'une sortie de tension programmable de haute pr\u00e9cision \u00e0 voie unique, avec une tension maximale de 16 V et un courant de 8 A, d\u00e9livrant une puissance totale allant jusqu'\u00e0 128 W. Il offre un affichage de tension \u00e0 5 chiffres et un affichage de courant \u00e0 4 chiffres, avec des niveaux de r\u00e9solution minimum de 1 mV et 1 mA respectivement. L'appareil prend en charge les modes de sortie bifilaire et quadrifilaire, ce qui permet des options de connexion flexibles. Il a une puissance nominale de 150 W et une capacit\u00e9 de tension maximale de 30 V avec une limite de courant de 5 A. Le SPD1168X comprend un canal de sortie et prend en charge la fonctionnalit\u00e9 de commande \u00e0 distance, ce qui permet de l'utiliser \u00e0 distance. Cette combinaison de caract\u00e9ristiques le rend adapt\u00e9 aux applications n\u00e9cessitant un contr\u00f4le pr\u00e9cis de la tension et du courant avec des relev\u00e9s de mesure d\u00e9taill\u00e9s.<\/p>","protected":false},"excerpt":{"rendered":"<p>Sortie de tension programmable haute pr\u00e9cision \u00e0 voie unique\uff1a16 V\/8 A\uff0c puissance totale jusqu'\u00e0 128 W\uff1b5 chiffres pour la tension, 4 chiffres pour l'affichage du courant, r\u00e9solution minimale : 1 mV\/1 mA \uff1bMode de sortie \u00e0 deux fils, 4 fils<\/p>","protected":false},"featured_media":5008,"comment_status":"closed","ping_status":"closed","template":"","meta":{"_acf_changed":false,"slim_seo":{"title":"SPD1168X - YOTAVIS AG","description":"Single path high-precision programmable voltage output\uff1a16 V\/8 A\uff0ctotal power up to 128 W\uff1b5 digit Voltage, 4 digit Current Display, Minimum Resolution: 1 mV\/1 mA"}},"product_brand":[506],"product_cat":[516,515],"product_tag":[],"class_list":{"0":"post-3588","1":"product","2":"type-product","3":"status-publish","4":"has-post-thumbnail","6":"product_brand-siglent","7":"product_cat-dc-source-en","8":"product_cat-power-en","9":"pa_current-a-392","10":"pa_output-number-146","11":"pa_power-w-391","12":"pa_remote-control-yes","13":"pa_voltage-v-145","15":"first","16":"instock","17":"taxable","18":"shipping-taxable","19":"purchasable","20":"product-type-simple"},"acf":[],"_links":{"self":[{"href":"https:\/\/yotavis.ch\/fr\/wp-json\/wp\/v2\/product\/3588","targetHints":{"allow":["GET"]}}],"collection":[{"href":"https:\/\/yotavis.ch\/fr\/wp-json\/wp\/v2\/product"}],"about":[{"href":"https:\/\/yotavis.ch\/fr\/wp-json\/wp\/v2\/types\/product"}],"replies":[{"embeddable":true,"href":"https:\/\/yotavis.ch\/fr\/wp-json\/wp\/v2\/comments?post=3588"}],"wp:featuredmedia":[{"embeddable":true,"href":"https:\/\/yotavis.ch\/fr\/wp-json\/wp\/v2\/media\/5008"}],"wp:attachment":[{"href":"https:\/\/yotavis.ch\/fr\/wp-json\/wp\/v2\/media?parent=3588"}],"wp:term":[{"taxonomy":"product_brand","embeddable":true,"href":"https:\/\/yotavis.ch\/fr\/wp-json\/wp\/v2\/product_brand?post=3588"},{"taxonomy":"product_cat","embeddable":true,"href":"https:\/\/yotavis.ch\/fr\/wp-json\/wp\/v2\/product_cat?post=3588"},{"taxonomy":"product_tag","embeddable":true,"href":"https:\/\/yotavis.ch\/fr\/wp-json\/wp\/v2\/product_tag?post=3588"}],"curies":[{"name":"wp","href":"https:\/\/api.w.org\/{rel}","templated":true}]}}