{"id":3589,"date":"2025-10-09T00:00:00","date_gmt":"2025-10-08T22:00:00","guid":{"rendered":"https:\/\/yotavis.ch\/product\/spd1305x\/"},"modified":"2026-04-24T13:27:31","modified_gmt":"2026-04-24T11:27:31","slug":"spd1305x","status":"publish","type":"product","link":"https:\/\/yotavis.ch\/fr\/produit\/spd1305x\/","title":{"rendered":"SPD1305X"},"content":{"rendered":"<p>Le SPD1305X de Siglent dispose d'une sortie de tension programmable de haute pr\u00e9cision \u00e0 voie unique, avec un maximum de 30 V et 5 A, d\u00e9livrant une puissance totale allant jusqu'\u00e0 150 W. Il offre un affichage de tension \u00e0 5 chiffres et un affichage de courant \u00e0 4 chiffres, avec des niveaux de r\u00e9solution minimum de 1 mV et 1 mA respectivement. L'appareil prend en charge les modes de sortie bifilaire et quadrifilaire, ce qui accro\u00eet sa polyvalence dans diverses applications. Il a une puissance nominale de 128 W, une tension nominale de 16 V et un courant nominal de 8 A. Le SPD1305X comprend un canal de sortie et prend en charge la fonctionnalit\u00e9 de commande \u00e0 distance, ce qui permet un fonctionnement pratique \u00e0 distance. Cette combinaison de caract\u00e9ristiques le rend adapt\u00e9 \u00e0 la programmation pr\u00e9cise de la tension et du courant dans des environnements contr\u00f4l\u00e9s.<\/p>","protected":false},"excerpt":{"rendered":"<p>Sortie de tension programmable haute pr\u00e9cision \u00e0 voie unique\uff1a30 V\/5 A\uff0c puissance totale jusqu'\u00e0 150 W\uff1bAffichage de tension \u00e0 5 chiffres, affichage de courant \u00e0 4 chiffres, r\u00e9solution minimale : 1 mV\/1 mA \uff1bMode de sortie \u00e0 deux fils, 4 fils<\/p>","protected":false},"featured_media":5011,"comment_status":"closed","ping_status":"closed","template":"","meta":{"_acf_changed":false,"slim_seo":{"title":"SPD1305X - YOTAVIS AG","description":"Single path high-precision programmable voltage output\uff1a30 V\/5 A\uff0ctotal power up to 150 W\uff1b5 digit Voltage, 4 digit Current Display, Minimum Resolution: 1 mV\/1 mA"}},"product_brand":[506],"product_cat":[516,515],"product_tag":[],"class_list":{"0":"post-3589","1":"product","2":"type-product","3":"status-publish","4":"has-post-thumbnail","6":"product_brand-siglent","7":"product_cat-dc-source-en","8":"product_cat-power-en","9":"pa_current-a-394","10":"pa_output-number-146","11":"pa_power-w-393","12":"pa_remote-control-yes","13":"pa_voltage-v-147","15":"first","16":"instock","17":"taxable","18":"shipping-taxable","19":"purchasable","20":"product-type-simple"},"acf":[],"_links":{"self":[{"href":"https:\/\/yotavis.ch\/fr\/wp-json\/wp\/v2\/product\/3589","targetHints":{"allow":["GET"]}}],"collection":[{"href":"https:\/\/yotavis.ch\/fr\/wp-json\/wp\/v2\/product"}],"about":[{"href":"https:\/\/yotavis.ch\/fr\/wp-json\/wp\/v2\/types\/product"}],"replies":[{"embeddable":true,"href":"https:\/\/yotavis.ch\/fr\/wp-json\/wp\/v2\/comments?post=3589"}],"wp:featuredmedia":[{"embeddable":true,"href":"https:\/\/yotavis.ch\/fr\/wp-json\/wp\/v2\/media\/5011"}],"wp:attachment":[{"href":"https:\/\/yotavis.ch\/fr\/wp-json\/wp\/v2\/media?parent=3589"}],"wp:term":[{"taxonomy":"product_brand","embeddable":true,"href":"https:\/\/yotavis.ch\/fr\/wp-json\/wp\/v2\/product_brand?post=3589"},{"taxonomy":"product_cat","embeddable":true,"href":"https:\/\/yotavis.ch\/fr\/wp-json\/wp\/v2\/product_cat?post=3589"},{"taxonomy":"product_tag","embeddable":true,"href":"https:\/\/yotavis.ch\/fr\/wp-json\/wp\/v2\/product_tag?post=3589"}],"curies":[{"name":"wp","href":"https:\/\/api.w.org\/{rel}","templated":true}]}}