{"id":3591,"date":"2025-10-09T00:00:00","date_gmt":"2025-10-08T22:00:00","guid":{"rendered":"https:\/\/yotavis.ch\/product\/spd4121x\/"},"modified":"2026-04-24T13:27:32","modified_gmt":"2026-04-24T11:27:32","slug":"spd4121x","status":"publish","type":"product","link":"https:\/\/yotavis.ch\/fr\/produit\/spd4121x\/","title":{"rendered":"SPD4121X"},"content":{"rendered":"<p>Le SPD4121X de Siglent est une alimentation programmable lin\u00e9aire DC \u00e0 4 canaux avec une puissance de sortie totale de 285W. Elle offre une r\u00e9solution de 1mV et 1mA, permettant des ajustements pr\u00e9cis de la tension et du courant. Les valeurs maximales de tension et de courant varient selon les quatre canaux : CH1 et CH4 peuvent fournir jusqu'\u00e0 15V et 1,5A chacun, tandis que CH2 et CH3 fournissent jusqu'\u00e0 12V et 10A chacun. Cette configuration permet de prendre en charge une large gamme d'applications n\u00e9cessitant simultan\u00e9ment diff\u00e9rents niveaux de tension et de courant. L'appareil est dot\u00e9 d'une fonction de commande \u00e0 distance, ce qui permet de l'utiliser \u00e0 distance pour des raisons de commodit\u00e9 et d'int\u00e9gration dans des syst\u00e8mes automatis\u00e9s. Avec une tension maximale de 15V et un courant maximal de 10A, l'alimentation est con\u00e7ue pour r\u00e9pondre efficacement \u00e0 des besoins de puissance mod\u00e9r\u00e9s. Les quatre canaux de sortie permettent d'alimenter plusieurs appareils ou circuits de mani\u00e8re ind\u00e9pendante.<\/p>","protected":false},"excerpt":{"rendered":"<p>Alimentation programmable lin\u00e9aire DC 4 canaux ; puissance de sortie totale 285W ; r\u00e9solution 1mV\/1mA ; CH1,CH2,CH3,CH4 max. tension\/courant : 15V\/1,5A, 12V\/10A, 12V\/10A, 15V\/1,5A<\/p>","protected":false},"featured_media":5019,"comment_status":"closed","ping_status":"closed","template":"","meta":{"_acf_changed":false,"slim_seo":{"title":"SPD4121X - YOTAVIS AG","description":"4 CH DC linear programmable power supply; total output power 285W; resolution 1mV\/1mA; CH1,CH2,CH3,CH4 max. voltage\/current: 15V\/1.5A, 12V\/10A, 12V\/10A, 15V\/1.5"}},"product_brand":[506],"product_cat":[516,515],"product_tag":[],"class_list":{"0":"post-3591","1":"product","2":"type-product","3":"status-publish","4":"has-post-thumbnail","6":"product_brand-siglent","7":"product_cat-dc-source-en","8":"product_cat-power-en","9":"pa_current-a-397","10":"pa_output-number-148","11":"pa_power-w-396","12":"pa_remote-control-yes","13":"pa_voltage-v-149","15":"first","16":"instock","17":"taxable","18":"shipping-taxable","19":"purchasable","20":"product-type-simple"},"acf":[],"_links":{"self":[{"href":"https:\/\/yotavis.ch\/fr\/wp-json\/wp\/v2\/product\/3591","targetHints":{"allow":["GET"]}}],"collection":[{"href":"https:\/\/yotavis.ch\/fr\/wp-json\/wp\/v2\/product"}],"about":[{"href":"https:\/\/yotavis.ch\/fr\/wp-json\/wp\/v2\/types\/product"}],"replies":[{"embeddable":true,"href":"https:\/\/yotavis.ch\/fr\/wp-json\/wp\/v2\/comments?post=3591"}],"wp:featuredmedia":[{"embeddable":true,"href":"https:\/\/yotavis.ch\/fr\/wp-json\/wp\/v2\/media\/5019"}],"wp:attachment":[{"href":"https:\/\/yotavis.ch\/fr\/wp-json\/wp\/v2\/media?parent=3591"}],"wp:term":[{"taxonomy":"product_brand","embeddable":true,"href":"https:\/\/yotavis.ch\/fr\/wp-json\/wp\/v2\/product_brand?post=3591"},{"taxonomy":"product_cat","embeddable":true,"href":"https:\/\/yotavis.ch\/fr\/wp-json\/wp\/v2\/product_cat?post=3591"},{"taxonomy":"product_tag","embeddable":true,"href":"https:\/\/yotavis.ch\/fr\/wp-json\/wp\/v2\/product_tag?post=3591"}],"curies":[{"name":"wp","href":"https:\/\/api.w.org\/{rel}","templated":true}]}}