{"id":3592,"date":"2025-10-09T00:00:00","date_gmt":"2025-10-08T22:00:00","guid":{"rendered":"https:\/\/yotavis.ch\/product\/spd4306x\/"},"modified":"2026-04-24T13:27:32","modified_gmt":"2026-04-24T11:27:32","slug":"spd4306x","status":"publish","type":"product","link":"https:\/\/yotavis.ch\/fr\/produit\/spd4306x\/","title":{"rendered":"SPD4306X"},"content":{"rendered":"<p>Le SPD4306X de Siglent est une alimentation programmable lin\u00e9aire DC \u00e0 4 canaux avec une puissance de sortie totale de 400W. Elle pr\u00e9sente une r\u00e9solution de 1mV et 1mA, permettant un contr\u00f4le pr\u00e9cis des r\u00e9glages de tension et de courant. Les valeurs maximales de tension et de courant varient selon les quatre canaux : CH1 supporte jusqu'\u00e0 15V et 1,5A, CH2 et CH3 fournissent chacun jusqu'\u00e0 30V et 6A, tandis que CH4 offre jusqu'\u00e0 15V et 1A. L'appareil est dot\u00e9 d'une fonction de commande \u00e0 distance, ce qui permet de l'utiliser \u00e0 distance. Avec une tension maximale de 30V et un courant maximal de 6A, il convient aux applications n\u00e9cessitant plusieurs niveaux de tension et de courant. L'alimentation est con\u00e7ue pour fournir des sorties stables et programmables sur ses quatre canaux, ce qui la rend polyvalente pour divers sc\u00e9narios de test et de d\u00e9veloppement.<\/p>","protected":false},"excerpt":{"rendered":"<p>Alimentation programmable lin\u00e9aire DC 4 canaux ; puissance de sortie totale 400W ; r\u00e9solution 1mV\/1mA ; CH1,CH2,CH3,CH4 max. tension\/courant : 15V\/1,5A, 30V\/6A, 30V\/6A, 15V\/1A<\/p>","protected":false},"featured_media":5024,"comment_status":"closed","ping_status":"closed","template":"","meta":{"_acf_changed":false,"slim_seo":{"title":"SPD4306X - YOTAVIS AG","description":"Alimentation programmable lin\u00e9aire DC 4 canaux ; puissance de sortie totale 400W ; r\u00e9solution 1mV\/1mA ; CH1,CH2,CH3,CH4 max. tension\/courant : 15V\/1,5A, 30V\/6A, 30V\/6A, 15V\/1A"}},"product_brand":[506],"product_cat":[516,515],"product_tag":[],"class_list":{"0":"post-3592","1":"product","2":"type-product","3":"status-publish","4":"has-post-thumbnail","6":"product_brand-siglent","7":"product_cat-dc-source-en","8":"product_cat-power-en","9":"pa_current-a-399","10":"pa_output-number-148","11":"pa_power-w-398","12":"pa_remote-control-yes","13":"pa_voltage-v-145","15":"first","16":"instock","17":"taxable","18":"shipping-taxable","19":"purchasable","20":"product-type-simple"},"acf":[],"_links":{"self":[{"href":"https:\/\/yotavis.ch\/fr\/wp-json\/wp\/v2\/product\/3592","targetHints":{"allow":["GET"]}}],"collection":[{"href":"https:\/\/yotavis.ch\/fr\/wp-json\/wp\/v2\/product"}],"about":[{"href":"https:\/\/yotavis.ch\/fr\/wp-json\/wp\/v2\/types\/product"}],"replies":[{"embeddable":true,"href":"https:\/\/yotavis.ch\/fr\/wp-json\/wp\/v2\/comments?post=3592"}],"wp:featuredmedia":[{"embeddable":true,"href":"https:\/\/yotavis.ch\/fr\/wp-json\/wp\/v2\/media\/5024"}],"wp:attachment":[{"href":"https:\/\/yotavis.ch\/fr\/wp-json\/wp\/v2\/media?parent=3592"}],"wp:term":[{"taxonomy":"product_brand","embeddable":true,"href":"https:\/\/yotavis.ch\/fr\/wp-json\/wp\/v2\/product_brand?post=3592"},{"taxonomy":"product_cat","embeddable":true,"href":"https:\/\/yotavis.ch\/fr\/wp-json\/wp\/v2\/product_cat?post=3592"},{"taxonomy":"product_tag","embeddable":true,"href":"https:\/\/yotavis.ch\/fr\/wp-json\/wp\/v2\/product_tag?post=3592"}],"curies":[{"name":"wp","href":"https:\/\/api.w.org\/{rel}","templated":true}]}}