{"id":3593,"date":"2025-10-09T00:00:00","date_gmt":"2025-10-08T22:00:00","guid":{"rendered":"https:\/\/yotavis.ch\/product\/sps6225x\/"},"modified":"2026-04-24T13:27:33","modified_gmt":"2026-04-24T11:27:33","slug":"sps6225x","status":"publish","type":"product","link":"https:\/\/yotavis.ch\/fr\/produit\/sps6225x\/","title":{"rendered":"SPS6225X"},"content":{"rendered":"<p>Le Siglent SPS6225X est un bloc d'alimentation \u00e0 d\u00e9coupage monocanal con\u00e7u pour d\u00e9livrer une puissance maximale de 1500 watts. Elle fonctionne \u00e0 une tension de 200 volts et peut fournir un courant allant jusqu'\u00e0 25 amp\u00e8res. L'unit\u00e9 pr\u00e9sente un facteur de forme 1U, ce qui permet de la monter en rack dans diverses configurations. Ce bloc d'alimentation est dot\u00e9 d'une fonction de commande \u00e0 distance, ce qui permet de l'utiliser facilement \u00e0 distance. Avec un seul canal de sortie, elle est con\u00e7ue pour les applications n\u00e9cessitant une source d'alimentation stable et fiable. La conception met l'accent sur l'efficacit\u00e9 et la pr\u00e9cision de la fourniture d'\u00e9nergie, en respectant les param\u00e8tres \u00e9lectriques sp\u00e9cifi\u00e9s. La combinaison de ses valeurs nominales de tension, de courant et de puissance la rend adapt\u00e9e aux environnements \u00e9lectroniques et industriels exigeants.<\/p>","protected":false},"excerpt":{"rendered":"<p>200V\/25A\/1500W, Alimentation \u00e0 d\u00e9coupage monocanal, 1U<\/p>","protected":false},"featured_media":5054,"comment_status":"closed","ping_status":"closed","template":"","meta":{"_acf_changed":false,"slim_seo":{"title":"SPS6225X - YOTAVIS AG","description":"200V\/25A\/1500W, Alimentation \u00e0 d\u00e9coupage monocanal, 1U"}},"product_brand":[506],"product_cat":[516,515],"product_tag":[],"class_list":{"0":"post-3593","1":"product","2":"type-product","3":"status-publish","4":"has-post-thumbnail","6":"product_brand-siglent","7":"product_cat-dc-source-en","8":"product_cat-power-en","9":"pa_current-a-401","10":"pa_output-number-146","11":"pa_power-w-400","12":"pa_remote-control-yes","13":"pa_voltage-v-150","15":"first","16":"instock","17":"taxable","18":"shipping-taxable","19":"purchasable","20":"product-type-simple"},"acf":[],"_links":{"self":[{"href":"https:\/\/yotavis.ch\/fr\/wp-json\/wp\/v2\/product\/3593","targetHints":{"allow":["GET"]}}],"collection":[{"href":"https:\/\/yotavis.ch\/fr\/wp-json\/wp\/v2\/product"}],"about":[{"href":"https:\/\/yotavis.ch\/fr\/wp-json\/wp\/v2\/types\/product"}],"replies":[{"embeddable":true,"href":"https:\/\/yotavis.ch\/fr\/wp-json\/wp\/v2\/comments?post=3593"}],"wp:featuredmedia":[{"embeddable":true,"href":"https:\/\/yotavis.ch\/fr\/wp-json\/wp\/v2\/media\/5054"}],"wp:attachment":[{"href":"https:\/\/yotavis.ch\/fr\/wp-json\/wp\/v2\/media?parent=3593"}],"wp:term":[{"taxonomy":"product_brand","embeddable":true,"href":"https:\/\/yotavis.ch\/fr\/wp-json\/wp\/v2\/product_brand?post=3593"},{"taxonomy":"product_cat","embeddable":true,"href":"https:\/\/yotavis.ch\/fr\/wp-json\/wp\/v2\/product_cat?post=3593"},{"taxonomy":"product_tag","embeddable":true,"href":"https:\/\/yotavis.ch\/fr\/wp-json\/wp\/v2\/product_tag?post=3593"}],"curies":[{"name":"wp","href":"https:\/\/api.w.org\/{rel}","templated":true}]}}