{"id":3594,"date":"2025-10-09T00:00:00","date_gmt":"2025-10-08T22:00:00","guid":{"rendered":"https:\/\/yotavis.ch\/product\/sps6150x\/"},"modified":"2026-04-24T13:27:33","modified_gmt":"2026-04-24T11:27:33","slug":"sps6150x","status":"publish","type":"product","link":"https:\/\/yotavis.ch\/fr\/produit\/sps6150x\/","title":{"rendered":"SPS6150X"},"content":{"rendered":"<p>Le Siglent SPS6150X est un bloc d'alimentation \u00e0 d\u00e9coupage monocanal con\u00e7u pour d\u00e9livrer une puissance de 1500 watts. Elle fonctionne \u00e0 une tension de 100 volts et peut fournir un courant allant jusqu'\u00e0 50 amp\u00e8res. L'unit\u00e9 pr\u00e9sente un facteur de forme 1U, ce qui permet de la monter en rack dans diverses configurations. Cette alimentation est dot\u00e9e d'une fonction de commande \u00e0 distance, ce qui permet de l'utiliser facilement et de l'int\u00e9grer dans des syst\u00e8mes automatis\u00e9s. Avec un seul canal de sortie, elle est con\u00e7ue pour fournir une alimentation stable et fiable aux applications n\u00e9cessitant un contr\u00f4le pr\u00e9cis de la tension et du courant. La combinaison de sa puissance nominale et de sa fonctionnalit\u00e9 de commande \u00e0 distance permet de l'utiliser dans diff\u00e9rents environnements o\u00f9 la fourniture d'une alimentation contr\u00f4l\u00e9e est essentielle.<\/p>","protected":false},"excerpt":{"rendered":"<p>100V\/50A\/1500W, Alimentation \u00e0 d\u00e9coupage monocanal, 1U<\/p>","protected":false},"featured_media":5055,"comment_status":"closed","ping_status":"closed","template":"","meta":{"_acf_changed":false,"slim_seo":{"title":"SPS6150X - YOTAVIS AG","description":"100V\/50A\/1500W, Alimentation \u00e0 d\u00e9coupage monocanal, 1U"}},"product_brand":[506],"product_cat":[516,515],"product_tag":[],"class_list":{"0":"post-3594","1":"product","2":"type-product","3":"status-publish","4":"has-post-thumbnail","6":"product_brand-siglent","7":"product_cat-dc-source-en","8":"product_cat-power-en","9":"pa_current-a-402","10":"pa_output-number-146","11":"pa_power-w-400","12":"pa_remote-control-yes","13":"pa_voltage-v-151","15":"first","16":"instock","17":"taxable","18":"shipping-taxable","19":"purchasable","20":"product-type-simple"},"acf":[],"_links":{"self":[{"href":"https:\/\/yotavis.ch\/fr\/wp-json\/wp\/v2\/product\/3594","targetHints":{"allow":["GET"]}}],"collection":[{"href":"https:\/\/yotavis.ch\/fr\/wp-json\/wp\/v2\/product"}],"about":[{"href":"https:\/\/yotavis.ch\/fr\/wp-json\/wp\/v2\/types\/product"}],"replies":[{"embeddable":true,"href":"https:\/\/yotavis.ch\/fr\/wp-json\/wp\/v2\/comments?post=3594"}],"wp:featuredmedia":[{"embeddable":true,"href":"https:\/\/yotavis.ch\/fr\/wp-json\/wp\/v2\/media\/5055"}],"wp:attachment":[{"href":"https:\/\/yotavis.ch\/fr\/wp-json\/wp\/v2\/media?parent=3594"}],"wp:term":[{"taxonomy":"product_brand","embeddable":true,"href":"https:\/\/yotavis.ch\/fr\/wp-json\/wp\/v2\/product_brand?post=3594"},{"taxonomy":"product_cat","embeddable":true,"href":"https:\/\/yotavis.ch\/fr\/wp-json\/wp\/v2\/product_cat?post=3594"},{"taxonomy":"product_tag","embeddable":true,"href":"https:\/\/yotavis.ch\/fr\/wp-json\/wp\/v2\/product_tag?post=3594"}],"curies":[{"name":"wp","href":"https:\/\/api.w.org\/{rel}","templated":true}]}}