{"id":3595,"date":"2025-10-09T00:00:00","date_gmt":"2025-10-08T22:00:00","guid":{"rendered":"https:\/\/yotavis.ch\/product\/sps5041x\/"},"modified":"2026-04-24T13:27:33","modified_gmt":"2026-04-24T11:27:33","slug":"sps5041x","status":"publish","type":"product","link":"https:\/\/yotavis.ch\/fr\/produit\/sps5041x\/","title":{"rendered":"SPS5041X"},"content":{"rendered":"<p>Le Siglent SPS5041X est un bloc d'alimentation \u00e0 d\u00e9coupage monocanal con\u00e7u pour d\u00e9livrer une puissance maximale de 360 watts. Elle fonctionne \u00e0 une tension de 40 volts et peut fournir un courant allant jusqu'\u00e0 30 amp\u00e8res. Cette alimentation dispose d'un seul canal de sortie, ce qui la rend adapt\u00e9e aux applications n\u00e9cessitant une source d'alimentation unique et stable. L'appareil est dot\u00e9 d'une fonction de commande \u00e0 distance, ce qui permet aux utilisateurs de l'utiliser \u00e0 distance pour plus de commodit\u00e9 et de flexibilit\u00e9. Sa conception est ax\u00e9e sur la fourniture d'une puissance constante dans les limites de tension et de courant sp\u00e9cifi\u00e9es. Le SPS5041X est con\u00e7u pour r\u00e9pondre aux exigences de divers environnements de test et de d\u00e9veloppement \u00e9lectroniques o\u00f9 une alimentation pr\u00e9cise est essentielle.<\/p>","protected":false},"excerpt":{"rendered":"<p>40V\/30A\/360W\uff0cAlimentation \u00e0 d\u00e9coupage monocanal<\/p>","protected":false},"featured_media":5057,"comment_status":"closed","ping_status":"closed","template":"","meta":{"_acf_changed":false,"slim_seo":{"title":"SPS5041X - YOTAVIS AG","description":"40V\/30A\/360W\uff0cAlimentation \u00e0 d\u00e9coupage monocanal"}},"product_brand":[506],"product_cat":[516,515],"product_tag":[],"class_list":{"0":"post-3595","1":"product","2":"type-product","3":"status-publish","4":"has-post-thumbnail","6":"product_brand-siglent","7":"product_cat-dc-source-en","8":"product_cat-power-en","9":"pa_current-a-404","10":"pa_output-number-146","11":"pa_power-w-403","12":"pa_remote-control-yes","13":"pa_voltage-v-152","15":"first","16":"instock","17":"taxable","18":"shipping-taxable","19":"purchasable","20":"product-type-simple"},"acf":[],"_links":{"self":[{"href":"https:\/\/yotavis.ch\/fr\/wp-json\/wp\/v2\/product\/3595","targetHints":{"allow":["GET"]}}],"collection":[{"href":"https:\/\/yotavis.ch\/fr\/wp-json\/wp\/v2\/product"}],"about":[{"href":"https:\/\/yotavis.ch\/fr\/wp-json\/wp\/v2\/types\/product"}],"replies":[{"embeddable":true,"href":"https:\/\/yotavis.ch\/fr\/wp-json\/wp\/v2\/comments?post=3595"}],"wp:featuredmedia":[{"embeddable":true,"href":"https:\/\/yotavis.ch\/fr\/wp-json\/wp\/v2\/media\/5057"}],"wp:attachment":[{"href":"https:\/\/yotavis.ch\/fr\/wp-json\/wp\/v2\/media?parent=3595"}],"wp:term":[{"taxonomy":"product_brand","embeddable":true,"href":"https:\/\/yotavis.ch\/fr\/wp-json\/wp\/v2\/product_brand?post=3595"},{"taxonomy":"product_cat","embeddable":true,"href":"https:\/\/yotavis.ch\/fr\/wp-json\/wp\/v2\/product_cat?post=3595"},{"taxonomy":"product_tag","embeddable":true,"href":"https:\/\/yotavis.ch\/fr\/wp-json\/wp\/v2\/product_tag?post=3595"}],"curies":[{"name":"wp","href":"https:\/\/api.w.org\/{rel}","templated":true}]}}