{"id":3596,"date":"2025-10-09T00:00:00","date_gmt":"2025-10-08T22:00:00","guid":{"rendered":"https:\/\/yotavis.ch\/product\/sps5042x\/"},"modified":"2026-04-24T13:27:34","modified_gmt":"2026-04-24T11:27:34","slug":"sps5042x","status":"publish","type":"product","link":"https:\/\/yotavis.ch\/fr\/produit\/sps5042x\/","title":{"rendered":"SPS5042X"},"content":{"rendered":"<p>Le Siglent SPS5042X est une alimentation \u00e0 d\u00e9coupage monocanal con\u00e7ue pour d\u00e9livrer une puissance maximale de 720 watts. Elle fonctionne \u00e0 une tension de 40 volts et peut fournir un courant allant jusqu'\u00e0 60 amp\u00e8res. Cette alimentation dispose d'un seul canal de sortie, ce qui la rend adapt\u00e9e aux applications n\u00e9cessitant une source d'alimentation unique et stable. Elle prend en charge la fonctionnalit\u00e9 de commande \u00e0 distance, ce qui permet aux utilisateurs de faire fonctionner l'appareil \u00e0 distance pour plus de commodit\u00e9 et de flexibilit\u00e9. La combinaison de ses sp\u00e9cifications de tension, de courant et de puissance garantit qu'elle peut g\u00e9rer efficacement des charges \u00e9lectriques exigeantes. La conception se concentre sur la fourniture d'une alimentation fiable avec un contr\u00f4le pr\u00e9cis des param\u00e8tres de sortie. Ce mod\u00e8le fait partie de la gamme d'alimentations Siglent, connues pour leurs sp\u00e9cifications techniques et leurs capacit\u00e9s op\u00e9rationnelles.<\/p>","protected":false},"excerpt":{"rendered":"<p>40V\/60A\/720W\uff0cAlimentation \u00e0 d\u00e9coupage monocanal<\/p>","protected":false},"featured_media":5049,"comment_status":"closed","ping_status":"closed","template":"","meta":{"_acf_changed":false,"slim_seo":{"title":"SPS5042X - YOTAVIS AG","description":"40V\/60A\/720W\uff0cAlimentation \u00e0 d\u00e9coupage monocanal"}},"product_brand":[506],"product_cat":[516,515],"product_tag":[],"class_list":{"0":"post-3596","1":"product","2":"type-product","3":"status-publish","4":"has-post-thumbnail","6":"product_brand-siglent","7":"product_cat-dc-source-en","8":"product_cat-power-en","9":"pa_current-a-406","10":"pa_output-number-146","11":"pa_power-w-405","12":"pa_remote-control-yes","13":"pa_voltage-v-152","15":"first","16":"instock","17":"taxable","18":"shipping-taxable","19":"purchasable","20":"product-type-simple"},"acf":[],"_links":{"self":[{"href":"https:\/\/yotavis.ch\/fr\/wp-json\/wp\/v2\/product\/3596","targetHints":{"allow":["GET"]}}],"collection":[{"href":"https:\/\/yotavis.ch\/fr\/wp-json\/wp\/v2\/product"}],"about":[{"href":"https:\/\/yotavis.ch\/fr\/wp-json\/wp\/v2\/types\/product"}],"replies":[{"embeddable":true,"href":"https:\/\/yotavis.ch\/fr\/wp-json\/wp\/v2\/comments?post=3596"}],"wp:featuredmedia":[{"embeddable":true,"href":"https:\/\/yotavis.ch\/fr\/wp-json\/wp\/v2\/media\/5049"}],"wp:attachment":[{"href":"https:\/\/yotavis.ch\/fr\/wp-json\/wp\/v2\/media?parent=3596"}],"wp:term":[{"taxonomy":"product_brand","embeddable":true,"href":"https:\/\/yotavis.ch\/fr\/wp-json\/wp\/v2\/product_brand?post=3596"},{"taxonomy":"product_cat","embeddable":true,"href":"https:\/\/yotavis.ch\/fr\/wp-json\/wp\/v2\/product_cat?post=3596"},{"taxonomy":"product_tag","embeddable":true,"href":"https:\/\/yotavis.ch\/fr\/wp-json\/wp\/v2\/product_tag?post=3596"}],"curies":[{"name":"wp","href":"https:\/\/api.w.org\/{rel}","templated":true}]}}