{"id":3600,"date":"2025-10-09T00:00:00","date_gmt":"2025-10-08T22:00:00","guid":{"rendered":"https:\/\/yotavis.ch\/product\/sps5051x\/"},"modified":"2026-04-24T13:27:35","modified_gmt":"2026-04-24T11:27:35","slug":"sps5051x","status":"publish","type":"product","link":"https:\/\/yotavis.ch\/fr\/produit\/sps5051x\/","title":{"rendered":"SPS5051X"},"content":{"rendered":"<p>Le Siglent SPS5051X est une alimentation \u00e0 d\u00e9coupage monocanal con\u00e7ue pour d\u00e9livrer une tension de sortie maximale de 50 volts et un courant allant jusqu'\u00e0 10 amp\u00e8res, fournissant une puissance totale de 180 watts. Elle dispose d'un canal de sortie et prend en charge la fonctionnalit\u00e9 de commande \u00e0 distance, ce qui permet un fonctionnement pratique \u00e0 distance. Cette alimentation convient aux applications n\u00e9cessitant des r\u00e9glages de tension et de courant stables et r\u00e9glables dans la plage sp\u00e9cifi\u00e9e. La conception de l'appareil est ax\u00e9e sur la fourniture d'une puissance de sortie constante avec la flexibilit\u00e9 d'une gestion \u00e0 distance. Ses sp\u00e9cifications indiquent une capacit\u00e9 robuste \u00e0 g\u00e9rer des exigences de puissance mod\u00e9r\u00e9es dans divers sc\u00e9narios de test et de d\u00e9veloppement \u00e9lectroniques. La combinaison des valeurs nominales de tension, de courant et de puissance en fait un outil polyvalent pour une utilisation en laboratoire et dans l'industrie.<\/p>","protected":false},"excerpt":{"rendered":"<p>50V\/10A\/180W\uff0cAlimentation \u00e0 d\u00e9coupage monocanal<\/p>","protected":false},"featured_media":5064,"comment_status":"closed","ping_status":"closed","template":"","meta":{"_acf_changed":false,"slim_seo":{"title":"SPS5051X - YOTAVIS AG","description":"50V\/10A\/180W\uff0cAlimentation \u00e0 d\u00e9coupage monocanal"}},"product_brand":[506],"product_cat":[516,515],"product_tag":[],"class_list":{"0":"post-3600","1":"product","2":"type-product","3":"status-publish","4":"has-post-thumbnail","6":"product_brand-siglent","7":"product_cat-dc-source-en","8":"product_cat-power-en","9":"pa_current-a-397","10":"pa_output-number-146","11":"pa_power-w-409","12":"pa_remote-control-yes","13":"pa_voltage-v-154","15":"first","16":"instock","17":"taxable","18":"shipping-taxable","19":"purchasable","20":"product-type-simple"},"acf":[],"_links":{"self":[{"href":"https:\/\/yotavis.ch\/fr\/wp-json\/wp\/v2\/product\/3600","targetHints":{"allow":["GET"]}}],"collection":[{"href":"https:\/\/yotavis.ch\/fr\/wp-json\/wp\/v2\/product"}],"about":[{"href":"https:\/\/yotavis.ch\/fr\/wp-json\/wp\/v2\/types\/product"}],"replies":[{"embeddable":true,"href":"https:\/\/yotavis.ch\/fr\/wp-json\/wp\/v2\/comments?post=3600"}],"wp:featuredmedia":[{"embeddable":true,"href":"https:\/\/yotavis.ch\/fr\/wp-json\/wp\/v2\/media\/5064"}],"wp:attachment":[{"href":"https:\/\/yotavis.ch\/fr\/wp-json\/wp\/v2\/media?parent=3600"}],"wp:term":[{"taxonomy":"product_brand","embeddable":true,"href":"https:\/\/yotavis.ch\/fr\/wp-json\/wp\/v2\/product_brand?post=3600"},{"taxonomy":"product_cat","embeddable":true,"href":"https:\/\/yotavis.ch\/fr\/wp-json\/wp\/v2\/product_cat?post=3600"},{"taxonomy":"product_tag","embeddable":true,"href":"https:\/\/yotavis.ch\/fr\/wp-json\/wp\/v2\/product_tag?post=3600"}],"curies":[{"name":"wp","href":"https:\/\/api.w.org\/{rel}","templated":true}]}}