{"id":3601,"date":"2025-10-09T00:00:00","date_gmt":"2025-10-08T22:00:00","guid":{"rendered":"https:\/\/yotavis.ch\/product\/sps5081x\/"},"modified":"2026-04-24T13:27:38","modified_gmt":"2026-04-24T11:27:38","slug":"sps5081x","status":"publish","type":"product","link":"https:\/\/yotavis.ch\/fr\/produit\/sps5081x\/","title":{"rendered":"SPS5081X"},"content":{"rendered":"<p>Le Siglent SPS5081X est une alimentation \u00e0 d\u00e9coupage monocanal con\u00e7ue pour d\u00e9livrer une puissance de sortie maximale de 360 watts. Elle fonctionne \u00e0 une tension de 80 volts et peut fournir un courant allant jusqu'\u00e0 15 amp\u00e8res. Ce mod\u00e8le dispose d'un seul canal de sortie, ce qui le rend adapt\u00e9 aux applications n\u00e9cessitant une seule source d'alimentation. L'alimentation prend en charge la fonctionnalit\u00e9 de commande \u00e0 distance, ce qui permet une utilisation pratique et une int\u00e9gration dans les syst\u00e8mes automatis\u00e9s. Sa conception est ax\u00e9e sur la fourniture d'une alimentation stable et fiable dans les limites de tension et de courant sp\u00e9cifi\u00e9es. La combinaison de ces sp\u00e9cifications garantit que le SPS5081X peut r\u00e9pondre aux exigences de divers environnements de test et de d\u00e9veloppement \u00e9lectroniques.<\/p>","protected":false},"excerpt":{"rendered":"<p>80V\/15A\/360W\uff0cAlimentation \u00e0 d\u00e9coupage monocanal<\/p>","protected":false},"featured_media":5066,"comment_status":"closed","ping_status":"closed","template":"","meta":{"_acf_changed":false,"slim_seo":{"title":"SPS5081X - YOTAVIS AG","description":"80V\/15A\/360W\uff0cAlimentation \u00e0 d\u00e9coupage monocanal"}},"product_brand":[506],"product_cat":[516,515],"product_tag":[],"class_list":{"0":"post-3601","1":"product","2":"type-product","3":"status-publish","4":"has-post-thumbnail","6":"product_brand-siglent","7":"product_cat-dc-source-en","8":"product_cat-power-en","9":"pa_current-a-410","10":"pa_output-number-146","11":"pa_power-w-403","12":"pa_remote-control-yes","13":"pa_voltage-v-155","15":"first","16":"instock","17":"taxable","18":"shipping-taxable","19":"purchasable","20":"product-type-simple"},"acf":[],"_links":{"self":[{"href":"https:\/\/yotavis.ch\/fr\/wp-json\/wp\/v2\/product\/3601","targetHints":{"allow":["GET"]}}],"collection":[{"href":"https:\/\/yotavis.ch\/fr\/wp-json\/wp\/v2\/product"}],"about":[{"href":"https:\/\/yotavis.ch\/fr\/wp-json\/wp\/v2\/types\/product"}],"replies":[{"embeddable":true,"href":"https:\/\/yotavis.ch\/fr\/wp-json\/wp\/v2\/comments?post=3601"}],"wp:featuredmedia":[{"embeddable":true,"href":"https:\/\/yotavis.ch\/fr\/wp-json\/wp\/v2\/media\/5066"}],"wp:attachment":[{"href":"https:\/\/yotavis.ch\/fr\/wp-json\/wp\/v2\/media?parent=3601"}],"wp:term":[{"taxonomy":"product_brand","embeddable":true,"href":"https:\/\/yotavis.ch\/fr\/wp-json\/wp\/v2\/product_brand?post=3601"},{"taxonomy":"product_cat","embeddable":true,"href":"https:\/\/yotavis.ch\/fr\/wp-json\/wp\/v2\/product_cat?post=3601"},{"taxonomy":"product_tag","embeddable":true,"href":"https:\/\/yotavis.ch\/fr\/wp-json\/wp\/v2\/product_tag?post=3601"}],"curies":[{"name":"wp","href":"https:\/\/api.w.org\/{rel}","templated":true}]}}