{"id":3603,"date":"2025-10-09T00:00:00","date_gmt":"2025-10-08T22:00:00","guid":{"rendered":"https:\/\/yotavis.ch\/product\/sps5083x\/"},"modified":"2026-04-24T13:27:38","modified_gmt":"2026-04-24T11:27:38","slug":"sps5083x","status":"publish","type":"product","link":"https:\/\/yotavis.ch\/fr\/produit\/sps5083x\/","title":{"rendered":"SPS5083X"},"content":{"rendered":"<p>Le Siglent SPS5083X est un bloc d'alimentation \u00e0 d\u00e9coupage monocanal con\u00e7u pour d\u00e9livrer une puissance maximale de 1080 watts. Elle fonctionne \u00e0 une tension de 80 volts et peut fournir un courant allant jusqu'\u00e0 45 amp\u00e8res. Cette alimentation dispose d'un canal de sortie et prend en charge la fonctionnalit\u00e9 de contr\u00f4le \u00e0 distance, ce qui permet une utilisation pratique \u00e0 distance. L'appareil est con\u00e7u pour r\u00e9pondre \u00e0 des exigences de puissance \u00e9lev\u00e9es gr\u00e2ce \u00e0 ses sp\u00e9cifications robustes en mati\u00e8re de tension et de courant. Sa conception vise \u00e0 fournir une alimentation stable et fiable pour diverses applications. L'inclusion d'une t\u00e9l\u00e9commande am\u00e9liore son utilisation dans les installations automatis\u00e9es ou difficiles d'acc\u00e8s. Globalement, le SPS5083X combine une tension \u00e9lev\u00e9e, une capacit\u00e9 de courant et des capacit\u00e9s de contr\u00f4le \u00e0 distance dans une configuration \u00e0 canal unique.<\/p>","protected":false},"excerpt":{"rendered":"<p>80V\/45A\/1080W\uff0cAlimentation \u00e0 d\u00e9coupage monocanal<\/p>","protected":false},"featured_media":5073,"comment_status":"closed","ping_status":"closed","template":"","meta":{"_acf_changed":false,"slim_seo":{"title":"SPS5083X - YOTAVIS AG","description":"80V\/45A\/1080W\uff0cAlimentation \u00e0 d\u00e9coupage monocanal"}},"product_brand":[506],"product_cat":[516,515],"product_tag":[],"class_list":{"0":"post-3603","1":"product","2":"type-product","3":"status-publish","4":"has-post-thumbnail","6":"product_brand-siglent","7":"product_cat-dc-source-en","8":"product_cat-power-en","9":"pa_current-a-411","10":"pa_output-number-146","11":"pa_power-w-407","12":"pa_remote-control-yes","13":"pa_voltage-v-155","15":"first","16":"instock","17":"taxable","18":"shipping-taxable","19":"purchasable","20":"product-type-simple"},"acf":[],"_links":{"self":[{"href":"https:\/\/yotavis.ch\/fr\/wp-json\/wp\/v2\/product\/3603","targetHints":{"allow":["GET"]}}],"collection":[{"href":"https:\/\/yotavis.ch\/fr\/wp-json\/wp\/v2\/product"}],"about":[{"href":"https:\/\/yotavis.ch\/fr\/wp-json\/wp\/v2\/types\/product"}],"replies":[{"embeddable":true,"href":"https:\/\/yotavis.ch\/fr\/wp-json\/wp\/v2\/comments?post=3603"}],"wp:featuredmedia":[{"embeddable":true,"href":"https:\/\/yotavis.ch\/fr\/wp-json\/wp\/v2\/media\/5073"}],"wp:attachment":[{"href":"https:\/\/yotavis.ch\/fr\/wp-json\/wp\/v2\/media?parent=3603"}],"wp:term":[{"taxonomy":"product_brand","embeddable":true,"href":"https:\/\/yotavis.ch\/fr\/wp-json\/wp\/v2\/product_brand?post=3603"},{"taxonomy":"product_cat","embeddable":true,"href":"https:\/\/yotavis.ch\/fr\/wp-json\/wp\/v2\/product_cat?post=3603"},{"taxonomy":"product_tag","embeddable":true,"href":"https:\/\/yotavis.ch\/fr\/wp-json\/wp\/v2\/product_tag?post=3603"}],"curies":[{"name":"wp","href":"https:\/\/api.w.org\/{rel}","templated":true}]}}