{"id":3611,"date":"2025-10-09T00:00:00","date_gmt":"2025-10-08T22:00:00","guid":{"rendered":"https:\/\/yotavis.ch\/product\/sdl1020x-e\/"},"modified":"2026-04-24T13:27:41","modified_gmt":"2026-04-24T11:27:41","slug":"sdl1020x-e","status":"publish","type":"product","link":"https:\/\/yotavis.ch\/fr\/produit\/sdl1020x-e\/","title":{"rendered":"SDL1020X-E"},"content":{"rendered":"<p>Le SDL1020X-E de Siglent d\u00e9livre une puissance de 200W avec une tension maximale de 150V et une capacit\u00e9 de courant de 30A. Il dispose d'un mode dynamique CC fonctionnant \u00e0 25KHz et prend en charge une plage de temps de mont\u00e9e du courant de 0,001 \u00e0 2,5A par microseconde. L'appareil comprend un \u00e9cran TFT-LCD de 3,5 pouces pour l'affichage et offre de multiples options de connectivit\u00e9 telles que les interfaces RS232, USB, LAN et GPIB. Il dispose d'un seul canal de sortie et prend en charge la fonctionnalit\u00e9 de contr\u00f4le \u00e0 distance, ce qui permet un fonctionnement flexible. La r\u00e9solution de mesure est fix\u00e9e \u00e0 1mV par 1mA, ce qui permet un contr\u00f4le et une surveillance pr\u00e9cis des param\u00e8tres \u00e9lectriques. Ce mod\u00e8le est con\u00e7u pour r\u00e9pondre \u00e0 divers besoins de test et de mesure gr\u00e2ce \u00e0 sa combinaison de puissance, de vitesse et de polyvalence d'interface.<\/p>","protected":false},"excerpt":{"rendered":"<p>200W\uff1bDC150V\/30A\uff0cCC Dynamic Mode 25KHz \uff1bcurrent rise time range 0.001-2.5A\/us; 1mV\/1mA;3.5&#8242; TFT-LCD; RS232\/USB\/LAN\/GPIB<\/p>","protected":false},"featured_media":5084,"comment_status":"closed","ping_status":"closed","template":"","meta":{"_acf_changed":false,"slim_seo":{"title":"SDL1020X-E - YOTAVIS AG","description":"200W\uff1bDC150V\/30A\uff0cCC Dynamic Mode 25KHz \uff1bgamme de temps de mont\u00e9e de courant 0.001-2.5A\/us ; 1mV\/1mA;3.5' TFT-LCD ; RS232\/USB\/LAN\/GPIB"}},"product_brand":[506],"product_cat":[517,515],"product_tag":[],"class_list":{"0":"post-3611","1":"product","2":"type-product","3":"status-publish","4":"has-post-thumbnail","6":"product_brand-siglent","7":"product_cat-dc-load-en","8":"product_cat-power-en","9":"pa_current-a-404","10":"pa_output-number-146","11":"pa_power-w-414","12":"pa_remote-control-yes","13":"pa_voltage-v-150","15":"first","16":"instock","17":"taxable","18":"shipping-taxable","19":"purchasable","20":"product-type-simple"},"acf":[],"_links":{"self":[{"href":"https:\/\/yotavis.ch\/fr\/wp-json\/wp\/v2\/product\/3611","targetHints":{"allow":["GET"]}}],"collection":[{"href":"https:\/\/yotavis.ch\/fr\/wp-json\/wp\/v2\/product"}],"about":[{"href":"https:\/\/yotavis.ch\/fr\/wp-json\/wp\/v2\/types\/product"}],"replies":[{"embeddable":true,"href":"https:\/\/yotavis.ch\/fr\/wp-json\/wp\/v2\/comments?post=3611"}],"wp:featuredmedia":[{"embeddable":true,"href":"https:\/\/yotavis.ch\/fr\/wp-json\/wp\/v2\/media\/5084"}],"wp:attachment":[{"href":"https:\/\/yotavis.ch\/fr\/wp-json\/wp\/v2\/media?parent=3611"}],"wp:term":[{"taxonomy":"product_brand","embeddable":true,"href":"https:\/\/yotavis.ch\/fr\/wp-json\/wp\/v2\/product_brand?post=3611"},{"taxonomy":"product_cat","embeddable":true,"href":"https:\/\/yotavis.ch\/fr\/wp-json\/wp\/v2\/product_cat?post=3611"},{"taxonomy":"product_tag","embeddable":true,"href":"https:\/\/yotavis.ch\/fr\/wp-json\/wp\/v2\/product_tag?post=3611"}],"curies":[{"name":"wp","href":"https:\/\/api.w.org\/{rel}","templated":true}]}}