{"id":3613,"date":"2025-10-09T00:00:00","date_gmt":"2025-10-08T22:00:00","guid":{"rendered":"https:\/\/yotavis.ch\/product\/sdl1030x-e\/"},"modified":"2026-04-24T13:27:42","modified_gmt":"2026-04-24T11:27:42","slug":"sdl1030x-e","status":"publish","type":"product","link":"https:\/\/yotavis.ch\/fr\/produit\/sdl1030x-e\/","title":{"rendered":"SDL1030X-E"},"content":{"rendered":"<p>Le SDL1030X-E de Siglent d\u00e9livre une puissance de 300W avec une tension maximale de 150V et une capacit\u00e9 de courant de 30A. Il dispose d'un mode dynamique CC fonctionnant \u00e0 25KHz et supporte une gamme de temps de mont\u00e9e du courant de 0,001 \u00e0 2,5A par microseconde. Le dispositif offre des capacit\u00e9s de mesure pr\u00e9cises avec une r\u00e9solution de 1mV par 1mA. Il est \u00e9quip\u00e9 d'un \u00e9cran TFT-LCD de 3,5 pouces pour une visualisation claire des param\u00e8tres et des donn\u00e9es. Les options de connectivit\u00e9 comprennent des interfaces RS232, USB, LAN et GPIB, ce qui permet une commande \u00e0 distance polyvalente et l'int\u00e9gration dans divers syst\u00e8mes. L'appareil dispose d'un seul canal de sortie et prend en charge la fonctionnalit\u00e9 de contr\u00f4le \u00e0 distance, ce qui permet de l'utiliser dans diff\u00e9rentes applications.<\/p>","protected":false},"excerpt":{"rendered":"<p>300W\uff1bDC150V\/30A\uff0cCC Dynamic Mode 25KHz \uff1bcurrent rise time range 0.001-2.5A\/us; 1mV\/1mA;3.5&#8242; TFT-LCD; RS232\/USB\/LAN\/GPIB<\/p>","protected":false},"featured_media":5097,"comment_status":"closed","ping_status":"closed","template":"","meta":{"_acf_changed":false,"slim_seo":{"title":"SDL1030X-E - YOTAVIS AG","description":"300W\uff1bDC150V\/30A\uff0cCC Dynamic Mode 25KHz \uff1bgamme de temps de mont\u00e9e de courant 0.001-2.5A\/us ; 1mV\/1mA;3.5' TFT-LCD ; RS232\/USB\/LAN\/GPIB"}},"product_brand":[506],"product_cat":[517,515],"product_tag":[],"class_list":{"0":"post-3613","1":"product","2":"type-product","3":"status-publish","4":"has-post-thumbnail","6":"product_brand-siglent","7":"product_cat-dc-load-en","8":"product_cat-power-en","9":"pa_current-a-404","10":"pa_output-number-146","11":"pa_power-w-416","12":"pa_remote-control-yes","13":"pa_voltage-v-150","15":"first","16":"instock","17":"taxable","18":"shipping-taxable","19":"purchasable","20":"product-type-simple"},"acf":[],"_links":{"self":[{"href":"https:\/\/yotavis.ch\/fr\/wp-json\/wp\/v2\/product\/3613","targetHints":{"allow":["GET"]}}],"collection":[{"href":"https:\/\/yotavis.ch\/fr\/wp-json\/wp\/v2\/product"}],"about":[{"href":"https:\/\/yotavis.ch\/fr\/wp-json\/wp\/v2\/types\/product"}],"replies":[{"embeddable":true,"href":"https:\/\/yotavis.ch\/fr\/wp-json\/wp\/v2\/comments?post=3613"}],"wp:featuredmedia":[{"embeddable":true,"href":"https:\/\/yotavis.ch\/fr\/wp-json\/wp\/v2\/media\/5097"}],"wp:attachment":[{"href":"https:\/\/yotavis.ch\/fr\/wp-json\/wp\/v2\/media?parent=3613"}],"wp:term":[{"taxonomy":"product_brand","embeddable":true,"href":"https:\/\/yotavis.ch\/fr\/wp-json\/wp\/v2\/product_brand?post=3613"},{"taxonomy":"product_cat","embeddable":true,"href":"https:\/\/yotavis.ch\/fr\/wp-json\/wp\/v2\/product_cat?post=3613"},{"taxonomy":"product_tag","embeddable":true,"href":"https:\/\/yotavis.ch\/fr\/wp-json\/wp\/v2\/product_tag?post=3613"}],"curies":[{"name":"wp","href":"https:\/\/api.w.org\/{rel}","templated":true}]}}