{"id":3614,"date":"2025-10-09T00:00:00","date_gmt":"2025-10-08T22:00:00","guid":{"rendered":"https:\/\/yotavis.ch\/product\/sdl1030x\/"},"modified":"2026-04-24T13:27:42","modified_gmt":"2026-04-24T11:27:42","slug":"sdl1030x","status":"publish","type":"product","link":"https:\/\/yotavis.ch\/fr\/produit\/sdl1030x\/","title":{"rendered":"SDL1030X"},"content":{"rendered":"<p>Le SDL1030X de Siglent d\u00e9livre une puissance de 300W avec une tension maximale de 150V et une capacit\u00e9 de courant de 30A. Il dispose d'un mode dynamique CC fonctionnant \u00e0 25KHz et supporte une gamme de temps de mont\u00e9e du courant de 0,001 \u00e0 2,5A par microseconde. L'appareil offre une r\u00e9solution de mesure pr\u00e9cise avec des incr\u00e9ments de 0,1mV et 0,1mA. Il est \u00e9quip\u00e9 d'un \u00e9cran TFT-LCD de 3,5 pouces pour une visualisation claire des donn\u00e9es et des param\u00e8tres. Les options de connectivit\u00e9 comprennent des interfaces RS232, USB, LAN et GPIB, ce qui permet un contr\u00f4le \u00e0 distance polyvalent et une int\u00e9gration dans divers syst\u00e8mes. Le SDL1030X dispose d'un seul canal de sortie et prend en charge la fonctionnalit\u00e9 de contr\u00f4le \u00e0 distance, ce qui am\u00e9liore son utilisation dans diff\u00e9rentes applications.<\/p>","protected":false},"excerpt":{"rendered":"<p>300W\uff1bDC150V\/30A\uff0cCC Dynamic Mode 25KHz \uff1bcurrent rise time range 0.001-2.5A\/us; 0.1mV\/0.1mA;3.5&#8242; TFT-LCD; RS232\/USB\/LAN\/GPIB<\/p>","protected":false},"featured_media":5098,"comment_status":"closed","ping_status":"closed","template":"","meta":{"_acf_changed":false,"slim_seo":{"title":"SDL1030X - YOTAVIS AG","description":"300W\uff1bDC150V\/30A\uff0cCC Dynamic Mode 25KHz \uff1bgamme de temps de mont\u00e9e de courant 0.001-2.5A\/us ; 0.1mV\/0.1mA;3.5' TFT-LCD ; RS232\/USB\/LAN\/GPIB"}},"product_brand":[506],"product_cat":[517,515],"product_tag":[],"class_list":{"0":"post-3614","1":"product","2":"type-product","3":"status-publish","4":"has-post-thumbnail","6":"product_brand-siglent","7":"product_cat-dc-load-en","8":"product_cat-power-en","9":"pa_current-a-404","10":"pa_output-number-146","11":"pa_power-w-416","12":"pa_remote-control-yes","13":"pa_voltage-v-150","15":"first","16":"instock","17":"taxable","18":"shipping-taxable","19":"purchasable","20":"product-type-simple"},"acf":[],"_links":{"self":[{"href":"https:\/\/yotavis.ch\/fr\/wp-json\/wp\/v2\/product\/3614","targetHints":{"allow":["GET"]}}],"collection":[{"href":"https:\/\/yotavis.ch\/fr\/wp-json\/wp\/v2\/product"}],"about":[{"href":"https:\/\/yotavis.ch\/fr\/wp-json\/wp\/v2\/types\/product"}],"replies":[{"embeddable":true,"href":"https:\/\/yotavis.ch\/fr\/wp-json\/wp\/v2\/comments?post=3614"}],"wp:featuredmedia":[{"embeddable":true,"href":"https:\/\/yotavis.ch\/fr\/wp-json\/wp\/v2\/media\/5098"}],"wp:attachment":[{"href":"https:\/\/yotavis.ch\/fr\/wp-json\/wp\/v2\/media?parent=3614"}],"wp:term":[{"taxonomy":"product_brand","embeddable":true,"href":"https:\/\/yotavis.ch\/fr\/wp-json\/wp\/v2\/product_brand?post=3614"},{"taxonomy":"product_cat","embeddable":true,"href":"https:\/\/yotavis.ch\/fr\/wp-json\/wp\/v2\/product_cat?post=3614"},{"taxonomy":"product_tag","embeddable":true,"href":"https:\/\/yotavis.ch\/fr\/wp-json\/wp\/v2\/product_tag?post=3614"}],"curies":[{"name":"wp","href":"https:\/\/api.w.org\/{rel}","templated":true}]}}