{"id":3615,"date":"2025-10-09T00:00:00","date_gmt":"2025-10-08T22:00:00","guid":{"rendered":"https:\/\/yotavis.ch\/product\/sdm3045x\/"},"modified":"2026-04-24T13:27:43","modified_gmt":"2026-04-24T11:27:43","slug":"sdm3045x","status":"publish","type":"product","link":"https:\/\/yotavis.ch\/fr\/produit\/sdm3045x\/","title":{"rendered":"SDM3045X"},"content":{"rendered":"<p>Le SDM3045X de Siglent est dot\u00e9 d'un \u00e9cran de 4\u00bd chiffres et offre une vitesse de mesure de 150 lectures par seconde. Il est \u00e9quip\u00e9 d'un \u00e9cran TFT-LCD couleur de 4,3 pouces avec une r\u00e9solution de 480 par 272 pixels, offrant une sortie visuelle claire et d\u00e9taill\u00e9e. Cet appareil prend en charge les mesures True RMS pour la tension et le courant alternatifs, ce qui garantit des relev\u00e9s pr\u00e9cis dans des conditions de signal variables. La tension continue maximale qu'il peut g\u00e9rer est de 1000 volts, tandis que la tension alternative maximale est de 750 volts. Pour les mesures de courant, le courant continu maximal est de 7 amp\u00e8res. En outre, le SDM3045X peut mesurer la r\u00e9sistance jusqu'\u00e0 100 m\u00e9gaohms. La fonctionnalit\u00e9 True RMS est incluse, ce qui est essentiel pour des mesures pr\u00e9cises en courant alternatif. Gr\u00e2ce \u00e0 cette combinaison de caract\u00e9ristiques, le SDM3045X convient \u00e0 toute une s\u00e9rie de t\u00e2ches de mesure \u00e9lectrique.<\/p>","protected":false},"excerpt":{"rendered":"<p>4\u00bd chiffres ; vitesse de mesure de 150rdgs \/ s ; \u00e9cran TFT-LCD couleur de 4,3 pouces (480 * 272) ; mesures de tension et de courant AC RMS r\u00e9elles<\/p>","protected":false},"featured_media":5106,"comment_status":"closed","ping_status":"closed","template":"","meta":{"_acf_changed":false,"slim_seo":{"title":"SDM3045X - YOTAVIS AG","description":"4\u00bd chiffres ; vitesse de mesure de 150rdgs \/ s ; \u00e9cran TFT-LCD couleur de 4,3 pouces (480 * 272) ; mesures de tension et de courant AC RMS r\u00e9elles"}},"product_brand":[506],"product_cat":[519,518],"product_tag":[],"class_list":{"0":"post-3615","1":"product","2":"type-product","3":"status-publish","4":"has-post-thumbnail","6":"product_brand-siglent","7":"product_cat-desktop-meters-en","8":"product_cat-meters","9":"pa_digits-4-5","10":"pa_imax-dc-a-160","11":"pa_resistance-max-m-162","12":"pa_true-rms-yes","13":"pa_vmax-ac-v-161","14":"pa_vmax-dc-v-159","16":"first","17":"instock","18":"taxable","19":"shipping-taxable","20":"purchasable","21":"product-type-simple"},"acf":[],"_links":{"self":[{"href":"https:\/\/yotavis.ch\/fr\/wp-json\/wp\/v2\/product\/3615","targetHints":{"allow":["GET"]}}],"collection":[{"href":"https:\/\/yotavis.ch\/fr\/wp-json\/wp\/v2\/product"}],"about":[{"href":"https:\/\/yotavis.ch\/fr\/wp-json\/wp\/v2\/types\/product"}],"replies":[{"embeddable":true,"href":"https:\/\/yotavis.ch\/fr\/wp-json\/wp\/v2\/comments?post=3615"}],"wp:featuredmedia":[{"embeddable":true,"href":"https:\/\/yotavis.ch\/fr\/wp-json\/wp\/v2\/media\/5106"}],"wp:attachment":[{"href":"https:\/\/yotavis.ch\/fr\/wp-json\/wp\/v2\/media?parent=3615"}],"wp:term":[{"taxonomy":"product_brand","embeddable":true,"href":"https:\/\/yotavis.ch\/fr\/wp-json\/wp\/v2\/product_brand?post=3615"},{"taxonomy":"product_cat","embeddable":true,"href":"https:\/\/yotavis.ch\/fr\/wp-json\/wp\/v2\/product_cat?post=3615"},{"taxonomy":"product_tag","embeddable":true,"href":"https:\/\/yotavis.ch\/fr\/wp-json\/wp\/v2\/product_tag?post=3615"}],"curies":[{"name":"wp","href":"https:\/\/api.w.org\/{rel}","templated":true}]}}