{"id":3616,"date":"2025-10-09T00:00:00","date_gmt":"2025-10-08T22:00:00","guid":{"rendered":"https:\/\/yotavis.ch\/product\/sdm3055\/"},"modified":"2026-04-24T13:27:43","modified_gmt":"2026-04-24T11:27:43","slug":"sdm3055","status":"publish","type":"product","link":"https:\/\/yotavis.ch\/fr\/produit\/sdm3055\/","title":{"rendered":"SDM3055"},"content":{"rendered":"<p>Le SDM3055 de Siglent est dot\u00e9 d'un \u00e9cran de 5\u00bd chiffres et offre une vitesse de mesure de 150 lectures par seconde. Il est \u00e9quip\u00e9 d'un \u00e9cran TFT-LCD couleur de 4,3 pouces avec une r\u00e9solution de 480 par 272 pixels, offrant une sortie visuelle claire et d\u00e9taill\u00e9e. Cet appareil prend en charge les mesures True RMS pour la tension et le courant alternatifs, ce qui garantit des relev\u00e9s pr\u00e9cis dans divers environnements \u00e9lectriques. La tension continue maximale qu'il peut g\u00e9rer est de 1000 volts, tandis que la tension alternative maximale est de 750 volts. Pour les mesures de courant, le courant continu maximal est de 7 amp\u00e8res. En outre, le SDM3055 peut mesurer une r\u00e9sistance allant jusqu'\u00e0 100 m\u00e9gaohms. Ces sp\u00e9cifications le rendent adapt\u00e9 \u00e0 une gamme d'applications de test et de mesure \u00e9lectriques o\u00f9 la pr\u00e9cision et la fiabilit\u00e9 sont requises.<\/p>","protected":false},"excerpt":{"rendered":"<p>5\u00bd chiffres ; vitesse de mesure de 150rdgs \/ s ; \u00e9cran TFT-LCD couleur de 4,3 pouces (480 * 272) ; mesures de tension et de courant AC RMS r\u00e9elles<\/p>","protected":false},"featured_media":5108,"comment_status":"closed","ping_status":"closed","template":"","meta":{"_acf_changed":false,"slim_seo":{"title":"SDM3055 - YOTAVIS AG","description":"5\u00bd chiffres ; vitesse de mesure de 150rdgs \/ s ; \u00e9cran TFT-LCD couleur de 4,3 pouces (480 * 272) ; mesures de tension et de courant AC RMS r\u00e9elles"}},"product_brand":[506],"product_cat":[519,518],"product_tag":[],"class_list":{"0":"post-3616","1":"product","2":"type-product","3":"status-publish","4":"has-post-thumbnail","6":"product_brand-siglent","7":"product_cat-desktop-meters-en","8":"product_cat-meters","9":"pa_digits-5-5","10":"pa_imax-dc-a-160","11":"pa_resistance-max-m-162","12":"pa_true-rms-yes","13":"pa_vmax-ac-v-161","14":"pa_vmax-dc-v-159","16":"first","17":"instock","18":"taxable","19":"shipping-taxable","20":"purchasable","21":"product-type-simple"},"acf":[],"_links":{"self":[{"href":"https:\/\/yotavis.ch\/fr\/wp-json\/wp\/v2\/product\/3616","targetHints":{"allow":["GET"]}}],"collection":[{"href":"https:\/\/yotavis.ch\/fr\/wp-json\/wp\/v2\/product"}],"about":[{"href":"https:\/\/yotavis.ch\/fr\/wp-json\/wp\/v2\/types\/product"}],"replies":[{"embeddable":true,"href":"https:\/\/yotavis.ch\/fr\/wp-json\/wp\/v2\/comments?post=3616"}],"wp:featuredmedia":[{"embeddable":true,"href":"https:\/\/yotavis.ch\/fr\/wp-json\/wp\/v2\/media\/5108"}],"wp:attachment":[{"href":"https:\/\/yotavis.ch\/fr\/wp-json\/wp\/v2\/media?parent=3616"}],"wp:term":[{"taxonomy":"product_brand","embeddable":true,"href":"https:\/\/yotavis.ch\/fr\/wp-json\/wp\/v2\/product_brand?post=3616"},{"taxonomy":"product_cat","embeddable":true,"href":"https:\/\/yotavis.ch\/fr\/wp-json\/wp\/v2\/product_cat?post=3616"},{"taxonomy":"product_tag","embeddable":true,"href":"https:\/\/yotavis.ch\/fr\/wp-json\/wp\/v2\/product_tag?post=3616"}],"curies":[{"name":"wp","href":"https:\/\/api.w.org\/{rel}","templated":true}]}}