{"id":3617,"date":"2025-10-09T00:00:00","date_gmt":"2025-10-08T22:00:00","guid":{"rendered":"https:\/\/yotavis.ch\/product\/sdm3055-sc\/"},"modified":"2026-04-24T13:27:43","modified_gmt":"2026-04-24T11:27:43","slug":"sdm3055-sc","status":"publish","type":"product","link":"https:\/\/yotavis.ch\/fr\/produit\/sdm3055-sc\/","title":{"rendered":"SDM3055-SC"},"content":{"rendered":"<p>Le SDM3055-SC de Siglent est dot\u00e9 d'un \u00e9cran \u00e0 5,5 chiffres et supporte une tension continue maximale de 1000 volts ainsi qu'un courant continu maximal de 7 amp\u00e8res. Il est capable de g\u00e9rer jusqu'\u00e0 750 volts AC et offre une plage de mesure de r\u00e9sistance jusqu'\u00e0 100 m\u00e9gaohms. Ce mod\u00e8le est dot\u00e9 d'une fonction de mesure True RMS, qui garantit des lectures pr\u00e9cises des signaux CA. L'appareil est \u00e9quip\u00e9 d'une carte scanner (SC1016) qui permet une vitesse de balayage de 50 canaux par seconde, facilitant ainsi les mesures multi-canaux. Gr\u00e2ce \u00e0 ces sp\u00e9cifications, le SDM3055-SC convient \u00e0 diverses applications de test et de mesure \u00e9lectriques o\u00f9 des capacit\u00e9s de tension et de courant \u00e9lev\u00e9es sont requises, ainsi que des mesures pr\u00e9cises de r\u00e9sistance et de valeur efficace.<\/p>","protected":false},"excerpt":{"rendered":"<p>SDM3055+Carte scanner \uff08SC1016\uff09<\/p>","protected":false},"featured_media":5115,"comment_status":"closed","ping_status":"closed","template":"","meta":{"_acf_changed":false,"slim_seo":{"title":"SDM3055-SC - YOTAVIS AG","description":"SDM3055+Carte scanner \uff08SC1016\uff09"}},"product_brand":[506],"product_cat":[1191,519,518],"product_tag":[],"class_list":{"0":"post-3617","1":"product","2":"type-product","3":"status-publish","4":"has-post-thumbnail","6":"product_brand-siglent","7":"product_cat-datalogger","8":"product_cat-desktop-meters-en","9":"product_cat-meters","10":"pa_channels-419","11":"pa_digits-5-5","12":"pa_imax-dc-a-160","13":"pa_resistance-max-m-162","14":"pa_scan-speed-ch-s-420","15":"pa_true-rms-yes","16":"pa_vmax-ac-v-161","17":"pa_vmax-dc-v-159","19":"first","20":"instock","21":"taxable","22":"shipping-taxable","23":"purchasable","24":"product-type-simple"},"acf":[],"_links":{"self":[{"href":"https:\/\/yotavis.ch\/fr\/wp-json\/wp\/v2\/product\/3617","targetHints":{"allow":["GET"]}}],"collection":[{"href":"https:\/\/yotavis.ch\/fr\/wp-json\/wp\/v2\/product"}],"about":[{"href":"https:\/\/yotavis.ch\/fr\/wp-json\/wp\/v2\/types\/product"}],"replies":[{"embeddable":true,"href":"https:\/\/yotavis.ch\/fr\/wp-json\/wp\/v2\/comments?post=3617"}],"wp:featuredmedia":[{"embeddable":true,"href":"https:\/\/yotavis.ch\/fr\/wp-json\/wp\/v2\/media\/5115"}],"wp:attachment":[{"href":"https:\/\/yotavis.ch\/fr\/wp-json\/wp\/v2\/media?parent=3617"}],"wp:term":[{"taxonomy":"product_brand","embeddable":true,"href":"https:\/\/yotavis.ch\/fr\/wp-json\/wp\/v2\/product_brand?post=3617"},{"taxonomy":"product_cat","embeddable":true,"href":"https:\/\/yotavis.ch\/fr\/wp-json\/wp\/v2\/product_cat?post=3617"},{"taxonomy":"product_tag","embeddable":true,"href":"https:\/\/yotavis.ch\/fr\/wp-json\/wp\/v2\/product_tag?post=3617"}],"curies":[{"name":"wp","href":"https:\/\/api.w.org\/{rel}","templated":true}]}}