{"id":3618,"date":"2025-10-09T00:00:00","date_gmt":"2025-10-08T22:00:00","guid":{"rendered":"https:\/\/yotavis.ch\/product\/sdm3065x\/"},"modified":"2026-04-24T13:27:43","modified_gmt":"2026-04-24T11:27:43","slug":"sdm3065x","status":"publish","type":"product","link":"https:\/\/yotavis.ch\/fr\/produit\/sdm3065x\/","title":{"rendered":"SDM3065X"},"content":{"rendered":"<p>Le SDM3065X de Siglent est dot\u00e9 d'une r\u00e9solution de 6\u00bd chiffres et offre une vitesse d'\u00e9chantillonnage de 10 000 lectures par seconde. Il est \u00e9quip\u00e9 d'un \u00e9cran TFT-LCD couleur de 4,3 pouces avec une r\u00e9solution de 480 par 272 pixels, offrant une sortie visuelle claire et d\u00e9taill\u00e9e. Cet appareil prend en charge les mesures True RMS pour la tension et le courant alternatifs, ce qui garantit des mesures pr\u00e9cises dans diverses applications \u00e9lectriques. L'instrument prend en charge une interface GPIB et est compatible avec une carte scanner, ce qui permet d'\u00e9tendre la connectivit\u00e9 et les fonctionnalit\u00e9s. Sa tension maximale en courant continu est de 1000 volts et son courant maximal en courant continu est de 7 amp\u00e8res. Pour les mesures en courant alternatif, la tension maximale est de 750 volts. L'appareil peut mesurer des r\u00e9sistances jusqu'\u00e0 100 m\u00e9gaohms. La fonction True RMS est incluse, ce qui am\u00e9liore la pr\u00e9cision des mesures en courant alternatif. Le SDM3065X est con\u00e7u pour r\u00e9pondre aux besoins des utilisateurs n\u00e9cessitant une acquisition de donn\u00e9es \u00e0 haute r\u00e9solution et \u00e0 grande vitesse dans les t\u00e2ches de test et de mesure \u00e9lectriques.<\/p>","protected":false},"excerpt":{"rendered":"<p>6\u00bd chiffres ; vitesse d'\u00e9chantillonnage de 10000rdgs\/s ; \u00e9cran TFT-LCD couleur de 4,3 pouces (480 * 272) ; mesures de tension et de courant AC RMS ; supporte l'interface GPIB, carte scanner<\/p>","protected":false},"featured_media":5117,"comment_status":"closed","ping_status":"closed","template":"","meta":{"_acf_changed":false,"slim_seo":{"title":"SDM3065X - YOTAVIS AG","description":"6\u00bd-digit; 10000rdgs\/s sampling speed; 4.3 inch (480 * 272) true color TFT-LCD screen display; True RMS AC voltage and AC current measurements; supports GPIB int"}},"product_brand":[506],"product_cat":[519,518],"product_tag":[],"class_list":{"0":"post-3618","1":"product","2":"type-product","3":"status-publish","4":"has-post-thumbnail","6":"product_brand-siglent","7":"product_cat-desktop-meters-en","8":"product_cat-meters","9":"pa_digits-6-5","10":"pa_imax-dc-a-160","11":"pa_resistance-max-m-162","12":"pa_true-rms-yes","13":"pa_vmax-ac-v-161","14":"pa_vmax-dc-v-159","16":"first","17":"instock","18":"taxable","19":"shipping-taxable","20":"purchasable","21":"product-type-simple"},"acf":[],"_links":{"self":[{"href":"https:\/\/yotavis.ch\/fr\/wp-json\/wp\/v2\/product\/3618","targetHints":{"allow":["GET"]}}],"collection":[{"href":"https:\/\/yotavis.ch\/fr\/wp-json\/wp\/v2\/product"}],"about":[{"href":"https:\/\/yotavis.ch\/fr\/wp-json\/wp\/v2\/types\/product"}],"replies":[{"embeddable":true,"href":"https:\/\/yotavis.ch\/fr\/wp-json\/wp\/v2\/comments?post=3618"}],"wp:featuredmedia":[{"embeddable":true,"href":"https:\/\/yotavis.ch\/fr\/wp-json\/wp\/v2\/media\/5117"}],"wp:attachment":[{"href":"https:\/\/yotavis.ch\/fr\/wp-json\/wp\/v2\/media?parent=3618"}],"wp:term":[{"taxonomy":"product_brand","embeddable":true,"href":"https:\/\/yotavis.ch\/fr\/wp-json\/wp\/v2\/product_brand?post=3618"},{"taxonomy":"product_cat","embeddable":true,"href":"https:\/\/yotavis.ch\/fr\/wp-json\/wp\/v2\/product_cat?post=3618"},{"taxonomy":"product_tag","embeddable":true,"href":"https:\/\/yotavis.ch\/fr\/wp-json\/wp\/v2\/product_tag?post=3618"}],"curies":[{"name":"wp","href":"https:\/\/api.w.org\/{rel}","templated":true}]}}