{"id":3621,"date":"2025-10-09T00:00:00","date_gmt":"2025-10-08T22:00:00","guid":{"rendered":"https:\/\/yotavis.ch\/product\/sdm4055a-sc\/"},"modified":"2026-04-24T13:27:46","modified_gmt":"2026-04-24T11:27:46","slug":"sdm4055a-sc","status":"publish","type":"product","link":"https:\/\/yotavis.ch\/fr\/produit\/sdm4055a-sc\/","title":{"rendered":"SDM4055A-SC"},"content":{"rendered":"<p>Le SDM4055A-SC est un produit de Siglent qui comprend le SDM4055 et une carte scanner (SC1016). Le SDM4055A-SC est dot\u00e9 d'un \u00e9cran \u00e0 5,5 chiffres qui permet d'effectuer des mesures pr\u00e9cises. L'appareil prend en charge une tension continue maximale de 1000 volts et un courant continu maximal de 7 amp\u00e8res, ce qui lui permet de g\u00e9rer des applications \u00e0 haute tension et \u00e0 courant \u00e9lev\u00e9. Pour les mesures en courant alternatif, il peut g\u00e9rer jusqu'\u00e0 750 volts. La capacit\u00e9 de mesure de la r\u00e9sistance s'\u00e9tend jusqu'\u00e0 100 m\u00e9gaohms. Ce mod\u00e8le est dot\u00e9 de la fonction True RMS, qui garantit une lecture pr\u00e9cise des signaux CA, quelle que soit la forme d'onde. La carte scanner permet une vitesse de balayage de 50 canaux par seconde, ce qui facilite les mesures multicanaux.<\/p>","protected":false},"excerpt":{"rendered":"<p>SDM4055+Carte scanner \uff08SC1016\uff09<\/p>","protected":false},"featured_media":5128,"comment_status":"closed","ping_status":"closed","template":"","meta":{"_acf_changed":false,"slim_seo":{"title":"SDM4055A-SC - YOTAVIS AG","description":"SDM4055+Carte scanner \uff08SC1016\uff09"}},"product_brand":[506],"product_cat":[1191,519,518],"product_tag":[],"class_list":{"0":"post-3621","1":"product","2":"type-product","3":"status-publish","4":"has-post-thumbnail","6":"product_brand-siglent","7":"product_cat-datalogger","8":"product_cat-desktop-meters-en","9":"product_cat-meters","10":"pa_channels-419","11":"pa_digits-5-5","12":"pa_imax-dc-a-160","13":"pa_resistance-max-m-162","14":"pa_scan-speed-ch-s-420","15":"pa_true-rms-yes","16":"pa_vmax-ac-v-161","17":"pa_vmax-dc-v-159","19":"first","20":"instock","21":"taxable","22":"shipping-taxable","23":"purchasable","24":"product-type-simple"},"acf":[],"_links":{"self":[{"href":"https:\/\/yotavis.ch\/fr\/wp-json\/wp\/v2\/product\/3621","targetHints":{"allow":["GET"]}}],"collection":[{"href":"https:\/\/yotavis.ch\/fr\/wp-json\/wp\/v2\/product"}],"about":[{"href":"https:\/\/yotavis.ch\/fr\/wp-json\/wp\/v2\/types\/product"}],"replies":[{"embeddable":true,"href":"https:\/\/yotavis.ch\/fr\/wp-json\/wp\/v2\/comments?post=3621"}],"wp:featuredmedia":[{"embeddable":true,"href":"https:\/\/yotavis.ch\/fr\/wp-json\/wp\/v2\/media\/5128"}],"wp:attachment":[{"href":"https:\/\/yotavis.ch\/fr\/wp-json\/wp\/v2\/media?parent=3621"}],"wp:term":[{"taxonomy":"product_brand","embeddable":true,"href":"https:\/\/yotavis.ch\/fr\/wp-json\/wp\/v2\/product_brand?post=3621"},{"taxonomy":"product_cat","embeddable":true,"href":"https:\/\/yotavis.ch\/fr\/wp-json\/wp\/v2\/product_cat?post=3621"},{"taxonomy":"product_tag","embeddable":true,"href":"https:\/\/yotavis.ch\/fr\/wp-json\/wp\/v2\/product_tag?post=3621"}],"curies":[{"name":"wp","href":"https:\/\/api.w.org\/{rel}","templated":true}]}}