{"id":3622,"date":"2025-10-09T00:00:00","date_gmt":"2025-10-08T22:00:00","guid":{"rendered":"https:\/\/yotavis.ch\/product\/sdm4065a\/"},"modified":"2026-04-24T13:27:47","modified_gmt":"2026-04-24T11:27:47","slug":"sdm4065a","status":"publish","type":"product","link":"https:\/\/yotavis.ch\/fr\/produit\/sdm4065a\/","title":{"rendered":"SDM4065A"},"content":{"rendered":"<p>Le SDM4065A de Siglent est dot\u00e9 d'une r\u00e9solution de 6\u00bd chiffres et offre une vitesse d'\u00e9chantillonnage de 50 000 lectures par seconde. Il est \u00e9quip\u00e9 d'un \u00e9cran TFT-LCD couleur de 5 pouces avec une r\u00e9solution de 800 par 480 pixels, offrant un affichage clair et d\u00e9taill\u00e9 des mesures. Cet appareil prend en charge les mesures True RMS pour la tension et le courant alternatifs, ce qui garantit des mesures pr\u00e9cises dans divers environnements \u00e9lectriques. La tension continue maximale qu'il peut g\u00e9rer est de 1000 volts, tandis que la tension alternative maximale est de 750 volts. Il peut mesurer des courants continus jusqu'\u00e0 7 amp\u00e8res et a une capacit\u00e9 de mesure de r\u00e9sistance maximale de 100 m\u00e9gaohms. La fonctionnalit\u00e9 True RMS est incluse pour fournir des mesures pr\u00e9cises de courant alternatif dans diff\u00e9rentes applications.<\/p>","protected":false},"excerpt":{"rendered":"<p>6\u00bd chiffres ; vitesse d'\u00e9chantillonnage de 50000rdgs\/s ; \u00e9cran TFT-LCD couleur de 5 pouces (800*480) ; mesures de tension et de courant AC RMS r\u00e9elles<\/p>","protected":false},"featured_media":5140,"comment_status":"closed","ping_status":"closed","template":"","meta":{"_acf_changed":false,"slim_seo":{"title":"SDM4065A - YOTAVIS AG","description":"6\u00bd chiffres ; vitesse d'\u00e9chantillonnage de 50000rdgs\/s ; \u00e9cran TFT-LCD couleur de 5 pouces (800*480) ; mesures de tension et de courant AC RMS r\u00e9elles"}},"product_brand":[506],"product_cat":[519,518],"product_tag":[],"class_list":{"0":"post-3622","1":"product","2":"type-product","3":"status-publish","4":"has-post-thumbnail","6":"product_brand-siglent","7":"product_cat-desktop-meters-en","8":"product_cat-meters","9":"pa_digits-6-5","10":"pa_imax-dc-a-160","11":"pa_resistance-max-m-162","12":"pa_true-rms-yes","13":"pa_vmax-ac-v-161","14":"pa_vmax-dc-v-159","16":"first","17":"instock","18":"taxable","19":"shipping-taxable","20":"purchasable","21":"product-type-simple"},"acf":[],"_links":{"self":[{"href":"https:\/\/yotavis.ch\/fr\/wp-json\/wp\/v2\/product\/3622","targetHints":{"allow":["GET"]}}],"collection":[{"href":"https:\/\/yotavis.ch\/fr\/wp-json\/wp\/v2\/product"}],"about":[{"href":"https:\/\/yotavis.ch\/fr\/wp-json\/wp\/v2\/types\/product"}],"replies":[{"embeddable":true,"href":"https:\/\/yotavis.ch\/fr\/wp-json\/wp\/v2\/comments?post=3622"}],"wp:featuredmedia":[{"embeddable":true,"href":"https:\/\/yotavis.ch\/fr\/wp-json\/wp\/v2\/media\/5140"}],"wp:attachment":[{"href":"https:\/\/yotavis.ch\/fr\/wp-json\/wp\/v2\/media?parent=3622"}],"wp:term":[{"taxonomy":"product_brand","embeddable":true,"href":"https:\/\/yotavis.ch\/fr\/wp-json\/wp\/v2\/product_brand?post=3622"},{"taxonomy":"product_cat","embeddable":true,"href":"https:\/\/yotavis.ch\/fr\/wp-json\/wp\/v2\/product_cat?post=3622"},{"taxonomy":"product_tag","embeddable":true,"href":"https:\/\/yotavis.ch\/fr\/wp-json\/wp\/v2\/product_tag?post=3622"}],"curies":[{"name":"wp","href":"https:\/\/api.w.org\/{rel}","templated":true}]}}