{"id":3623,"date":"2025-10-09T00:00:00","date_gmt":"2025-10-08T22:00:00","guid":{"rendered":"https:\/\/yotavis.ch\/product\/sdm4065a-sc\/"},"modified":"2026-04-24T13:27:47","modified_gmt":"2026-04-24T11:27:47","slug":"sdm4065a-sc","status":"publish","type":"product","link":"https:\/\/yotavis.ch\/fr\/produit\/sdm4065a-sc\/","title":{"rendered":"SDM4065A-SC"},"content":{"rendered":"<p>Le SDM4065A-SC est un produit de Siglent qui comprend le SDM4065A et une carte scanner (SC1016). Il est dot\u00e9 d'une r\u00e9solution de 6,5 chiffres, offrant des capacit\u00e9s de mesure pr\u00e9cises. L'appareil prend en charge une tension continue maximale de 1000 volts et un courant continu maximal de 7 amp\u00e8res. Pour les mesures en courant alternatif, il peut prendre en charge jusqu'\u00e0 750 volts. La r\u00e9sistance maximale mesurable par ce produit est de 100 m\u00e9gaohms. Il est \u00e9quip\u00e9 de la fonction True RMS, qui garantit une lecture pr\u00e9cise des signaux de courant alternatif. La carte scanner fournie permet une vitesse de balayage de 50 canaux par seconde, ce qui facilite l'acquisition efficace de donn\u00e9es sur plusieurs entr\u00e9es.<\/p>","protected":false},"excerpt":{"rendered":"<p>SDM4065A+Carte scanner \uff08SC1016\uff09<\/p>","protected":false},"featured_media":5140,"comment_status":"closed","ping_status":"closed","template":"","meta":{"_acf_changed":false,"slim_seo":{"title":"SDM4065A-SC - YOTAVIS AG","description":"SDM4065A+Carte scanner \uff08SC1016\uff09"}},"product_brand":[506],"product_cat":[1191,519,518],"product_tag":[],"class_list":{"0":"post-3623","1":"product","2":"type-product","3":"status-publish","4":"has-post-thumbnail","6":"product_brand-siglent","7":"product_cat-datalogger","8":"product_cat-desktop-meters-en","9":"product_cat-meters","10":"pa_channels-419","11":"pa_digits-6-5","12":"pa_imax-dc-a-160","13":"pa_resistance-max-m-162","14":"pa_scan-speed-ch-s-420","15":"pa_true-rms-yes","16":"pa_vmax-ac-v-161","17":"pa_vmax-dc-v-159","19":"first","20":"instock","21":"taxable","22":"shipping-taxable","23":"purchasable","24":"product-type-simple"},"acf":[],"_links":{"self":[{"href":"https:\/\/yotavis.ch\/fr\/wp-json\/wp\/v2\/product\/3623","targetHints":{"allow":["GET"]}}],"collection":[{"href":"https:\/\/yotavis.ch\/fr\/wp-json\/wp\/v2\/product"}],"about":[{"href":"https:\/\/yotavis.ch\/fr\/wp-json\/wp\/v2\/types\/product"}],"replies":[{"embeddable":true,"href":"https:\/\/yotavis.ch\/fr\/wp-json\/wp\/v2\/comments?post=3623"}],"wp:featuredmedia":[{"embeddable":true,"href":"https:\/\/yotavis.ch\/fr\/wp-json\/wp\/v2\/media\/5140"}],"wp:attachment":[{"href":"https:\/\/yotavis.ch\/fr\/wp-json\/wp\/v2\/media?parent=3623"}],"wp:term":[{"taxonomy":"product_brand","embeddable":true,"href":"https:\/\/yotavis.ch\/fr\/wp-json\/wp\/v2\/product_brand?post=3623"},{"taxonomy":"product_cat","embeddable":true,"href":"https:\/\/yotavis.ch\/fr\/wp-json\/wp\/v2\/product_cat?post=3623"},{"taxonomy":"product_tag","embeddable":true,"href":"https:\/\/yotavis.ch\/fr\/wp-json\/wp\/v2\/product_tag?post=3623"}],"curies":[{"name":"wp","href":"https:\/\/api.w.org\/{rel}","templated":true}]}}