{"id":3626,"date":"2025-10-09T00:00:00","date_gmt":"2025-10-08T22:00:00","guid":{"rendered":"https:\/\/yotavis.ch\/product\/ssg3032x\/"},"modified":"2026-04-24T13:27:48","modified_gmt":"2026-04-24T11:27:48","slug":"ssg3032x","status":"publish","type":"product","link":"https:\/\/yotavis.ch\/fr\/produit\/ssg3032x\/","title":{"rendered":"SSG3032X"},"content":{"rendered":"<p>Le Siglent SSG3032X fonctionne \u00e0 une fr\u00e9quence maximale de 3,2 GHz et offre une r\u00e9solution de fr\u00e9quence de 0,01 Hz. Il offre un bruit de phase de -110 dBc\/Hz \u00e0 1 GHz avec un d\u00e9calage de 20 kHz, garantissant une g\u00e9n\u00e9ration de signal pr\u00e9cise. L'appareil prend en charge une plage d'amplitude de -110 dBm \u00e0 +13 dBm, avec une amplitude maximale de 20 dBm. Il est \u00e9quip\u00e9 d'un \u00e9cran tactile TFT de 5 pouces, offrant une interface intuitive pour l'interaction avec l'utilisateur. La gamme de fr\u00e9quences commence \u00e0 9 kHz, ce qui permet un large spectre d'applications de g\u00e9n\u00e9ration de signaux. Le SSG3032X est con\u00e7u pour fournir des signaux de sortie pr\u00e9cis et stables sur toute sa bande passante.<\/p>","protected":false},"excerpt":{"rendered":"<p>9 K ~3,2 GHz ; -110 dBm ~ +13 dBm ; r\u00e9solution de fr\u00e9quence de 0,01Hz\uff0c-110 dBc\/Hz @1 Ghz, 20 kHz offset ; \u00e9cran tactile TFT de 5 pouces<\/p>","protected":false},"featured_media":5156,"comment_status":"closed","ping_status":"closed","template":"","meta":{"_acf_changed":false,"slim_seo":{"title":"SSG3032X - YOTAVIS AG","description":"9 K ~3,2 GHz ; -110 dBm ~ +13 dBm ; r\u00e9solution de fr\u00e9quence de 0,01Hz\uff0c-110 dBc\/Hz @1 Ghz, 20 kHz offset ; \u00e9cran tactile TFT de 5 pouces"}},"product_brand":[506],"product_cat":[513,521],"product_tag":[],"class_list":{"0":"post-3626","1":"product","2":"type-product","3":"status-publish","4":"has-post-thumbnail","6":"product_brand-siglent","7":"product_cat-generator","8":"product_cat-rf-generator","9":"pa_amplitude-dbm-170","10":"pa_channels-384","11":"pa_frequency-mhz-173","13":"first","14":"instock","15":"taxable","16":"shipping-taxable","17":"purchasable","18":"product-type-simple"},"acf":[],"_links":{"self":[{"href":"https:\/\/yotavis.ch\/fr\/wp-json\/wp\/v2\/product\/3626","targetHints":{"allow":["GET"]}}],"collection":[{"href":"https:\/\/yotavis.ch\/fr\/wp-json\/wp\/v2\/product"}],"about":[{"href":"https:\/\/yotavis.ch\/fr\/wp-json\/wp\/v2\/types\/product"}],"replies":[{"embeddable":true,"href":"https:\/\/yotavis.ch\/fr\/wp-json\/wp\/v2\/comments?post=3626"}],"wp:featuredmedia":[{"embeddable":true,"href":"https:\/\/yotavis.ch\/fr\/wp-json\/wp\/v2\/media\/5156"}],"wp:attachment":[{"href":"https:\/\/yotavis.ch\/fr\/wp-json\/wp\/v2\/media?parent=3626"}],"wp:term":[{"taxonomy":"product_brand","embeddable":true,"href":"https:\/\/yotavis.ch\/fr\/wp-json\/wp\/v2\/product_brand?post=3626"},{"taxonomy":"product_cat","embeddable":true,"href":"https:\/\/yotavis.ch\/fr\/wp-json\/wp\/v2\/product_cat?post=3626"},{"taxonomy":"product_tag","embeddable":true,"href":"https:\/\/yotavis.ch\/fr\/wp-json\/wp\/v2\/product_tag?post=3626"}],"curies":[{"name":"wp","href":"https:\/\/api.w.org\/{rel}","templated":true}]}}