{"id":3627,"date":"2025-10-09T00:00:00","date_gmt":"2025-10-08T22:00:00","guid":{"rendered":"https:\/\/yotavis.ch\/product\/ssg3032x-iqe\/"},"modified":"2026-04-24T13:27:49","modified_gmt":"2026-04-24T11:27:49","slug":"ssg3032x-iqe","status":"publish","type":"product","link":"https:\/\/yotavis.ch\/fr\/produit\/ssg3032x-iqe\/","title":{"rendered":"SSG3032X-IQE"},"content":{"rendered":"<p>Le Siglent SSG3032X-IQE fonctionne dans une gamme de fr\u00e9quences allant jusqu'\u00e0 environ 3,2 GHz et offre une r\u00e9solution de fr\u00e9quence de 0,01 Hz. Il offre un bruit de phase de -110 dBc\/Hz \u00e0 1 GHz avec un d\u00e9calage de 20 kHz, garantissant une g\u00e9n\u00e9ration de signal pr\u00e9cise. L'appareil prend en charge une plage d'amplitude de -110 dBm \u00e0 +13 dBm, avec une amplitude maximale de 20 dBm. Il est \u00e9quip\u00e9 d'un \u00e9cran tactile TFT de 5 pouces pour l'interaction avec l'utilisateur et comprend la fonction EIQ pour une analyse am\u00e9lior\u00e9e du signal. La bande passante IQ de ce mod\u00e8le est de 100 MHz, ce qui permet une caract\u00e9risation d\u00e9taill\u00e9e de la modulation et du signal. Ce produit est con\u00e7u par Siglent, une marque connue pour ses \u00e9quipements de test \u00e9lectronique.<\/p>","protected":false},"excerpt":{"rendered":"<p>9 K ~3,2 GHz ; -110 dBm ~ +13 dBm ; r\u00e9solution de fr\u00e9quence de 0,01Hz\uff0c-110 dBc\/Hz @1 Ghz, 20 kHz offset ; \u00e9cran tactile TFT 5 pouces ; avec fonction EIQ<\/p>","protected":false},"featured_media":5159,"comment_status":"closed","ping_status":"closed","template":"","meta":{"_acf_changed":false,"slim_seo":{"title":"SSG3032X-IQE - YOTAVIS AG","description":"9 K ~3,2 GHz ; -110 dBm ~ +13 dBm ; r\u00e9solution de fr\u00e9quence de 0,01Hz\uff0c-110 dBc\/Hz @1 Ghz, 20 kHz offset ; \u00e9cran tactile TFT 5 pouces ; avec fonction EIQ"}},"product_brand":[506],"product_cat":[513,522],"product_tag":[],"class_list":{"0":"post-3627","1":"product","2":"type-product","3":"status-publish","4":"has-post-thumbnail","6":"product_brand-siglent","7":"product_cat-generator","8":"product_cat-rf-vector-generator","9":"pa_amplitude-dbm-170","10":"pa_channels-384","11":"pa_frequency-mhz-173","12":"pa_iq-bandwidth-mhz-423","14":"first","15":"instock","16":"taxable","17":"shipping-taxable","18":"purchasable","19":"product-type-simple"},"acf":[],"_links":{"self":[{"href":"https:\/\/yotavis.ch\/fr\/wp-json\/wp\/v2\/product\/3627","targetHints":{"allow":["GET"]}}],"collection":[{"href":"https:\/\/yotavis.ch\/fr\/wp-json\/wp\/v2\/product"}],"about":[{"href":"https:\/\/yotavis.ch\/fr\/wp-json\/wp\/v2\/types\/product"}],"replies":[{"embeddable":true,"href":"https:\/\/yotavis.ch\/fr\/wp-json\/wp\/v2\/comments?post=3627"}],"wp:featuredmedia":[{"embeddable":true,"href":"https:\/\/yotavis.ch\/fr\/wp-json\/wp\/v2\/media\/5159"}],"wp:attachment":[{"href":"https:\/\/yotavis.ch\/fr\/wp-json\/wp\/v2\/media?parent=3627"}],"wp:term":[{"taxonomy":"product_brand","embeddable":true,"href":"https:\/\/yotavis.ch\/fr\/wp-json\/wp\/v2\/product_brand?post=3627"},{"taxonomy":"product_cat","embeddable":true,"href":"https:\/\/yotavis.ch\/fr\/wp-json\/wp\/v2\/product_cat?post=3627"},{"taxonomy":"product_tag","embeddable":true,"href":"https:\/\/yotavis.ch\/fr\/wp-json\/wp\/v2\/product_tag?post=3627"}],"curies":[{"name":"wp","href":"https:\/\/api.w.org\/{rel}","templated":true}]}}