{"id":3629,"date":"2025-10-09T00:00:00","date_gmt":"2025-10-08T22:00:00","guid":{"rendered":"https:\/\/yotavis.ch\/product\/ssg5060x\/"},"modified":"2026-04-24T13:27:50","modified_gmt":"2026-04-24T11:27:50","slug":"ssg5060x","status":"publish","type":"product","link":"https:\/\/yotavis.ch\/fr\/produit\/ssg5060x\/","title":{"rendered":"SSG5060X"},"content":{"rendered":"<p>Le Siglent SSG5060X fonctionne dans une gamme de fr\u00e9quences de 9 kHz \u00e0 6 GHz, avec une fr\u00e9quence maximale de 6000 MHz. Il offre une plage d'amplitude de -140 dBm \u00e0 +26 dBm, avec une amplitude maximale de 26 dBm. L'appareil offre une r\u00e9solution de fr\u00e9quence de 0,001 Hz, ce qui permet de g\u00e9n\u00e9rer et d'analyser des signaux avec pr\u00e9cision. Ses performances en mati\u00e8re de bruit de phase sont \u00e9valu\u00e9es \u00e0 -120 dBc\/Hz \u00e0 1 GHz avec un d\u00e9calage de 20 kHz, ce qui garantit des signaux de sortie stables et \u00e0 faible bruit. Le SSG5060X est \u00e9quip\u00e9 d'un \u00e9cran tactile TFT de 5 pouces, facilitant l'interaction et le contr\u00f4le par l'utilisateur. Cette combinaison de sp\u00e9cifications le rend adapt\u00e9 aux applications n\u00e9cessitant une grande pr\u00e9cision de fr\u00e9quence et un faible bruit de phase.<\/p>","protected":false},"excerpt":{"rendered":"<p>9 k &#8211; 6 GHz; -140 dBm ~ +26 dBm; 0.001Hz frequency resolution, Phase noise -120 dBc\/Hz @1 GHz, 20 kHz offset; 5 inch TFT touch-screen<\/p>","protected":false},"featured_media":5172,"comment_status":"closed","ping_status":"closed","template":"","meta":{"_acf_changed":false,"slim_seo":{"title":"SSG5060X - YOTAVIS AG","description":"9 k - 6 GHz ; -140 dBm ~ +26 dBm ; r\u00e9solution de fr\u00e9quence 0,001Hz, bruit de phase -120 dBc\/Hz @1 GHz, d\u00e9calage 20 kHz ; \u00e9cran tactile TFT 5 pouces"}},"product_brand":[506],"product_cat":[513,521],"product_tag":[],"class_list":{"0":"post-3629","1":"product","2":"type-product","3":"status-publish","4":"has-post-thumbnail","6":"product_brand-siglent","7":"product_cat-generator","8":"product_cat-rf-generator","9":"pa_amplitude-dbm-175","10":"pa_channels-384","11":"pa_frequency-mhz-176","13":"first","14":"instock","15":"taxable","16":"shipping-taxable","17":"purchasable","18":"product-type-simple"},"acf":[],"_links":{"self":[{"href":"https:\/\/yotavis.ch\/fr\/wp-json\/wp\/v2\/product\/3629","targetHints":{"allow":["GET"]}}],"collection":[{"href":"https:\/\/yotavis.ch\/fr\/wp-json\/wp\/v2\/product"}],"about":[{"href":"https:\/\/yotavis.ch\/fr\/wp-json\/wp\/v2\/types\/product"}],"replies":[{"embeddable":true,"href":"https:\/\/yotavis.ch\/fr\/wp-json\/wp\/v2\/comments?post=3629"}],"wp:featuredmedia":[{"embeddable":true,"href":"https:\/\/yotavis.ch\/fr\/wp-json\/wp\/v2\/media\/5172"}],"wp:attachment":[{"href":"https:\/\/yotavis.ch\/fr\/wp-json\/wp\/v2\/media?parent=3629"}],"wp:term":[{"taxonomy":"product_brand","embeddable":true,"href":"https:\/\/yotavis.ch\/fr\/wp-json\/wp\/v2\/product_brand?post=3629"},{"taxonomy":"product_cat","embeddable":true,"href":"https:\/\/yotavis.ch\/fr\/wp-json\/wp\/v2\/product_cat?post=3629"},{"taxonomy":"product_tag","embeddable":true,"href":"https:\/\/yotavis.ch\/fr\/wp-json\/wp\/v2\/product_tag?post=3629"}],"curies":[{"name":"wp","href":"https:\/\/api.w.org\/{rel}","templated":true}]}}