{"id":3630,"date":"2025-10-09T00:00:00","date_gmt":"2025-10-08T22:00:00","guid":{"rendered":"https:\/\/yotavis.ch\/product\/ssg5040x-v\/"},"modified":"2026-04-24T13:27:50","modified_gmt":"2026-04-24T11:27:50","slug":"ssg5040x-v","status":"publish","type":"product","link":"https:\/\/yotavis.ch\/fr\/produit\/ssg5040x-v\/","title":{"rendered":"SSG5040X-V"},"content":{"rendered":"<p>Le SSG5040X-V de Siglent fonctionne dans une gamme de fr\u00e9quences de 9 kHz \u00e0 4 GHz, avec une fr\u00e9quence maximale de 4000 MHz. Il offre une r\u00e9solution en fr\u00e9quence de 0,001 Hz et un niveau de bruit de phase de -120 dBc\/Hz \u00e0 1 GHz avec un d\u00e9calage de 20 kHz. L'appareil prend en charge une plage d'amplitude de -140 dBm \u00e0 +26 dBm, avec une amplitude maximale de 26 dBm. Il comprend un \u00e9cran tactile TFT de 5 pouces pour l'interaction avec l'utilisateur et est \u00e9quip\u00e9 d'une modulation IQ interne de 60 MHz. La largeur de bande IQ est sp\u00e9cifi\u00e9e \u00e0 150 MHz, ce qui permet une analyse d\u00e9taill\u00e9e du signal. Gr\u00e2ce \u00e0 cette combinaison de caract\u00e9ristiques, le SSG5040X-V convient aux t\u00e2ches pr\u00e9cises de g\u00e9n\u00e9ration de fr\u00e9quence et de modulation.<\/p>","protected":false},"excerpt":{"rendered":"<p>9 k &#8211; 4 GHz; -140 dBm ~ +26 dBm; 0.001Hz frequency resolution, Phase noise -120 dBc\/Hz @1 GHz, 20 kHz offset; 5 inch TFT touch-screen; with 60 MHz internal IQ modulation<\/p>","protected":false},"featured_media":5165,"comment_status":"closed","ping_status":"closed","template":"","meta":{"_acf_changed":false,"slim_seo":{"title":"SSG5040X-V - YOTAVIS AG","description":"9 k - 4 GHz; -140 dBm ~ +26 dBm; 0.001Hz frequency resolution, Phase noise -120 dBc\/Hz @1 GHz, 20 kHz offset; 5 inch TFT touch-screen; with 60 MHz internal IQ m"}},"product_brand":[506],"product_cat":[513,522],"product_tag":[],"class_list":{"0":"post-3630","1":"product","2":"type-product","3":"status-publish","4":"has-post-thumbnail","6":"product_brand-siglent","7":"product_cat-generator","8":"product_cat-rf-vector-generator","9":"pa_amplitude-dbm-175","10":"pa_channels-384","11":"pa_frequency-mhz-174","12":"pa_iq-bandwidth-mhz-425","14":"first","15":"instock","16":"taxable","17":"shipping-taxable","18":"purchasable","19":"product-type-simple"},"acf":[],"_links":{"self":[{"href":"https:\/\/yotavis.ch\/fr\/wp-json\/wp\/v2\/product\/3630","targetHints":{"allow":["GET"]}}],"collection":[{"href":"https:\/\/yotavis.ch\/fr\/wp-json\/wp\/v2\/product"}],"about":[{"href":"https:\/\/yotavis.ch\/fr\/wp-json\/wp\/v2\/types\/product"}],"replies":[{"embeddable":true,"href":"https:\/\/yotavis.ch\/fr\/wp-json\/wp\/v2\/comments?post=3630"}],"wp:featuredmedia":[{"embeddable":true,"href":"https:\/\/yotavis.ch\/fr\/wp-json\/wp\/v2\/media\/5165"}],"wp:attachment":[{"href":"https:\/\/yotavis.ch\/fr\/wp-json\/wp\/v2\/media?parent=3630"}],"wp:term":[{"taxonomy":"product_brand","embeddable":true,"href":"https:\/\/yotavis.ch\/fr\/wp-json\/wp\/v2\/product_brand?post=3630"},{"taxonomy":"product_cat","embeddable":true,"href":"https:\/\/yotavis.ch\/fr\/wp-json\/wp\/v2\/product_cat?post=3630"},{"taxonomy":"product_tag","embeddable":true,"href":"https:\/\/yotavis.ch\/fr\/wp-json\/wp\/v2\/product_tag?post=3630"}],"curies":[{"name":"wp","href":"https:\/\/api.w.org\/{rel}","templated":true}]}}