{"id":3631,"date":"2025-10-09T00:00:00","date_gmt":"2025-10-08T22:00:00","guid":{"rendered":"https:\/\/yotavis.ch\/product\/ssg5060x-v\/"},"modified":"2026-04-24T13:27:51","modified_gmt":"2026-04-24T11:27:51","slug":"ssg5060x-v","status":"publish","type":"product","link":"https:\/\/yotavis.ch\/fr\/produit\/ssg5060x-v\/","title":{"rendered":"SSG5060X-V"},"content":{"rendered":"<p>Le Siglent SSG5060X-V fonctionne dans une gamme de fr\u00e9quences de 9 kHz \u00e0 6 GHz, offrant une r\u00e9solution de fr\u00e9quence de 0,001 Hz. Il pr\u00e9sente un niveau de bruit de phase de -120 dBc\/Hz \u00e0 1 GHz avec un d\u00e9calage de 20 kHz, garantissant une g\u00e9n\u00e9ration de signal pr\u00e9cise. L'appareil prend en charge une gamme d'amplitude de -140 dBm \u00e0 +26 dBm, avec une sortie d'amplitude maximale de 26 dBm. Il est \u00e9quip\u00e9 d'un \u00e9cran tactile TFT de 5 pouces pour l'interaction et le contr\u00f4le de l'utilisateur. En outre, le SSG5060X-V comprend une capacit\u00e9 de modulation IQ interne de 60 MHz et une largeur de bande IQ de 150 MHz. Cette combinaison de caract\u00e9ristiques le rend adapt\u00e9 \u00e0 diverses applications de g\u00e9n\u00e9ration de signaux n\u00e9cessitant une grande pr\u00e9cision et une grande flexibilit\u00e9.<\/p>","protected":false},"excerpt":{"rendered":"<p>9 k &#8211; 6 GHz; -140 dBm ~ +26 dBm; 0.001Hz frequency resolution, Phase noise -120 dBc\/Hz @1 GHz, 20 kHz offset; 5 inch TFT touch-screen; with 60 MHz internal IQ modulation<\/p>","protected":false},"featured_media":5165,"comment_status":"closed","ping_status":"closed","template":"","meta":{"_acf_changed":false,"slim_seo":{"title":"SSG5060X-V - YOTAVIS AG","description":"9 k - 6 GHz; -140 dBm ~ +26 dBm; 0.001Hz frequency resolution, Phase noise -120 dBc\/Hz @1 GHz, 20 kHz offset; 5 inch TFT touch-screen; with 60 MHz internal IQ m"}},"product_brand":[506],"product_cat":[513,522],"product_tag":[],"class_list":{"0":"post-3631","1":"product","2":"type-product","3":"status-publish","4":"has-post-thumbnail","6":"product_brand-siglent","7":"product_cat-generator","8":"product_cat-rf-vector-generator","9":"pa_amplitude-dbm-175","10":"pa_channels-384","11":"pa_frequency-mhz-176","12":"pa_iq-bandwidth-mhz-425","14":"first","15":"instock","16":"taxable","17":"shipping-taxable","18":"purchasable","19":"product-type-simple"},"acf":[],"_links":{"self":[{"href":"https:\/\/yotavis.ch\/fr\/wp-json\/wp\/v2\/product\/3631","targetHints":{"allow":["GET"]}}],"collection":[{"href":"https:\/\/yotavis.ch\/fr\/wp-json\/wp\/v2\/product"}],"about":[{"href":"https:\/\/yotavis.ch\/fr\/wp-json\/wp\/v2\/types\/product"}],"replies":[{"embeddable":true,"href":"https:\/\/yotavis.ch\/fr\/wp-json\/wp\/v2\/comments?post=3631"}],"wp:featuredmedia":[{"embeddable":true,"href":"https:\/\/yotavis.ch\/fr\/wp-json\/wp\/v2\/media\/5165"}],"wp:attachment":[{"href":"https:\/\/yotavis.ch\/fr\/wp-json\/wp\/v2\/media?parent=3631"}],"wp:term":[{"taxonomy":"product_brand","embeddable":true,"href":"https:\/\/yotavis.ch\/fr\/wp-json\/wp\/v2\/product_brand?post=3631"},{"taxonomy":"product_cat","embeddable":true,"href":"https:\/\/yotavis.ch\/fr\/wp-json\/wp\/v2\/product_cat?post=3631"},{"taxonomy":"product_tag","embeddable":true,"href":"https:\/\/yotavis.ch\/fr\/wp-json\/wp\/v2\/product_tag?post=3631"}],"curies":[{"name":"wp","href":"https:\/\/api.w.org\/{rel}","templated":true}]}}