{"id":3637,"date":"2025-10-09T00:00:00","date_gmt":"2025-10-08T22:00:00","guid":{"rendered":"https:\/\/yotavis.ch\/product\/ssa3075x-plus\/"},"modified":"2026-04-24T13:28:00","modified_gmt":"2026-04-24T11:28:00","slug":"ssa3075x-plus","status":"publish","type":"product","link":"https:\/\/yotavis.ch\/fr\/produit\/ssa3075x-plus\/","title":{"rendered":"SSA3075X Plus"},"content":{"rendered":"<p>Le SSA3075X Plus de Siglent fonctionne sur une gamme de fr\u00e9quences allant de 9 kHz \u00e0 7,5 GHz, avec une fr\u00e9quence maximale de 7 500 MHz et une fr\u00e9quence minimale de 9 000 Hz. Il pr\u00e9sente un niveau de bruit de phase inf\u00e9rieur \u00e0 -98 dBc\/Hz, garantissant une analyse pr\u00e9cise du signal. L'appareil offre une largeur de bande de r\u00e9solution (RBW) r\u00e9glable de 1 Hz \u00e0 1 MHz, ce qui permet une r\u00e9solution de fr\u00e9quence d\u00e9taill\u00e9e. Son niveau de bruit moyen minimal affich\u00e9 (DANL) est de -165 dBm\/Hz, ce qui permet la d\u00e9tection de signaux de tr\u00e8s faible niveau. La pr\u00e9cision totale de l'amplitude est maintenue en dessous de 0,7 dB, ce qui contribue \u00e0 la fiabilit\u00e9 des mesures d'amplitude. L'instrument est \u00e9quip\u00e9 d'un \u00e9cran tactile WVGA de 10,1 pouces avec une r\u00e9solution de 1024 par 600 pixels, ce qui facilite l'interaction et le contr\u00f4le par l'utilisateur. En outre, la largeur de bande d'analyse est fix\u00e9e \u00e0 1 MHz, ce qui permet de prendre en charge diverses applications d'analyse de signaux. Ce mod\u00e8le n'est pas portable et ne comprend pas de fonctions d'analyse de spectre en temps r\u00e9el.<\/p>","protected":false},"excerpt":{"rendered":"<p>9KHz-7,5GHz, bruit de phase&lt;-98dBc\/Hz, RBW 1Hz-1MHz, Min. DANL -165dBm\/Hz, pr\u00e9cision de l&#039;amplitude totale&lt;0,7dB, \u00e9cran tactile WVGA\uff081024x600\uff09 de 10,1 pouces\n<\/p>","protected":false},"featured_media":5197,"comment_status":"closed","ping_status":"closed","template":"","meta":{"_acf_changed":false,"slim_seo":{"title":"SSA3075X Plus - YOTAVIS AG","description":"9KHz-7,5GHz, bruit de phase&lt;-98dBc\/Hz, RBW 1Hz-1MHz, Min. DANL -165dBm\/Hz, pr\u00e9cision de l&#039;amplitude totale&lt;0,7dB, \u00e9cran tactile WVGA\uff081024x600\uff09 de 10,1 pouces"}},"product_brand":[506],"product_cat":[523,524],"product_tag":[],"class_list":{"0":"post-3637","1":"product","2":"type-product","3":"status-publish","4":"has-post-thumbnail","6":"product_brand-siglent","7":"product_cat-analyser","8":"product_cat-signal-spectrum-analyser","9":"pa_analysis-bandwidth-mhz-178","10":"pa_danl-dbm-hz-184","11":"pa_frequency-max-mhz-431","12":"pa_frequency-min-hz-177","13":"pa_handheld-no","14":"pa_rtsa-no","16":"first","17":"instock","18":"taxable","19":"shipping-taxable","20":"purchasable","21":"product-type-simple"},"acf":[],"_links":{"self":[{"href":"https:\/\/yotavis.ch\/fr\/wp-json\/wp\/v2\/product\/3637","targetHints":{"allow":["GET"]}}],"collection":[{"href":"https:\/\/yotavis.ch\/fr\/wp-json\/wp\/v2\/product"}],"about":[{"href":"https:\/\/yotavis.ch\/fr\/wp-json\/wp\/v2\/types\/product"}],"replies":[{"embeddable":true,"href":"https:\/\/yotavis.ch\/fr\/wp-json\/wp\/v2\/comments?post=3637"}],"wp:featuredmedia":[{"embeddable":true,"href":"https:\/\/yotavis.ch\/fr\/wp-json\/wp\/v2\/media\/5197"}],"wp:attachment":[{"href":"https:\/\/yotavis.ch\/fr\/wp-json\/wp\/v2\/media?parent=3637"}],"wp:term":[{"taxonomy":"product_brand","embeddable":true,"href":"https:\/\/yotavis.ch\/fr\/wp-json\/wp\/v2\/product_brand?post=3637"},{"taxonomy":"product_cat","embeddable":true,"href":"https:\/\/yotavis.ch\/fr\/wp-json\/wp\/v2\/product_cat?post=3637"},{"taxonomy":"product_tag","embeddable":true,"href":"https:\/\/yotavis.ch\/fr\/wp-json\/wp\/v2\/product_tag?post=3637"}],"curies":[{"name":"wp","href":"https:\/\/api.w.org\/{rel}","templated":true}]}}