{"id":3638,"date":"2025-10-09T00:00:00","date_gmt":"2025-10-08T22:00:00","guid":{"rendered":"https:\/\/yotavis.ch\/product\/ssa3032x-r\/"},"modified":"2026-04-24T13:28:04","modified_gmt":"2026-04-24T11:28:04","slug":"ssa3032x-r","status":"publish","type":"product","link":"https:\/\/yotavis.ch\/fr\/produit\/ssa3032x-r\/","title":{"rendered":"SSA3032X-R"},"content":{"rendered":"<p>Le SSA3032X-R de Siglent fonctionne sur une gamme de fr\u00e9quences allant de 9 kHz \u00e0 3,2 GHz, offrant des capacit\u00e9s de mesure polyvalentes. Il dispose d'une fonction d'analyseur de r\u00e9seau vectoriel (VNA) couvrant 100 kHz \u00e0 3,2 GHz, permettant une analyse d\u00e9taill\u00e9e du r\u00e9seau. La largeur de bande de r\u00e9solution (RBW) peut \u00eatre r\u00e9gl\u00e9e de 1 Hz \u00e0 3 MHz, ce qui permet une r\u00e9solution pr\u00e9cise du signal. L'appareil offre un niveau de bruit moyen affich\u00e9 (DANL) de -165 dBm\/Hz, garantissant la sensibilit\u00e9 aux signaux de faible niveau. Le bruit de phase est inf\u00e9rieur \u00e0 -98 dBc\/Hz, ce qui contribue \u00e0 la clart\u00e9 du signal. La bande passante en temps r\u00e9el est disponible \u00e0 25 MHz, avec une mise \u00e0 niveau optionnelle \u00e0 40 MHz, ce qui permet une analyse compl\u00e8te du spectre en temps r\u00e9el. Les modes de mesure de l'analyseur de spectre en temps r\u00e9el (RTSA) comprennent la densit\u00e9, le spectrogramme, la 3D et le PvT, ce qui am\u00e9liore la visualisation du signal. En outre, l'instrument prend en charge les fonctions standard VNA et DTF (Distance-to-Fault), ce qui \u00e9largit sa gamme d'applications. La fr\u00e9quence maximale est de 3,2 GHz et la fr\u00e9quence minimale de 9 kHz. Ce mod\u00e8le n'est pas portable et comprend une bande passante d'analyse de 40 MHz.<\/p>","protected":false},"excerpt":{"rendered":"<p>SA 9 kHz &#8211; 3.2 GHz; VNA 100kHz~3.2GHz; RBW 1 Hz &#8211; 3 MHz; DANL -165 dBm\/Hz; Phase Noise &lt;-98 dBc\/Hz ; largeur de bande en temps r\u00e9el 25 MHz (option 40 MHz) ; mesure RTSA : Densit\u00e9, Spectrogramme, 3D, PvT\uff0c Fonction VNA et DTF standard\n<\/p>","protected":false},"featured_media":5202,"comment_status":"closed","ping_status":"closed","template":"","meta":{"_acf_changed":false,"slim_seo":{"title":"SSA3032X-R - YOTAVIS AG","description":"SA 9 kHz - 3,2 GHz ; VNA 100kHz~3,2GHz ; RBW 1 Hz - 3 MHz ; DANL -165 dBm\/Hz ; bruit de phase <-98 dBc\/Hz; Real Time Band Width 25 MHz(Option 40 MHz); RTSA Measurement"}},"product_brand":[506],"product_cat":[523,524],"product_tag":[],"class_list":{"0":"post-3638","1":"product","2":"type-product","3":"status-publish","4":"has-post-thumbnail","6":"product_brand-siglent","7":"product_cat-analyser","8":"product_cat-signal-spectrum-analyser","9":"pa_analysis-bandwidth-mhz-185","10":"pa_danl-dbm-hz-184","11":"pa_frequency-max-mhz-429","12":"pa_frequency-min-hz-177","13":"pa_handheld-no","14":"pa_rtsa-opt","16":"first","17":"instock","18":"taxable","19":"shipping-taxable","20":"purchasable","21":"product-type-simple"},"acf":[],"_links":{"self":[{"href":"https:\/\/yotavis.ch\/fr\/wp-json\/wp\/v2\/product\/3638","targetHints":{"allow":["GET"]}}],"collection":[{"href":"https:\/\/yotavis.ch\/fr\/wp-json\/wp\/v2\/product"}],"about":[{"href":"https:\/\/yotavis.ch\/fr\/wp-json\/wp\/v2\/types\/product"}],"replies":[{"embeddable":true,"href":"https:\/\/yotavis.ch\/fr\/wp-json\/wp\/v2\/comments?post=3638"}],"wp:featuredmedia":[{"embeddable":true,"href":"https:\/\/yotavis.ch\/fr\/wp-json\/wp\/v2\/media\/5202"}],"wp:attachment":[{"href":"https:\/\/yotavis.ch\/fr\/wp-json\/wp\/v2\/media?parent=3638"}],"wp:term":[{"taxonomy":"product_brand","embeddable":true,"href":"https:\/\/yotavis.ch\/fr\/wp-json\/wp\/v2\/product_brand?post=3638"},{"taxonomy":"product_cat","embeddable":true,"href":"https:\/\/yotavis.ch\/fr\/wp-json\/wp\/v2\/product_cat?post=3638"},{"taxonomy":"product_tag","embeddable":true,"href":"https:\/\/yotavis.ch\/fr\/wp-json\/wp\/v2\/product_tag?post=3638"}],"curies":[{"name":"wp","href":"https:\/\/api.w.org\/{rel}","templated":true}]}}