{"id":3639,"date":"2025-10-09T00:00:00","date_gmt":"2025-10-08T22:00:00","guid":{"rendered":"https:\/\/yotavis.ch\/product\/ssa3050x-r\/"},"modified":"2026-04-24T13:28:05","modified_gmt":"2026-04-24T11:28:05","slug":"ssa3050x-r","status":"publish","type":"product","link":"https:\/\/yotavis.ch\/fr\/produit\/ssa3050x-r\/","title":{"rendered":"SSA3050X-R"},"content":{"rendered":"<p>Le SSA3050X-R de Siglent fonctionne sur une gamme de fr\u00e9quences allant de 9 kHz \u00e0 5 GHz, offrant une capacit\u00e9 d'analyse de spectre polyvalente. Il dispose d'une largeur de bande de r\u00e9solution (RBW) r\u00e9glable de 1 Hz \u00e0 3 MHz, permettant un examen d\u00e9taill\u00e9 du signal. L'appareil offre un niveau de bruit moyen affich\u00e9 (DANL) de -165 dBm\/Hz, ce qui garantit la sensibilit\u00e9 aux signaux de faible niveau. Le bruit de phase est inf\u00e9rieur \u00e0 -98 dBc\/Hz, ce qui contribue \u00e0 la clart\u00e9 du signal. Les options de bande passante en temps r\u00e9el comprennent 25 MHz et 40 MHz, permettant des mesures avanc\u00e9es d'analyse de spectre en temps r\u00e9el (RTSA) telles que densit\u00e9, spectrogramme, 3D, PvT, ainsi que les fonctions standard d'analyseur de r\u00e9seau vectoriel (VNA) et de distance par rapport au d\u00e9faut (DTF). La bande passante d'analyse est sp\u00e9cifi\u00e9e \u00e0 40 MHz, ce qui am\u00e9liore la capacit\u00e9 de l'appareil \u00e0 capturer et \u00e0 analyser des signaux \u00e0 large bande. Ce mod\u00e8le n'est pas portable, ce qui signifie qu'il est con\u00e7u pour une utilisation sur table ou dans une installation fixe.<\/p>","protected":false},"excerpt":{"rendered":"<p>SA 9 kHz &#8211; 5 GHz; RBW 1 Hz &#8211; 3 MHz; DANL -165 dBm\/Hz; Phase Noise &lt;-98 dBc\/Hz ; largeur de bande en temps r\u00e9el 25 MHz, 40 MHz ; mesure RTSA : Densit\u00e9, Spectrogramme, 3D, PvT, VNA standard et fonction DTF\n<\/p>","protected":false},"featured_media":5205,"comment_status":"closed","ping_status":"closed","template":"","meta":{"_acf_changed":false,"slim_seo":{"title":"SSA3050X-R - YOTAVIS AG","description":"SA 9 kHz - 5 GHz ; RBW 1 Hz - 3 MHz ; DANL -165 dBm\/Hz ; bruit de phase <-98 dBc\/Hz; Real Time Band Width 25 MHz, 40 MHz; RTSA Measurement: Density, Spectrogram, 3D,"}},"product_brand":[506],"product_cat":[523,524],"product_tag":[],"class_list":{"0":"post-3639","1":"product","2":"type-product","3":"status-publish","4":"has-post-thumbnail","6":"product_brand-siglent","7":"product_cat-analyser","8":"product_cat-signal-spectrum-analyser","9":"pa_analysis-bandwidth-mhz-185","10":"pa_danl-dbm-hz-184","11":"pa_frequency-max-mhz-432","12":"pa_frequency-min-hz-177","13":"pa_handheld-no","14":"pa_rtsa-opt","16":"first","17":"instock","18":"taxable","19":"shipping-taxable","20":"purchasable","21":"product-type-simple"},"acf":[],"_links":{"self":[{"href":"https:\/\/yotavis.ch\/fr\/wp-json\/wp\/v2\/product\/3639","targetHints":{"allow":["GET"]}}],"collection":[{"href":"https:\/\/yotavis.ch\/fr\/wp-json\/wp\/v2\/product"}],"about":[{"href":"https:\/\/yotavis.ch\/fr\/wp-json\/wp\/v2\/types\/product"}],"replies":[{"embeddable":true,"href":"https:\/\/yotavis.ch\/fr\/wp-json\/wp\/v2\/comments?post=3639"}],"wp:featuredmedia":[{"embeddable":true,"href":"https:\/\/yotavis.ch\/fr\/wp-json\/wp\/v2\/media\/5205"}],"wp:attachment":[{"href":"https:\/\/yotavis.ch\/fr\/wp-json\/wp\/v2\/media?parent=3639"}],"wp:term":[{"taxonomy":"product_brand","embeddable":true,"href":"https:\/\/yotavis.ch\/fr\/wp-json\/wp\/v2\/product_brand?post=3639"},{"taxonomy":"product_cat","embeddable":true,"href":"https:\/\/yotavis.ch\/fr\/wp-json\/wp\/v2\/product_cat?post=3639"},{"taxonomy":"product_tag","embeddable":true,"href":"https:\/\/yotavis.ch\/fr\/wp-json\/wp\/v2\/product_tag?post=3639"}],"curies":[{"name":"wp","href":"https:\/\/api.w.org\/{rel}","templated":true}]}}