{"id":3640,"date":"2025-10-09T00:00:00","date_gmt":"2025-10-08T22:00:00","guid":{"rendered":"https:\/\/yotavis.ch\/product\/ssa3075x-r\/"},"modified":"2026-04-24T13:28:05","modified_gmt":"2026-04-24T11:28:05","slug":"ssa3075x-r","status":"publish","type":"product","link":"https:\/\/yotavis.ch\/fr\/produit\/ssa3075x-r\/","title":{"rendered":"SSA3075X-R"},"content":{"rendered":"<p>Le SSA3075X-R de Siglent fonctionne sur une gamme de fr\u00e9quences allant de 9 kHz \u00e0 7,5 GHz, avec une largeur de bande de r\u00e9solution (RBW) r\u00e9glable entre 1 Hz et 3 MHz. Il pr\u00e9sente un niveau de bruit moyen affich\u00e9 (DANL) de -165 dBm\/Hz, offrant un faible bruit de fond pour l'analyse des signaux. Le bruit de phase est sp\u00e9cifi\u00e9 \u00e0 moins de -98 dBc\/Hz, ce qui contribue \u00e0 la clart\u00e9 du signal pendant les mesures. Ce mod\u00e8le prend en charge les options de bande passante en temps r\u00e9el de 25 MHz et 40 MHz, ce qui permet une capture et une analyse d\u00e9taill\u00e9es des signaux. Les capacit\u00e9s de mesure de l'analyseur de spectre en temps r\u00e9el (RTSA) comprennent la densit\u00e9, le spectrogramme, la 3D, le PvT, ainsi que les fonctions standard d'analyseur de r\u00e9seau vectoriel (VNA) et de distance par rapport au d\u00e9faut (DTF). La fr\u00e9quence maximale support\u00e9e est de 7,5 GHz, tandis que la fr\u00e9quence minimale est de 9 kHz. La largeur de bande d'analyse est de 40 MHz, ce qui permet un examen complet des caract\u00e9ristiques du signal sur un large spectre. Cet instrument n'est pas portable, il est donc con\u00e7u pour une utilisation sur table ou fixe.<\/p>","protected":false},"excerpt":{"rendered":"<p>SA 9 kHz &#8211; 7.5 GHz; RBW 1 Hz &#8211; 3 MHz; DANL -165 dBm\/Hz; Phase Noise &lt;-98 dBc\/Hz ; largeur de bande en temps r\u00e9el 25 MHz, 40 MHz ; mesure RTSA : Densit\u00e9, Spectrogramme, 3D, PvT, VNA standard et fonction DTF\n<\/p>","protected":false},"featured_media":5205,"comment_status":"closed","ping_status":"closed","template":"","meta":{"_acf_changed":false,"slim_seo":{"title":"SSA3075X-R - YOTAVIS AG","description":"SA 9 kHz - 7,5 GHz ; RBW 1 Hz - 3 MHz ; DANL -165 dBm\/Hz ; bruit de phase <-98 dBc\/Hz; Real Time Band Width 25 MHz, 40 MHz; RTSA Measurement: Density, Spectrogram, 3D"}},"product_brand":[506],"product_cat":[523,524],"product_tag":[],"class_list":{"0":"post-3640","1":"product","2":"type-product","3":"status-publish","4":"has-post-thumbnail","6":"product_brand-siglent","7":"product_cat-analyser","8":"product_cat-signal-spectrum-analyser","9":"pa_analysis-bandwidth-mhz-185","10":"pa_danl-dbm-hz-184","11":"pa_frequency-max-mhz-431","12":"pa_frequency-min-hz-177","13":"pa_handheld-no","14":"pa_rtsa-opt","16":"first","17":"instock","18":"taxable","19":"shipping-taxable","20":"purchasable","21":"product-type-simple"},"acf":[],"_links":{"self":[{"href":"https:\/\/yotavis.ch\/fr\/wp-json\/wp\/v2\/product\/3640","targetHints":{"allow":["GET"]}}],"collection":[{"href":"https:\/\/yotavis.ch\/fr\/wp-json\/wp\/v2\/product"}],"about":[{"href":"https:\/\/yotavis.ch\/fr\/wp-json\/wp\/v2\/types\/product"}],"replies":[{"embeddable":true,"href":"https:\/\/yotavis.ch\/fr\/wp-json\/wp\/v2\/comments?post=3640"}],"wp:featuredmedia":[{"embeddable":true,"href":"https:\/\/yotavis.ch\/fr\/wp-json\/wp\/v2\/media\/5205"}],"wp:attachment":[{"href":"https:\/\/yotavis.ch\/fr\/wp-json\/wp\/v2\/media?parent=3640"}],"wp:term":[{"taxonomy":"product_brand","embeddable":true,"href":"https:\/\/yotavis.ch\/fr\/wp-json\/wp\/v2\/product_brand?post=3640"},{"taxonomy":"product_cat","embeddable":true,"href":"https:\/\/yotavis.ch\/fr\/wp-json\/wp\/v2\/product_cat?post=3640"},{"taxonomy":"product_tag","embeddable":true,"href":"https:\/\/yotavis.ch\/fr\/wp-json\/wp\/v2\/product_tag?post=3640"}],"curies":[{"name":"wp","href":"https:\/\/api.w.org\/{rel}","templated":true}]}}