{"id":3641,"date":"2025-10-09T00:00:00","date_gmt":"2025-10-08T22:00:00","guid":{"rendered":"https:\/\/yotavis.ch\/product\/sva1015x\/"},"modified":"2026-04-24T13:28:06","modified_gmt":"2026-04-24T11:28:06","slug":"sva1015x","status":"publish","type":"product","link":"https:\/\/yotavis.ch\/fr\/produit\/sva1015x\/","title":{"rendered":"SVA1015X"},"content":{"rendered":"<p>Le Siglent SVA1015X fonctionne sur une gamme de fr\u00e9quences allant de 9 kHz \u00e0 1,5 GHz, combinant un analyseur de spectre et un analyseur de r\u00e9seau vectoriel avec une gamme de fr\u00e9quences allant de 10 MHz \u00e0 1,5 GHz. Il pr\u00e9sente un niveau de bruit de phase inf\u00e9rieur \u00e0 -98 dBc\/Hz, ce qui garantit une analyse pr\u00e9cise des signaux. La largeur de bande de r\u00e9solution (RBW) peut \u00eatre r\u00e9gl\u00e9e de 1 Hz \u00e0 1 MHz, ce qui permet une r\u00e9solution de fr\u00e9quence d\u00e9taill\u00e9e. L'appareil offre un niveau de bruit moyen affich\u00e9 minimum (DANL) de -156 dBm\/Hz, ce qui permet la d\u00e9tection de signaux de tr\u00e8s faible niveau. Sa pr\u00e9cision d'amplitude totale est maintenue en dessous de 1,2 dB, ce qui contribue \u00e0 la fiabilit\u00e9 des mesures d'amplitude. Le SVA1015X prend en charge un g\u00e9n\u00e9rateur de poursuite (TG), ce qui am\u00e9liore ses capacit\u00e9s de test. Il comprend deux ports et poss\u00e8de une plage dynamique de 90 dB. Ce mod\u00e8le n'est pas portable et a une fr\u00e9quence maximale de 1,5 GHz.<\/p>","protected":false},"excerpt":{"rendered":"<p>9 KHz &#8211; 1.5 GHz SA, 10MHz &#8211; 1.5GHz VNA, Phase Noise &lt; -98 dBc\/Hz, RBW 1 Hz - 1 MHz, Min. DANL -156 dBm\/Hz, pr\u00e9cision de l&#039;amplitude totale&lt;1,2 dB, Support TG ;\n<\/p>","protected":false},"featured_media":5219,"comment_status":"closed","ping_status":"closed","template":"","meta":{"_acf_changed":false,"slim_seo":{"title":"SVA1015X - YOTAVIS AG","description":"9 KHz - 1,5 GHz SA, 10MHz - 1,5 GHz VNA, bruit de phase &lt; -98 dBc\/Hz, RBW 1 Hz - 1 MHz, Min. DANL -156 dBm\/Hz, pr\u00e9cision de l&#039;amplitude totale&lt;1,2 dB, Support TG ;"}},"product_brand":[506],"product_cat":[523,525],"product_tag":[],"class_list":{"0":"post-3641","1":"product","2":"type-product","3":"status-publish","4":"has-post-thumbnail","6":"product_brand-siglent","7":"product_cat-analyser","8":"product_cat-vna","9":"pa_dynamic-range-db-187","10":"pa_frequency-max-mhz-430","11":"pa_frequency-min-hz-177","12":"pa_handheld-no","13":"pa_ports-188","15":"first","16":"instock","17":"taxable","18":"shipping-taxable","19":"purchasable","20":"product-type-simple"},"acf":[],"_links":{"self":[{"href":"https:\/\/yotavis.ch\/fr\/wp-json\/wp\/v2\/product\/3641","targetHints":{"allow":["GET"]}}],"collection":[{"href":"https:\/\/yotavis.ch\/fr\/wp-json\/wp\/v2\/product"}],"about":[{"href":"https:\/\/yotavis.ch\/fr\/wp-json\/wp\/v2\/types\/product"}],"replies":[{"embeddable":true,"href":"https:\/\/yotavis.ch\/fr\/wp-json\/wp\/v2\/comments?post=3641"}],"wp:featuredmedia":[{"embeddable":true,"href":"https:\/\/yotavis.ch\/fr\/wp-json\/wp\/v2\/media\/5219"}],"wp:attachment":[{"href":"https:\/\/yotavis.ch\/fr\/wp-json\/wp\/v2\/media?parent=3641"}],"wp:term":[{"taxonomy":"product_brand","embeddable":true,"href":"https:\/\/yotavis.ch\/fr\/wp-json\/wp\/v2\/product_brand?post=3641"},{"taxonomy":"product_cat","embeddable":true,"href":"https:\/\/yotavis.ch\/fr\/wp-json\/wp\/v2\/product_cat?post=3641"},{"taxonomy":"product_tag","embeddable":true,"href":"https:\/\/yotavis.ch\/fr\/wp-json\/wp\/v2\/product_tag?post=3641"}],"curies":[{"name":"wp","href":"https:\/\/api.w.org\/{rel}","templated":true}]}}