{"id":3642,"date":"2025-10-09T00:00:00","date_gmt":"2025-10-08T22:00:00","guid":{"rendered":"https:\/\/yotavis.ch\/product\/sva1032x\/"},"modified":"2026-04-24T13:28:06","modified_gmt":"2026-04-24T11:28:06","slug":"sva1032x","status":"publish","type":"product","link":"https:\/\/yotavis.ch\/fr\/produit\/sva1032x\/","title":{"rendered":"SVA1032X"},"content":{"rendered":"<p>Le Siglent SVA1032X fonctionne sur une gamme de fr\u00e9quences allant de 9 kHz \u00e0 3,2 GHz, combinant un analyseur de spectre et un analyseur de r\u00e9seau vectoriel avec une gamme de fr\u00e9quences allant de 100 kHz \u00e0 3,2 GHz. Il pr\u00e9sente un niveau de bruit de phase inf\u00e9rieur \u00e0 -98 dBc\/Hz et offre une largeur de bande de r\u00e9solution (RBW) r\u00e9glable de 1 Hz \u00e0 1 MHz. Le dispositif atteint un niveau de bruit moyen affich\u00e9 minimum (DANL) de -161 dBm\/Hz, ce qui garantit une grande sensibilit\u00e9 dans la d\u00e9tection des signaux. Sa pr\u00e9cision d'amplitude totale est maintenue en dessous de 0,7 dB, ce qui permet des mesures d'amplitude pr\u00e9cises. L'analyseur prend en charge une fonction de g\u00e9n\u00e9rateur de poursuite (TG), ce qui am\u00e9liore ses capacit\u00e9s de test. Avec une plage dynamique de 90 dB et deux ports disponibles, le SVA1032X est con\u00e7u pour des applications d'analyse de signaux polyvalentes. Ce mod\u00e8le n'est pas portable et couvre une fr\u00e9quence maximale de 3,2 GHz, ce qui le rend adapt\u00e9 \u00e0 une large gamme de sc\u00e9narios de test RF.<\/p>","protected":false},"excerpt":{"rendered":"<p>9 KHz &#8211; 3.2 GHz SA, 100kHz-3.2GHz VNA, Phase Noise &lt; -98 dBc\/Hz, RBW 1 Hz - 1 MHz, Min. DANL -161 dBm\/Hz, pr\u00e9cision de l&#039;amplitude totale&lt;0,7 dB, Support TG ;\n<\/p>","protected":false},"featured_media":5210,"comment_status":"closed","ping_status":"closed","template":"","meta":{"_acf_changed":false,"slim_seo":{"title":"SVA1032X - YOTAVIS AG","description":"9 KHz - 3,2 GHz SA, 100kHz-3,2GHz VNA, bruit de phase &lt; -98 dBc\/Hz, RBW 1 Hz - 1 MHz, Min. DANL -161 dBm\/Hz, pr\u00e9cision de l&#039;amplitude totale&lt;0,7 dB, Support TG ;"}},"product_brand":[506],"product_cat":[523,525],"product_tag":[],"class_list":{"0":"post-3642","1":"product","2":"type-product","3":"status-publish","4":"has-post-thumbnail","6":"product_brand-siglent","7":"product_cat-analyser","8":"product_cat-vna","9":"pa_dynamic-range-db-187","10":"pa_frequency-max-mhz-429","11":"pa_frequency-min-hz-177","12":"pa_handheld-no","13":"pa_ports-188","15":"first","16":"instock","17":"taxable","18":"shipping-taxable","19":"purchasable","20":"product-type-simple"},"acf":[],"_links":{"self":[{"href":"https:\/\/yotavis.ch\/fr\/wp-json\/wp\/v2\/product\/3642","targetHints":{"allow":["GET"]}}],"collection":[{"href":"https:\/\/yotavis.ch\/fr\/wp-json\/wp\/v2\/product"}],"about":[{"href":"https:\/\/yotavis.ch\/fr\/wp-json\/wp\/v2\/types\/product"}],"replies":[{"embeddable":true,"href":"https:\/\/yotavis.ch\/fr\/wp-json\/wp\/v2\/comments?post=3642"}],"wp:featuredmedia":[{"embeddable":true,"href":"https:\/\/yotavis.ch\/fr\/wp-json\/wp\/v2\/media\/5210"}],"wp:attachment":[{"href":"https:\/\/yotavis.ch\/fr\/wp-json\/wp\/v2\/media?parent=3642"}],"wp:term":[{"taxonomy":"product_brand","embeddable":true,"href":"https:\/\/yotavis.ch\/fr\/wp-json\/wp\/v2\/product_brand?post=3642"},{"taxonomy":"product_cat","embeddable":true,"href":"https:\/\/yotavis.ch\/fr\/wp-json\/wp\/v2\/product_cat?post=3642"},{"taxonomy":"product_tag","embeddable":true,"href":"https:\/\/yotavis.ch\/fr\/wp-json\/wp\/v2\/product_tag?post=3642"}],"curies":[{"name":"wp","href":"https:\/\/api.w.org\/{rel}","templated":true}]}}