{"id":3645,"date":"2025-10-09T00:00:00","date_gmt":"2025-10-08T22:00:00","guid":{"rendered":"https:\/\/yotavis.ch\/product\/sha852a\/"},"modified":"2026-04-24T13:28:10","modified_gmt":"2026-04-24T11:28:10","slug":"sha852a","status":"publish","type":"product","link":"https:\/\/yotavis.ch\/fr\/produit\/sha852a\/","title":{"rendered":"SHA852A"},"content":{"rendered":"<p>Le Siglent SHA852A est un analyseur de spectre portable qui fonctionne sur une gamme de fr\u00e9quences allant de 9 kHz \u00e0 7,5 GHz, offrant des capacit\u00e9s d'analyse polyvalentes pour diff\u00e9rents types de signaux. Il fonctionne \u00e9galement comme un analyseur de c\u00e2bles et d'antennes couvrant les fr\u00e9quences de 100 kHz \u00e0 7,5 GHz. L'appareil affiche un niveau de bruit moyen de -165 dBm\/Hz, ce qui permet une d\u00e9tection sensible des signaux. Son bruit de phase est \u00e9valu\u00e9 \u00e0 -104 dBc\/Hz, ce qui contribue \u00e0 la pr\u00e9cision des mesures de fr\u00e9quence. L'analyseur prend en charge une largeur de bande d'analyse de 3 MHz, ce qui permet un examen d\u00e9taill\u00e9 des caract\u00e9ristiques du signal. Con\u00e7u pour la portabilit\u00e9, le SHA852A est portable, ce qui le rend adapt\u00e9 \u00e0 une utilisation sur le terrain. La fr\u00e9quence maximale qu'il peut mesurer est de 7,5 GHz, tandis que la fr\u00e9quence minimale est de 9 kHz. Cette combinaison de caract\u00e9ristiques fait du SHA852A un outil complet pour les t\u00e2ches d'analyse de spectre et de c\u00e2ble.<\/p>","protected":false},"excerpt":{"rendered":"<p>Analyseur de spectre portatif 9 kHz~7,5 GHz, analyseur de c\u00e2ble et d'antenne 100 kHz~7,5 GHz, moyenne affich\u00e9e -165 dBm\/Hz<\/p>","protected":false},"featured_media":5224,"comment_status":"closed","ping_status":"closed","template":"","meta":{"_acf_changed":false,"slim_seo":{"title":"SHA852A - YOTAVIS AG","description":"Analyseur de spectre portatif 9 kHz~7,5 GHz, analyseur de c\u00e2ble et d'antenne 100 kHz~7,5 GHz, moyenne affich\u00e9e -165 dBm\/Hz"}},"product_brand":[506],"product_cat":[523,524],"product_tag":[],"class_list":{"0":"post-3645","1":"product","2":"type-product","3":"status-publish","4":"has-post-thumbnail","6":"product_brand-siglent","7":"product_cat-analyser","8":"product_cat-signal-spectrum-analyser","9":"pa_analysis-bandwidth-mhz-191","10":"pa_danl-dbm-hz-184","11":"pa_frequency-max-mhz-431","12":"pa_frequency-min-hz-177","13":"pa_handheld-yes","14":"pa_rtsa-no","16":"first","17":"instock","18":"taxable","19":"shipping-taxable","20":"purchasable","21":"product-type-simple"},"acf":[],"_links":{"self":[{"href":"https:\/\/yotavis.ch\/fr\/wp-json\/wp\/v2\/product\/3645","targetHints":{"allow":["GET"]}}],"collection":[{"href":"https:\/\/yotavis.ch\/fr\/wp-json\/wp\/v2\/product"}],"about":[{"href":"https:\/\/yotavis.ch\/fr\/wp-json\/wp\/v2\/types\/product"}],"replies":[{"embeddable":true,"href":"https:\/\/yotavis.ch\/fr\/wp-json\/wp\/v2\/comments?post=3645"}],"wp:featuredmedia":[{"embeddable":true,"href":"https:\/\/yotavis.ch\/fr\/wp-json\/wp\/v2\/media\/5224"}],"wp:attachment":[{"href":"https:\/\/yotavis.ch\/fr\/wp-json\/wp\/v2\/media?parent=3645"}],"wp:term":[{"taxonomy":"product_brand","embeddable":true,"href":"https:\/\/yotavis.ch\/fr\/wp-json\/wp\/v2\/product_brand?post=3645"},{"taxonomy":"product_cat","embeddable":true,"href":"https:\/\/yotavis.ch\/fr\/wp-json\/wp\/v2\/product_cat?post=3645"},{"taxonomy":"product_tag","embeddable":true,"href":"https:\/\/yotavis.ch\/fr\/wp-json\/wp\/v2\/product_tag?post=3645"}],"curies":[{"name":"wp","href":"https:\/\/api.w.org\/{rel}","templated":true}]}}