{"id":3646,"date":"2025-10-09T00:00:00","date_gmt":"2025-10-08T22:00:00","guid":{"rendered":"https:\/\/yotavis.ch\/product\/ant-gps1\/"},"modified":"2026-04-24T13:28:13","modified_gmt":"2026-04-24T11:28:13","slug":"ant-gps1","status":"publish","type":"product","link":"https:\/\/yotavis.ch\/fr\/produit\/ant-gps1\/","title":{"rendered":"ANT-GPS1"},"content":{"rendered":"<p>L'ANT-GPS1 est une antenne GPS fabriqu\u00e9e par Siglent, dot\u00e9e d'un connecteur m\u00e2le SMA et d'une longueur de c\u00e2ble de 100 centim\u00e8tres. Cette antenne est con\u00e7ue pour recevoir des signaux GPS et est \u00e9quip\u00e9e d'une interface SMA(M) standard, ce qui assure la compatibilit\u00e9 avec divers dispositifs et r\u00e9cepteurs GPS. La longueur du c\u00e2ble de 100 cm permet de positionner l'antenne de mani\u00e8re flexible pour une r\u00e9ception optimale des signaux. Le produit est identifi\u00e9 par le num\u00e9ro de mod\u00e8le ANT-GPS1 et fait partie de la gamme de composants \u00e9lectroniques de Siglent. Aucune sp\u00e9cification \u00e9lectrique suppl\u00e9mentaire, telle que la puissance, la tension ou l'intensit\u00e9, n'est fournie pour cette antenne. La conception se concentre sur la connectivit\u00e9 et l'acquisition de signaux par le biais du connecteur m\u00e2le SMA, qui est couramment utilis\u00e9 dans les applications GPS et RF. Cette antenne peut \u00eatre int\u00e9gr\u00e9e dans des syst\u00e8mes n\u00e9cessitant la r\u00e9ception de signaux GPS \u00e0 l'aide d'un type de connecteur fiable et normalis\u00e9.<\/p>","protected":false},"excerpt":{"rendered":"<p>Antenne GPS, SMA(M), 100cm<\/p>","protected":false},"featured_media":5230,"comment_status":"closed","ping_status":"closed","template":"","meta":{"_acf_changed":false,"slim_seo":{"title":"ANT-GPS1 - YOTAVIS AG","description":"Antenne GPS, SMA(M), 100cm"}},"product_brand":[506],"product_cat":[526,527],"product_tag":[],"class_list":{"0":"post-3646","1":"product","2":"type-product","3":"status-publish","4":"has-post-thumbnail","6":"product_brand-siglent","7":"product_cat-accessories","8":"product_cat-antenna-en","10":"first","11":"instock","12":"taxable","13":"shipping-taxable","14":"purchasable","15":"product-type-simple"},"acf":[],"_links":{"self":[{"href":"https:\/\/yotavis.ch\/fr\/wp-json\/wp\/v2\/product\/3646","targetHints":{"allow":["GET"]}}],"collection":[{"href":"https:\/\/yotavis.ch\/fr\/wp-json\/wp\/v2\/product"}],"about":[{"href":"https:\/\/yotavis.ch\/fr\/wp-json\/wp\/v2\/types\/product"}],"replies":[{"embeddable":true,"href":"https:\/\/yotavis.ch\/fr\/wp-json\/wp\/v2\/comments?post=3646"}],"wp:featuredmedia":[{"embeddable":true,"href":"https:\/\/yotavis.ch\/fr\/wp-json\/wp\/v2\/media\/5230"}],"wp:attachment":[{"href":"https:\/\/yotavis.ch\/fr\/wp-json\/wp\/v2\/media?parent=3646"}],"wp:term":[{"taxonomy":"product_brand","embeddable":true,"href":"https:\/\/yotavis.ch\/fr\/wp-json\/wp\/v2\/product_brand?post=3646"},{"taxonomy":"product_cat","embeddable":true,"href":"https:\/\/yotavis.ch\/fr\/wp-json\/wp\/v2\/product_cat?post=3646"},{"taxonomy":"product_tag","embeddable":true,"href":"https:\/\/yotavis.ch\/fr\/wp-json\/wp\/v2\/product_tag?post=3646"}],"curies":[{"name":"wp","href":"https:\/\/api.w.org\/{rel}","templated":true}]}}