{"id":3647,"date":"2025-10-09T00:00:00","date_gmt":"2025-10-08T22:00:00","guid":{"rendered":"https:\/\/yotavis.ch\/product\/ant-da1\/"},"modified":"2026-04-24T13:28:13","modified_gmt":"2026-04-24T11:28:13","slug":"ant-da1","status":"publish","type":"product","link":"https:\/\/yotavis.ch\/fr\/produit\/ant-da1\/","title":{"rendered":"ANT-DA1"},"content":{"rendered":"<p>Le ANT-DA1 est un ensemble d'antennes directionnelles dot\u00e9 d'un connecteur de type N, con\u00e7u par Siglent. Ce produit est sp\u00e9cialement con\u00e7u pour les applications n\u00e9cessitant la r\u00e9ception ou la transmission de signaux directionnels. Le connecteur de type N assure une connexion s\u00fbre et fiable, adapt\u00e9e \u00e0 divers environnements RF. En tant qu'antenne directionnelle, il concentre le signal dans une direction sp\u00e9cifique, ce qui peut \u00eatre essentiel pour am\u00e9liorer la qualit\u00e9 du signal et r\u00e9duire les interf\u00e9rences provenant de sources ind\u00e9sirables. La conception et les sp\u00e9cifications de l'ANT-DA1 la rendent compatible avec les \u00e9quipements qui prennent en charge les connecteurs de type N. Cet ensemble d'antennes fait partie de la gamme de composants RF de Siglent, r\u00e9put\u00e9s pour leur pr\u00e9cision et leur ing\u00e9nierie. Il est destin\u00e9 \u00e0 \u00eatre utilis\u00e9 dans des sc\u00e9narios o\u00f9 un contr\u00f4le directionnel du signal est n\u00e9cessaire.<\/p>","protected":false},"excerpt":{"rendered":"<p>Confection d'antenne directionnelle, type N,<\/p>","protected":false},"featured_media":5231,"comment_status":"closed","ping_status":"closed","template":"","meta":{"_acf_changed":false,"slim_seo":{"title":"ANT-DA1 - YOTAVIS AG","description":"Confection d'antenne directionnelle, type N,"}},"product_brand":[506],"product_cat":[526,527],"product_tag":[],"class_list":{"0":"post-3647","1":"product","2":"type-product","3":"status-publish","4":"has-post-thumbnail","6":"product_brand-siglent","7":"product_cat-accessories","8":"product_cat-antenna-en","10":"first","11":"instock","12":"taxable","13":"shipping-taxable","14":"purchasable","15":"product-type-simple"},"acf":[],"_links":{"self":[{"href":"https:\/\/yotavis.ch\/fr\/wp-json\/wp\/v2\/product\/3647","targetHints":{"allow":["GET"]}}],"collection":[{"href":"https:\/\/yotavis.ch\/fr\/wp-json\/wp\/v2\/product"}],"about":[{"href":"https:\/\/yotavis.ch\/fr\/wp-json\/wp\/v2\/types\/product"}],"replies":[{"embeddable":true,"href":"https:\/\/yotavis.ch\/fr\/wp-json\/wp\/v2\/comments?post=3647"}],"wp:featuredmedia":[{"embeddable":true,"href":"https:\/\/yotavis.ch\/fr\/wp-json\/wp\/v2\/media\/5231"}],"wp:attachment":[{"href":"https:\/\/yotavis.ch\/fr\/wp-json\/wp\/v2\/media?parent=3647"}],"wp:term":[{"taxonomy":"product_brand","embeddable":true,"href":"https:\/\/yotavis.ch\/fr\/wp-json\/wp\/v2\/product_brand?post=3647"},{"taxonomy":"product_cat","embeddable":true,"href":"https:\/\/yotavis.ch\/fr\/wp-json\/wp\/v2\/product_cat?post=3647"},{"taxonomy":"product_tag","embeddable":true,"href":"https:\/\/yotavis.ch\/fr\/wp-json\/wp\/v2\/product_tag?post=3647"}],"curies":[{"name":"wp","href":"https:\/\/api.w.org\/{rel}","templated":true}]}}