{"id":3648,"date":"2025-10-09T00:00:00","date_gmt":"2025-10-08T22:00:00","guid":{"rendered":"https:\/\/yotavis.ch\/product\/ant-da11\/"},"modified":"2026-04-24T13:28:14","modified_gmt":"2026-04-24T11:28:14","slug":"ant-da11","status":"publish","type":"product","link":"https:\/\/yotavis.ch\/fr\/produit\/ant-da11\/","title":{"rendered":"ANT-DA11"},"content":{"rendered":"<p>L'ANT-DA11 de Siglent comprend une poign\u00e9e amplificatrice et une antenne 10MHz \u00e0 200MHz. Elle pr\u00e9sente un gain d'antenne de 10dB en valeur typique, assurant une r\u00e9ception efficace du signal dans sa gamme de fr\u00e9quences. L'antenne a un rapport d'ondes stationnaires (ROS) inf\u00e9rieur \u00e0 1:1,9, valeur typique indiquant une adaptation d'imp\u00e9dance efficace. Elle est con\u00e7ue avec une imp\u00e9dance de 50\u03a9 et utilise un connecteur femelle de type N pour des connexions s\u00fbres et fiables. L'antenne prend en charge les directions de polarisation horizontale et verticale, ce qui permet une r\u00e9ception polyvalente du signal en fonction de l'orientation. Cette combinaison de caract\u00e9ristiques rend l'ANT-DA11 adapt\u00e9e aux applications n\u00e9cessitant une large gamme de fr\u00e9quences et des options de polarisation flexibles.<\/p>","protected":false},"excerpt":{"rendered":"<p>Contient une poign\u00e9e amplificatrice et une antenne 10MHz ~ 200MHz. Gain d'antenne 10dB (valeur typique) ; TOS &lt;1_1.9 (valeur typique) ; type 50\u03a9\/N, femelle ; direction de polarisation horizontale et verticale\n<\/p>","protected":false},"featured_media":5242,"comment_status":"closed","ping_status":"closed","template":"","meta":{"_acf_changed":false,"slim_seo":{"title":"ANT-DA11 - YOTAVIS AG","description":"Contient une poign\u00e9e amplificatrice et une antenne 10MHz ~ 200MHz. Gain d'antenne 10dB (valeur typique) ; TOS <1_1.9 (typical value); 50\u03a9\/N type, female; polarization direction"}},"product_brand":[506],"product_cat":[526,527],"product_tag":[],"class_list":{"0":"post-3648","1":"product","2":"type-product","3":"status-publish","4":"has-post-thumbnail","6":"product_brand-siglent","7":"product_cat-accessories","8":"product_cat-antenna-en","10":"first","11":"instock","12":"taxable","13":"shipping-taxable","14":"purchasable","15":"product-type-simple"},"acf":[],"_links":{"self":[{"href":"https:\/\/yotavis.ch\/fr\/wp-json\/wp\/v2\/product\/3648","targetHints":{"allow":["GET"]}}],"collection":[{"href":"https:\/\/yotavis.ch\/fr\/wp-json\/wp\/v2\/product"}],"about":[{"href":"https:\/\/yotavis.ch\/fr\/wp-json\/wp\/v2\/types\/product"}],"replies":[{"embeddable":true,"href":"https:\/\/yotavis.ch\/fr\/wp-json\/wp\/v2\/comments?post=3648"}],"wp:featuredmedia":[{"embeddable":true,"href":"https:\/\/yotavis.ch\/fr\/wp-json\/wp\/v2\/media\/5242"}],"wp:attachment":[{"href":"https:\/\/yotavis.ch\/fr\/wp-json\/wp\/v2\/media?parent=3648"}],"wp:term":[{"taxonomy":"product_brand","embeddable":true,"href":"https:\/\/yotavis.ch\/fr\/wp-json\/wp\/v2\/product_brand?post=3648"},{"taxonomy":"product_cat","embeddable":true,"href":"https:\/\/yotavis.ch\/fr\/wp-json\/wp\/v2\/product_cat?post=3648"},{"taxonomy":"product_tag","embeddable":true,"href":"https:\/\/yotavis.ch\/fr\/wp-json\/wp\/v2\/product_tag?post=3648"}],"curies":[{"name":"wp","href":"https:\/\/api.w.org\/{rel}","templated":true}]}}