{"id":3649,"date":"2025-10-09T00:00:00","date_gmt":"2025-10-08T22:00:00","guid":{"rendered":"https:\/\/yotavis.ch\/product\/ant-da12\/"},"modified":"2026-04-24T13:28:14","modified_gmt":"2026-04-24T11:28:14","slug":"ant-da12","status":"publish","type":"product","link":"https:\/\/yotavis.ch\/fr\/produit\/ant-da12\/","title":{"rendered":"ANT-DA12"},"content":{"rendered":"<p>L'ANT-DA12 de Siglent comprend une poign\u00e9e amplificatrice et une antenne fonctionnant dans la gamme de fr\u00e9quences 200MHz \u00e0 500MHz. Elle offre un gain d'antenne typique de 10dB et un rapport d'ondes stationnaires (SWR) inf\u00e9rieur \u00e0 1:1,9, assurant une transmission efficace du signal. L'antenne est con\u00e7ue avec une imp\u00e9dance de 50\u03a9 et utilise un connecteur femelle de type N. Elle prend en charge les directions de polarisation horizontale et verticale, ce qui permet des configurations polyvalentes de r\u00e9ception et de transmission des signaux.<\/p>","protected":false},"excerpt":{"rendered":"<p>Contient une poign\u00e9e amplificatrice et une antenne 200MHz ~ 500MHz. Gain d'antenne 10dB (valeur typique) ; TOS &lt;1_1.9 (valeur typique) ; type 50\u03a9\/N, femelle ; direction de polarisation horizontale et verticale\n<\/p>","protected":false},"featured_media":5238,"comment_status":"closed","ping_status":"closed","template":"","meta":{"_acf_changed":false,"slim_seo":{"title":"ANT-DA12 - YOTAVIS AG","description":"Contient une poign\u00e9e amplificatrice et une antenne 200MHz ~ 500MHz. Gain d'antenne 10dB (valeur typique) ; TOS <1_1.9 (typical value); 50\u03a9\/N type, female; polarization direction"}},"product_brand":[506],"product_cat":[526,527],"product_tag":[],"class_list":{"0":"post-3649","1":"product","2":"type-product","3":"status-publish","4":"has-post-thumbnail","6":"product_brand-siglent","7":"product_cat-accessories","8":"product_cat-antenna-en","10":"first","11":"instock","12":"taxable","13":"shipping-taxable","14":"purchasable","15":"product-type-simple"},"acf":[],"_links":{"self":[{"href":"https:\/\/yotavis.ch\/fr\/wp-json\/wp\/v2\/product\/3649","targetHints":{"allow":["GET"]}}],"collection":[{"href":"https:\/\/yotavis.ch\/fr\/wp-json\/wp\/v2\/product"}],"about":[{"href":"https:\/\/yotavis.ch\/fr\/wp-json\/wp\/v2\/types\/product"}],"replies":[{"embeddable":true,"href":"https:\/\/yotavis.ch\/fr\/wp-json\/wp\/v2\/comments?post=3649"}],"wp:featuredmedia":[{"embeddable":true,"href":"https:\/\/yotavis.ch\/fr\/wp-json\/wp\/v2\/media\/5238"}],"wp:attachment":[{"href":"https:\/\/yotavis.ch\/fr\/wp-json\/wp\/v2\/media?parent=3649"}],"wp:term":[{"taxonomy":"product_brand","embeddable":true,"href":"https:\/\/yotavis.ch\/fr\/wp-json\/wp\/v2\/product_brand?post=3649"},{"taxonomy":"product_cat","embeddable":true,"href":"https:\/\/yotavis.ch\/fr\/wp-json\/wp\/v2\/product_cat?post=3649"},{"taxonomy":"product_tag","embeddable":true,"href":"https:\/\/yotavis.ch\/fr\/wp-json\/wp\/v2\/product_tag?post=3649"}],"curies":[{"name":"wp","href":"https:\/\/api.w.org\/{rel}","templated":true}]}}