{"id":3650,"date":"2025-10-09T00:00:00","date_gmt":"2025-10-08T22:00:00","guid":{"rendered":"https:\/\/yotavis.ch\/product\/ant-da13\/"},"modified":"2026-04-24T13:28:14","modified_gmt":"2026-04-24T11:28:14","slug":"ant-da13","status":"publish","type":"product","link":"https:\/\/yotavis.ch\/fr\/produit\/ant-da13\/","title":{"rendered":"ANT-DA13"},"content":{"rendered":"<p>L'ANT-DA13 de Siglent comprend une poign\u00e9e amplificatrice et une antenne qui fonctionne dans la gamme de fr\u00e9quences de 500MHz \u00e0 8GHz. Elle pr\u00e9sente un gain d'antenne typique de 10dB et un rapport d'ondes stationnaires (SWR) inf\u00e9rieur \u00e0 1:1,9, ce qui indique une transmission efficace du signal. L'antenne est con\u00e7ue avec une imp\u00e9dance de 50\u03a9 et utilise un connecteur femelle de type N. Elle prend en charge les directions de polarisation horizontale et verticale, ce qui permet des configurations de r\u00e9ception et de transmission de signaux polyvalentes. Cette antenne convient aux applications n\u00e9cessitant une large gamme de fr\u00e9quences et des performances de gain fiables. La conception garantit la compatibilit\u00e9 avec divers syst\u00e8mes RF qui utilisent des connecteurs de type N. L'inclusion d'une poign\u00e9e amplificatrice facilite l'utilisation et am\u00e9liore la force du signal pendant le fonctionnement.<\/p>","protected":false},"excerpt":{"rendered":"<p>Contient une poign\u00e9e amplificatrice et une antenne 500MHz ~ 8GHz. Gain d'antenne 10dB (valeur typique) ; TOS &lt;1_1.9 (valeur typique) ; type 50\u03a9\/N, femelle ; direction de polarisation horizontale et verticale\n<\/p>","protected":false},"featured_media":5244,"comment_status":"closed","ping_status":"closed","template":"","meta":{"_acf_changed":false,"slim_seo":{"title":"ANT-DA13 - YOTAVIS AG","description":"Contient une poign\u00e9e amplificatrice et une antenne 500MHz ~ 8GHz. Gain d'antenne 10dB (valeur typique) ; TOS <1_1.9 (typical value); 50\u03a9\/N type, female; polarization direction h"}},"product_brand":[506],"product_cat":[526,527],"product_tag":[],"class_list":{"0":"post-3650","1":"product","2":"type-product","3":"status-publish","4":"has-post-thumbnail","6":"product_brand-siglent","7":"product_cat-accessories","8":"product_cat-antenna-en","10":"first","11":"instock","12":"taxable","13":"shipping-taxable","14":"purchasable","15":"product-type-simple"},"acf":[],"_links":{"self":[{"href":"https:\/\/yotavis.ch\/fr\/wp-json\/wp\/v2\/product\/3650","targetHints":{"allow":["GET"]}}],"collection":[{"href":"https:\/\/yotavis.ch\/fr\/wp-json\/wp\/v2\/product"}],"about":[{"href":"https:\/\/yotavis.ch\/fr\/wp-json\/wp\/v2\/types\/product"}],"replies":[{"embeddable":true,"href":"https:\/\/yotavis.ch\/fr\/wp-json\/wp\/v2\/comments?post=3650"}],"wp:featuredmedia":[{"embeddable":true,"href":"https:\/\/yotavis.ch\/fr\/wp-json\/wp\/v2\/media\/5244"}],"wp:attachment":[{"href":"https:\/\/yotavis.ch\/fr\/wp-json\/wp\/v2\/media?parent=3650"}],"wp:term":[{"taxonomy":"product_brand","embeddable":true,"href":"https:\/\/yotavis.ch\/fr\/wp-json\/wp\/v2\/product_brand?post=3650"},{"taxonomy":"product_cat","embeddable":true,"href":"https:\/\/yotavis.ch\/fr\/wp-json\/wp\/v2\/product_cat?post=3650"},{"taxonomy":"product_tag","embeddable":true,"href":"https:\/\/yotavis.ch\/fr\/wp-json\/wp\/v2\/product_tag?post=3650"}],"curies":[{"name":"wp","href":"https:\/\/api.w.org\/{rel}","templated":true}]}}