{"id":3651,"date":"2025-10-09T00:00:00","date_gmt":"2025-10-08T22:00:00","guid":{"rendered":"https:\/\/yotavis.ch\/product\/f503me\/"},"modified":"2026-04-24T13:28:17","modified_gmt":"2026-04-24T11:28:17","slug":"f503me","status":"publish","type":"product","link":"https:\/\/yotavis.ch\/fr\/produit\/f503me\/","title":{"rendered":"F503ME"},"content":{"rendered":"<p>Le kit d'\u00e9talonnage m\u00e9canique Siglent F503ME est con\u00e7u pour l'\u00e9talonnage OSLT et fonctionne dans une gamme de fr\u00e9quences allant du DC \u00e0 4,5 GHz. Il est \u00e9quip\u00e9 d'un connecteur N-M\u00e2le, assurant la compatibilit\u00e9 avec une grande vari\u00e9t\u00e9 d'\u00e9quipements de test. Ce kit d'\u00e9talonnage est destin\u00e9 \u00e0 fournir un \u00e9talonnage m\u00e9canique pr\u00e9cis pour les dispositifs n\u00e9cessitant des mesures de fr\u00e9quence et de signal pr\u00e9cises. Le kit prend en charge les t\u00e2ches d'\u00e9talonnage qui impliquent des normes d'ouverture, de court-circuit, de charge et de passage, qui sont essentielles pour l'\u00e9talonnage des analyseurs de r\u00e9seaux vectoriels. Sa gamme de fr\u00e9quences allant jusqu'\u00e0 4,5 GHz lui permet de s'adapter \u00e0 un large \u00e9ventail d'applications RF. Le type de connecteur N-M\u00e2le est couramment utilis\u00e9 dans les environnements de test RF, fournissant des connexions fiables et coh\u00e9rentes. Ce produit fait partie de la gamme d'outils d'\u00e9talonnage de Siglent, connus pour leurs applications dans les installations de test et de mesure professionnelles.<\/p>","protected":false},"excerpt":{"rendered":"<p>Mechanical Calibration Kit: OSLT, DC &#8211; 4.5 GHz, N-Male connector<\/p>","protected":false},"featured_media":5246,"comment_status":"closed","ping_status":"closed","template":"","meta":{"_acf_changed":false,"slim_seo":{"title":"F503ME - YOTAVIS AG","description":"Kit d'\u00e9talonnage m\u00e9canique : OSLT, DC - 4,5 GHz, connecteur N-M\u00e2le"}},"product_brand":[506],"product_cat":[526,528],"product_tag":[],"class_list":{"0":"post-3651","1":"product","2":"type-product","3":"status-publish","4":"has-post-thumbnail","6":"product_brand-siglent","7":"product_cat-accessories","8":"product_cat-calibration-kits","9":"pa_connector-type-n","11":"first","12":"instock","13":"taxable","14":"shipping-taxable","15":"purchasable","16":"product-type-simple"},"acf":[],"_links":{"self":[{"href":"https:\/\/yotavis.ch\/fr\/wp-json\/wp\/v2\/product\/3651","targetHints":{"allow":["GET"]}}],"collection":[{"href":"https:\/\/yotavis.ch\/fr\/wp-json\/wp\/v2\/product"}],"about":[{"href":"https:\/\/yotavis.ch\/fr\/wp-json\/wp\/v2\/types\/product"}],"replies":[{"embeddable":true,"href":"https:\/\/yotavis.ch\/fr\/wp-json\/wp\/v2\/comments?post=3651"}],"wp:featuredmedia":[{"embeddable":true,"href":"https:\/\/yotavis.ch\/fr\/wp-json\/wp\/v2\/media\/5246"}],"wp:attachment":[{"href":"https:\/\/yotavis.ch\/fr\/wp-json\/wp\/v2\/media?parent=3651"}],"wp:term":[{"taxonomy":"product_brand","embeddable":true,"href":"https:\/\/yotavis.ch\/fr\/wp-json\/wp\/v2\/product_brand?post=3651"},{"taxonomy":"product_cat","embeddable":true,"href":"https:\/\/yotavis.ch\/fr\/wp-json\/wp\/v2\/product_cat?post=3651"},{"taxonomy":"product_tag","embeddable":true,"href":"https:\/\/yotavis.ch\/fr\/wp-json\/wp\/v2\/product_tag?post=3651"}],"curies":[{"name":"wp","href":"https:\/\/api.w.org\/{rel}","templated":true}]}}