{"id":3655,"date":"2025-10-09T00:00:00","date_gmt":"2025-10-08T22:00:00","guid":{"rendered":"https:\/\/yotavis.ch\/product\/f504ms\/"},"modified":"2026-04-24T13:28:20","modified_gmt":"2026-04-24T11:28:20","slug":"f504ms","status":"publish","type":"product","link":"https:\/\/yotavis.ch\/fr\/produit\/f504ms\/","title":{"rendered":"F504MS"},"content":{"rendered":"<p>Le F504MS est un kit d'\u00e9talonnage m\u00e9canique con\u00e7u pour l'\u00e9talonnage OSLT couvrant les fr\u00e9quences DC \u00e0 9 GHz. Il est dot\u00e9 d'un connecteur N-M\u00e2le, ce qui garantit sa compatibilit\u00e9 avec diverses configurations de test. Fabriqu\u00e9 par Siglent, ce kit est destin\u00e9 \u00e0 des t\u00e2ches d'\u00e9talonnage pr\u00e9cises dans la gamme de fr\u00e9quences sp\u00e9cifi\u00e9e. La conception m\u00e9canique permet des connexions fiables et r\u00e9p\u00e9tables, ce qui est essentiel pour obtenir des r\u00e9sultats d'\u00e9talonnage pr\u00e9cis. Ce kit d'\u00e9talonnage peut \u00eatre utilis\u00e9 dans des environnements o\u00f9 il est n\u00e9cessaire de maintenir l'int\u00e9grit\u00e9 du signal sur un large spectre de fr\u00e9quences. Sa construction et son type de connecteur en font un choix pratique pour les professionnels travaillant avec des mesures \u00e0 haute fr\u00e9quence. Le F504MS fournit une solution standardis\u00e9e pour les besoins d'\u00e9talonnage jusqu'\u00e0 9 GHz.<\/p>","protected":false},"excerpt":{"rendered":"<p>Mechanical Calibration Kit: OSLT, DC &#8211; 9 GHz, N-Male connector<\/p>","protected":false},"featured_media":5256,"comment_status":"closed","ping_status":"closed","template":"","meta":{"_acf_changed":false,"slim_seo":{"title":"F504MS - YOTAVIS AG","description":"Kit d'\u00e9talonnage m\u00e9canique : OSLT, DC - 9 GHz, connecteur N-M\u00e2le"}},"product_brand":[506],"product_cat":[526,528],"product_tag":[],"class_list":{"0":"post-3655","1":"product","2":"type-product","3":"status-publish","4":"has-post-thumbnail","6":"product_brand-siglent","7":"product_cat-accessories","8":"product_cat-calibration-kits","9":"pa_connector-type-n","11":"first","12":"instock","13":"taxable","14":"shipping-taxable","15":"purchasable","16":"product-type-simple"},"acf":[],"_links":{"self":[{"href":"https:\/\/yotavis.ch\/fr\/wp-json\/wp\/v2\/product\/3655","targetHints":{"allow":["GET"]}}],"collection":[{"href":"https:\/\/yotavis.ch\/fr\/wp-json\/wp\/v2\/product"}],"about":[{"href":"https:\/\/yotavis.ch\/fr\/wp-json\/wp\/v2\/types\/product"}],"replies":[{"embeddable":true,"href":"https:\/\/yotavis.ch\/fr\/wp-json\/wp\/v2\/comments?post=3655"}],"wp:featuredmedia":[{"embeddable":true,"href":"https:\/\/yotavis.ch\/fr\/wp-json\/wp\/v2\/media\/5256"}],"wp:attachment":[{"href":"https:\/\/yotavis.ch\/fr\/wp-json\/wp\/v2\/media?parent=3655"}],"wp:term":[{"taxonomy":"product_brand","embeddable":true,"href":"https:\/\/yotavis.ch\/fr\/wp-json\/wp\/v2\/product_brand?post=3655"},{"taxonomy":"product_cat","embeddable":true,"href":"https:\/\/yotavis.ch\/fr\/wp-json\/wp\/v2\/product_cat?post=3655"},{"taxonomy":"product_tag","embeddable":true,"href":"https:\/\/yotavis.ch\/fr\/wp-json\/wp\/v2\/product_tag?post=3655"}],"curies":[{"name":"wp","href":"https:\/\/api.w.org\/{rel}","templated":true}]}}