{"id":3656,"date":"2025-10-09T00:00:00","date_gmt":"2025-10-08T22:00:00","guid":{"rendered":"https:\/\/yotavis.ch\/product\/f504fs\/"},"modified":"2026-04-24T13:28:21","modified_gmt":"2026-04-24T11:28:21","slug":"f504fs","status":"publish","type":"product","link":"https:\/\/yotavis.ch\/fr\/produit\/f504fs\/","title":{"rendered":"F504FS"},"content":{"rendered":"<p>Le kit d'\u00e9talonnage m\u00e9canique Siglent F504FS est con\u00e7u pour l'\u00e9talonnage OSLT couvrant la gamme de fr\u00e9quences DC \u00e0 9 GHz. Il est dot\u00e9 d'un connecteur N-Femelle, ce qui garantit sa compatibilit\u00e9 avec les diff\u00e9rentes configurations de test. Ce kit d'\u00e9talonnage est destin\u00e9 \u00e0 fournir un \u00e9talonnage m\u00e9canique pr\u00e9cis pour les instruments de mesure dans la gamme de fr\u00e9quences sp\u00e9cifi\u00e9e. L'inclusion de la capacit\u00e9 d'\u00e9talonnage OSLT indique son utilisation dans les proc\u00e9dures d'\u00e9talonnage en circuit ouvert, en circuit court, en charge et \u00e0 travers. Le produit est con\u00e7u pour soutenir des processus d'\u00e9talonnage pr\u00e9cis et fiables, essentiels pour maintenir l'int\u00e9grit\u00e9 des mesures dans les environnements de test RF. Sa conception et son type de connecteur permettent de l'int\u00e9grer \u00e0 des \u00e9quipements n\u00e9cessitant des connexions N-Femelle. La couverture de fr\u00e9quence jusqu'\u00e0 9 GHz lui permet d'\u00eatre utilis\u00e9 dans une large gamme d'applications impliquant des mesures de signaux \u00e0 haute fr\u00e9quence.<\/p>","protected":false},"excerpt":{"rendered":"<p>Mechanical Calibration Kit: OSLT, DC &#8211; 9 GHz, N-Female connector<\/p>","protected":false},"featured_media":5257,"comment_status":"closed","ping_status":"closed","template":"","meta":{"_acf_changed":false,"slim_seo":{"title":"F504FS - YOTAVIS AG","description":"Kit d'\u00e9talonnage m\u00e9canique : OSLT, DC - 9 GHz, connecteur N-Femelle"}},"product_brand":[506],"product_cat":[526,528],"product_tag":[],"class_list":{"0":"post-3656","1":"product","2":"type-product","3":"status-publish","4":"has-post-thumbnail","6":"product_brand-siglent","7":"product_cat-accessories","8":"product_cat-calibration-kits","9":"pa_connector-type-n","11":"first","12":"instock","13":"taxable","14":"shipping-taxable","15":"purchasable","16":"product-type-simple"},"acf":[],"_links":{"self":[{"href":"https:\/\/yotavis.ch\/fr\/wp-json\/wp\/v2\/product\/3656","targetHints":{"allow":["GET"]}}],"collection":[{"href":"https:\/\/yotavis.ch\/fr\/wp-json\/wp\/v2\/product"}],"about":[{"href":"https:\/\/yotavis.ch\/fr\/wp-json\/wp\/v2\/types\/product"}],"replies":[{"embeddable":true,"href":"https:\/\/yotavis.ch\/fr\/wp-json\/wp\/v2\/comments?post=3656"}],"wp:featuredmedia":[{"embeddable":true,"href":"https:\/\/yotavis.ch\/fr\/wp-json\/wp\/v2\/media\/5257"}],"wp:attachment":[{"href":"https:\/\/yotavis.ch\/fr\/wp-json\/wp\/v2\/media?parent=3656"}],"wp:term":[{"taxonomy":"product_brand","embeddable":true,"href":"https:\/\/yotavis.ch\/fr\/wp-json\/wp\/v2\/product_brand?post=3656"},{"taxonomy":"product_cat","embeddable":true,"href":"https:\/\/yotavis.ch\/fr\/wp-json\/wp\/v2\/product_cat?post=3656"},{"taxonomy":"product_tag","embeddable":true,"href":"https:\/\/yotavis.ch\/fr\/wp-json\/wp\/v2\/product_tag?post=3656"}],"curies":[{"name":"wp","href":"https:\/\/api.w.org\/{rel}","templated":true}]}}