{"id":3658,"date":"2025-10-09T00:00:00","date_gmt":"2025-10-08T22:00:00","guid":{"rendered":"https:\/\/yotavis.ch\/product\/f604fs\/"},"modified":"2026-04-24T13:28:22","modified_gmt":"2026-04-24T11:28:22","slug":"f604fs","status":"publish","type":"product","link":"https:\/\/yotavis.ch\/fr\/produit\/f604fs\/","title":{"rendered":"F604FS"},"content":{"rendered":"<p>Le kit d'\u00e9talonnage m\u00e9canique Siglent F604FS est con\u00e7u pour l'\u00e9talonnage OSLT du DC \u00e0 9 GHz. Il est \u00e9quip\u00e9 d'un connecteur SMA-Femelle de 3,5 mm, assurant la compatibilit\u00e9 avec une gamme d'\u00e9quipements de test. Ce kit d'\u00e9talonnage est destin\u00e9 \u00e0 fournir un \u00e9talonnage m\u00e9canique pr\u00e9cis pour les dispositifs fonctionnant dans la gamme de fr\u00e9quences sp\u00e9cifi\u00e9e. Le kit prend en charge les mesures et les ajustements n\u00e9cessaires pour maintenir la pr\u00e9cision dans les applications \u00e0 haute fr\u00e9quence. Sa construction et son type de connecteur permettent de l'int\u00e9grer dans divers dispositifs de test n\u00e9cessitant des normes d'\u00e9talonnage fiables. La couverture de fr\u00e9quence de DC \u00e0 9 GHz lui permet d'\u00eatre utilis\u00e9 dans divers sc\u00e9narios impliquant des tests de radiofr\u00e9quence et de micro-ondes. Le kit d'\u00e9talonnage m\u00e9canique est un composant qui aide \u00e0 la v\u00e9rification et \u00e0 l'\u00e9talonnage des instruments de mesure afin de garantir des performances constantes dans le temps.<\/p>","protected":false},"excerpt":{"rendered":"<p>Mechanical Calibration Kit: OSLT, DC &#8211; 9 GHz, 3.5mm SMA-Female connector<\/p>","protected":false},"featured_media":5260,"comment_status":"closed","ping_status":"closed","template":"","meta":{"_acf_changed":false,"slim_seo":{"title":"F604FS - YOTAVIS AG","description":"Kit d'\u00e9talonnage m\u00e9canique : OSLT, DC - 9 GHz, connecteur SMA-femelle 3,5 mm"}},"product_brand":[506],"product_cat":[526,528],"product_tag":[],"class_list":{"0":"post-3658","1":"product","2":"type-product","3":"status-publish","4":"has-post-thumbnail","6":"product_brand-siglent","7":"product_cat-accessories","8":"product_cat-calibration-kits","9":"pa_connector-35mm","11":"first","12":"instock","13":"taxable","14":"shipping-taxable","15":"purchasable","16":"product-type-simple"},"acf":[],"_links":{"self":[{"href":"https:\/\/yotavis.ch\/fr\/wp-json\/wp\/v2\/product\/3658","targetHints":{"allow":["GET"]}}],"collection":[{"href":"https:\/\/yotavis.ch\/fr\/wp-json\/wp\/v2\/product"}],"about":[{"href":"https:\/\/yotavis.ch\/fr\/wp-json\/wp\/v2\/types\/product"}],"replies":[{"embeddable":true,"href":"https:\/\/yotavis.ch\/fr\/wp-json\/wp\/v2\/comments?post=3658"}],"wp:featuredmedia":[{"embeddable":true,"href":"https:\/\/yotavis.ch\/fr\/wp-json\/wp\/v2\/media\/5260"}],"wp:attachment":[{"href":"https:\/\/yotavis.ch\/fr\/wp-json\/wp\/v2\/media?parent=3658"}],"wp:term":[{"taxonomy":"product_brand","embeddable":true,"href":"https:\/\/yotavis.ch\/fr\/wp-json\/wp\/v2\/product_brand?post=3658"},{"taxonomy":"product_cat","embeddable":true,"href":"https:\/\/yotavis.ch\/fr\/wp-json\/wp\/v2\/product_cat?post=3658"},{"taxonomy":"product_tag","embeddable":true,"href":"https:\/\/yotavis.ch\/fr\/wp-json\/wp\/v2\/product_tag?post=3658"}],"curies":[{"name":"wp","href":"https:\/\/api.w.org\/{rel}","templated":true}]}}