{"id":3659,"date":"2025-10-09T00:00:00","date_gmt":"2025-10-08T22:00:00","guid":{"rendered":"https:\/\/yotavis.ch\/product\/f604ts\/"},"modified":"2026-04-24T13:28:22","modified_gmt":"2026-04-24T11:28:22","slug":"f604ts","status":"publish","type":"product","link":"https:\/\/yotavis.ch\/fr\/produit\/f604ts\/","title":{"rendered":"F604TS"},"content":{"rendered":"<p>Le kit d'\u00e9talonnage m\u00e9canique Siglent F604TS est con\u00e7u pour l'\u00e9talonnage OSLT couvrant la gamme de fr\u00e9quences DC \u00e0 9 GHz. Il comporte des connecteurs m\u00e2les et femelles de 3,5 mm, garantissant la compatibilit\u00e9 avec une grande vari\u00e9t\u00e9 de configurations de test. Ce kit d'\u00e9talonnage est destin\u00e9 \u00e0 fournir un \u00e9talonnage m\u00e9canique pr\u00e9cis pour les dispositifs fonctionnant dans la gamme de fr\u00e9quences sp\u00e9cifi\u00e9e. L'inclusion de connecteurs m\u00e2les et femelles permet des options de connexion polyvalentes pendant les proc\u00e9dures d'\u00e9talonnage. Le kit prend en charge un large spectre de fr\u00e9quences allant du courant continu jusqu'\u00e0 9 GHz, ce qui le rend adapt\u00e9 aux applications \u00e0 haute fr\u00e9quence. Sa conception m\u00e9canique facilite l'obtention de r\u00e9sultats d'\u00e9talonnage fiables et reproductibles. Le F604TS est un outil sp\u00e9cialis\u00e9 destin\u00e9 \u00e0 maintenir la pr\u00e9cision des mesures RF et des environnements de test.<\/p>","protected":false},"excerpt":{"rendered":"<p>Mechanical Calibration Kit: OSLT, DC &#8211; 9 GHz, 3.5 mm-Male and Female connector<\/p>","protected":false},"featured_media":5264,"comment_status":"closed","ping_status":"closed","template":"","meta":{"_acf_changed":false,"slim_seo":{"title":"F604TS - YOTAVIS AG","description":"Kit d'\u00e9talonnage m\u00e9canique : OSLT, DC - 9 GHz, connecteur m\u00e2le et femelle 3,5 mm"}},"product_brand":[506],"product_cat":[526,528],"product_tag":[],"class_list":{"0":"post-3659","1":"product","2":"type-product","3":"status-publish","4":"has-post-thumbnail","6":"product_brand-siglent","7":"product_cat-accessories","8":"product_cat-calibration-kits","9":"pa_connector-35mm","11":"first","12":"instock","13":"taxable","14":"shipping-taxable","15":"purchasable","16":"product-type-simple"},"acf":[],"_links":{"self":[{"href":"https:\/\/yotavis.ch\/fr\/wp-json\/wp\/v2\/product\/3659","targetHints":{"allow":["GET"]}}],"collection":[{"href":"https:\/\/yotavis.ch\/fr\/wp-json\/wp\/v2\/product"}],"about":[{"href":"https:\/\/yotavis.ch\/fr\/wp-json\/wp\/v2\/types\/product"}],"replies":[{"embeddable":true,"href":"https:\/\/yotavis.ch\/fr\/wp-json\/wp\/v2\/comments?post=3659"}],"wp:featuredmedia":[{"embeddable":true,"href":"https:\/\/yotavis.ch\/fr\/wp-json\/wp\/v2\/media\/5264"}],"wp:attachment":[{"href":"https:\/\/yotavis.ch\/fr\/wp-json\/wp\/v2\/media?parent=3659"}],"wp:term":[{"taxonomy":"product_brand","embeddable":true,"href":"https:\/\/yotavis.ch\/fr\/wp-json\/wp\/v2\/product_brand?post=3659"},{"taxonomy":"product_cat","embeddable":true,"href":"https:\/\/yotavis.ch\/fr\/wp-json\/wp\/v2\/product_cat?post=3659"},{"taxonomy":"product_tag","embeddable":true,"href":"https:\/\/yotavis.ch\/fr\/wp-json\/wp\/v2\/product_tag?post=3659"}],"curies":[{"name":"wp","href":"https:\/\/api.w.org\/{rel}","templated":true}]}}