{"id":3660,"date":"2025-10-09T00:00:00","date_gmt":"2025-10-08T22:00:00","guid":{"rendered":"https:\/\/yotavis.ch\/product\/ukitssa3x\/"},"modified":"2026-04-24T13:28:23","modified_gmt":"2026-04-24T11:28:23","slug":"ukitssa3x","status":"publish","type":"product","link":"https:\/\/yotavis.ch\/fr\/produit\/ukitssa3x\/","title":{"rendered":"UKitSSA3X"},"content":{"rendered":"<p>Le UKitSSA3X de Siglent est un kit utilitaire qui comprend une vari\u00e9t\u00e9 de c\u00e2bles et d'adaptateurs con\u00e7us pour la connectivit\u00e9 et l'att\u00e9nuation du signal. Il comprend un c\u00e2ble N (M) vers SMA (M) et un c\u00e2ble N (M) vers N (M), offrant des options polyvalentes pour diff\u00e9rents besoins de connexion. Le kit contient \u00e9galement deux adaptateurs N (M) vers BNC (F) et deux adaptateurs N (M) vers SMA (F), permettant une interface flexible entre diff\u00e9rents types de connecteurs. En outre, un att\u00e9nuateur de 10 dB est inclus, qui peut \u00eatre utilis\u00e9 pour r\u00e9duire la force du signal d'une quantit\u00e9 sp\u00e9cifique. Les connecteurs inclus dans le kit sont de type N, SMA et BNC, couvrant ainsi une gamme de normes de connecteurs RF courants. Gr\u00e2ce \u00e0 cet assortiment de composants, le UKitSSA3X convient \u00e0 diverses applications n\u00e9cessitant des connexions RF et une gestion des signaux fiables.<\/p>","protected":false},"excerpt":{"rendered":"<p>Kit utilitaire : c\u00e2ble N (M) -SMA (M), c\u00e2ble N (M) -N (M), adaptateur N (M) -BNC (F) (2 pi\u00e8ces), adaptateur N (M) -SMA (F) (2 pi\u00e8ces), att\u00e9nuateur 10 dB<\/p>","protected":false},"featured_media":5265,"comment_status":"closed","ping_status":"closed","template":"","meta":{"_acf_changed":false,"slim_seo":{"title":"UKitSSA3X - YOTAVIS AG","description":"Kit utilitaire : c\u00e2ble N (M) -SMA (M), c\u00e2ble N (M) -N (M), adaptateur N (M) -BNC (F) (2 pi\u00e8ces), adaptateur N (M) -SMA (F) (2 pi\u00e8ces), att\u00e9nuateur 10 dB"}},"product_brand":[506],"product_cat":[526,529],"product_tag":[],"class_list":{"0":"post-3660","1":"product","2":"type-product","3":"status-publish","4":"has-post-thumbnail","6":"product_brand-siglent","7":"product_cat-accessories","8":"product_cat-adaptors","9":"pa_connector-type-n-sma-bnc","11":"first","12":"instock","13":"taxable","14":"shipping-taxable","15":"purchasable","16":"product-type-simple"},"acf":[],"_links":{"self":[{"href":"https:\/\/yotavis.ch\/fr\/wp-json\/wp\/v2\/product\/3660","targetHints":{"allow":["GET"]}}],"collection":[{"href":"https:\/\/yotavis.ch\/fr\/wp-json\/wp\/v2\/product"}],"about":[{"href":"https:\/\/yotavis.ch\/fr\/wp-json\/wp\/v2\/types\/product"}],"replies":[{"embeddable":true,"href":"https:\/\/yotavis.ch\/fr\/wp-json\/wp\/v2\/comments?post=3660"}],"wp:featuredmedia":[{"embeddable":true,"href":"https:\/\/yotavis.ch\/fr\/wp-json\/wp\/v2\/media\/5265"}],"wp:attachment":[{"href":"https:\/\/yotavis.ch\/fr\/wp-json\/wp\/v2\/media?parent=3660"}],"wp:term":[{"taxonomy":"product_brand","embeddable":true,"href":"https:\/\/yotavis.ch\/fr\/wp-json\/wp\/v2\/product_brand?post=3660"},{"taxonomy":"product_cat","embeddable":true,"href":"https:\/\/yotavis.ch\/fr\/wp-json\/wp\/v2\/product_cat?post=3660"},{"taxonomy":"product_tag","embeddable":true,"href":"https:\/\/yotavis.ch\/fr\/wp-json\/wp\/v2\/product_tag?post=3660"}],"curies":[{"name":"wp","href":"https:\/\/api.w.org\/{rel}","templated":true}]}}