{"id":3661,"date":"2025-10-09T00:00:00","date_gmt":"2025-10-08T22:00:00","guid":{"rendered":"https:\/\/yotavis.ch\/product\/n-sma-6l\/"},"modified":"2026-04-24T13:28:23","modified_gmt":"2026-04-24T11:28:23","slug":"n-sma-6l","status":"publish","type":"product","link":"https:\/\/yotavis.ch\/fr\/produit\/n-sma-6l\/","title":{"rendered":"N-SMA-6L"},"content":{"rendered":"<p>Le N-SMA-6L est un c\u00e2ble N-SMA con\u00e7u pour supporter une bande passante allant jusqu'\u00e0 6 GHz. Fabriqu\u00e9 par Siglent, ce c\u00e2ble est \u00e9quip\u00e9 de connecteurs de type N et SMA, garantissant la compatibilit\u00e9 avec les appareils n\u00e9cessitant ces types de connexion sp\u00e9cifiques. Ce c\u00e2ble convient aux applications qui exigent une transmission de signaux \u00e0 haute fr\u00e9quence dans la gamme des 6 GHz. Sa construction et sa conception sont con\u00e7ues pour maintenir l'int\u00e9grit\u00e9 du signal sur cette bande passante, ce qui en fait un composant fiable pour diverses configurations \u00e9lectroniques et de communication. Le c\u00e2ble N-SMA-6L fait partie de la gamme de produits Siglent, r\u00e9put\u00e9e pour la pr\u00e9cision et la qualit\u00e9 de ses \u00e9quipements de mesure et de test \u00e9lectroniques. Ce c\u00e2ble peut \u00eatre utilis\u00e9 dans des environnements o\u00f9 des connexions haute fr\u00e9quence stables et coh\u00e9rentes sont n\u00e9cessaires. Ses sp\u00e9cifications se concentrent sur les param\u00e8tres essentiels que sont la bande passante et le type de connecteur, fournissant ainsi des informations claires aux utilisateurs \u00e0 la recherche de c\u00e2bles pour des applications haute fr\u00e9quence.<\/p>","protected":false},"excerpt":{"rendered":"<p>C\u00e2ble N-SMA, largeur de bande 6GHz<\/p>","protected":false},"featured_media":5266,"comment_status":"closed","ping_status":"closed","template":"","meta":{"_acf_changed":false,"slim_seo":{"title":"N-SMA-6L - YOTAVIS AG","description":"C\u00e2ble N-SMA, largeur de bande 6GHz"}},"product_brand":[506],"product_cat":[526,530],"product_tag":[],"class_list":{"0":"post-3661","1":"product","2":"type-product","3":"status-publish","4":"has-post-thumbnail","6":"product_brand-siglent","7":"product_cat-accessories","8":"product_cat-cable","9":"pa_connector-type-n-sma","11":"first","12":"instock","13":"taxable","14":"shipping-taxable","15":"purchasable","16":"product-type-simple"},"acf":[],"_links":{"self":[{"href":"https:\/\/yotavis.ch\/fr\/wp-json\/wp\/v2\/product\/3661","targetHints":{"allow":["GET"]}}],"collection":[{"href":"https:\/\/yotavis.ch\/fr\/wp-json\/wp\/v2\/product"}],"about":[{"href":"https:\/\/yotavis.ch\/fr\/wp-json\/wp\/v2\/types\/product"}],"replies":[{"embeddable":true,"href":"https:\/\/yotavis.ch\/fr\/wp-json\/wp\/v2\/comments?post=3661"}],"wp:featuredmedia":[{"embeddable":true,"href":"https:\/\/yotavis.ch\/fr\/wp-json\/wp\/v2\/media\/5266"}],"wp:attachment":[{"href":"https:\/\/yotavis.ch\/fr\/wp-json\/wp\/v2\/media?parent=3661"}],"wp:term":[{"taxonomy":"product_brand","embeddable":true,"href":"https:\/\/yotavis.ch\/fr\/wp-json\/wp\/v2\/product_brand?post=3661"},{"taxonomy":"product_cat","embeddable":true,"href":"https:\/\/yotavis.ch\/fr\/wp-json\/wp\/v2\/product_cat?post=3661"},{"taxonomy":"product_tag","embeddable":true,"href":"https:\/\/yotavis.ch\/fr\/wp-json\/wp\/v2\/product_tag?post=3661"}],"curies":[{"name":"wp","href":"https:\/\/api.w.org\/{rel}","templated":true}]}}